{"id":31,"date":"2023-05-11T16:27:02","date_gmt":"2023-05-11T19:27:02","guid":{"rendered":"https:\/\/educacao.ufpr.br\/50anos\/?page_id=31"},"modified":"2023-09-05T10:35:39","modified_gmt":"2023-09-05T13:35:39","slug":"calendario-comemorativo","status":"publish","type":"page","link":"https:\/\/educacao.ufpr.br\/50anos\/calendario-comemorativo\/","title":{"rendered":"Calend\u00e1rio Comemorativo"},"content":{"rendered":"\n<h2 class=\"has-text-align-center wp-block-heading\">CALEND\u00c1RIO COMEMORATIVO<br>50 ANOS DO SETOR DE EDUCA\u00c7\u00c3O<\/h2>\n\n\n<div class=\"wp-block-image\">\n<figure class=\"aligncenter size-full\"><img fetchpriority=\"high\" decoding=\"async\" width=\"792\" height=\"812\" src=\"https:\/\/educacao.ufpr.br\/50anos\/wp-content\/uploads\/sites\/18\/2023\/08\/captura-de-tela-2023-08-01-120731-nova-1.png\" alt=\"\" class=\"wp-image-76\" srcset=\"https:\/\/educacao.ufpr.br\/50anos\/wp-content\/uploads\/sites\/18\/2023\/08\/captura-de-tela-2023-08-01-120731-nova-1.png 792w, https:\/\/educacao.ufpr.br\/50anos\/wp-content\/uploads\/sites\/18\/2023\/08\/captura-de-tela-2023-08-01-120731-nova-1-293x300.png 293w, https:\/\/educacao.ufpr.br\/50anos\/wp-content\/uploads\/sites\/18\/2023\/08\/captura-de-tela-2023-08-01-120731-nova-1-768x787.png 768w, https:\/\/educacao.ufpr.br\/50anos\/wp-content\/uploads\/sites\/18\/2023\/08\/captura-de-tela-2023-08-01-120731-nova-1-98x100.png 98w, https:\/\/educacao.ufpr.br\/50anos\/wp-content\/uploads\/sites\/18\/2023\/08\/captura-de-tela-2023-08-01-120731-nova-1-56x57.png 56w\" sizes=\"(max-width: 792px) 100vw, 792px\" \/><\/figure><\/div>\n\n\n<p><strong>OBSERVA\u00c7\u00c3O:<\/strong> <em>Calend\u00e1rio sujeito \u00e0 altera\u00e7\u00f5es, pois outras atividades propostas pela comunidade universit\u00e1ria poder\u00e3o ser inclu\u00eddas ao longo do ano.<\/em><\/p>\n\n\n\n<h4 class=\"wp-block-heading\">PROGRAMA\u00c7\u00c3O DO CINQUENTEN\u00c1RIO DO SETOR DE EDUCA\u00c7\u00c3O &#8211; 12 de Setembro<\/h4>\n\n\n\n<figure class=\"wp-block-image size-large\"><img decoding=\"async\" width=\"1024\" height=\"566\" src=\"https:\/\/educacao.ufpr.br\/50anos\/wp-content\/uploads\/sites\/18\/2023\/09\/captura-de-tela-2023-09-05-102934-1024x566.png\" alt=\"\" class=\"wp-image-97\" srcset=\"https:\/\/educacao.ufpr.br\/50anos\/wp-content\/uploads\/sites\/18\/2023\/09\/captura-de-tela-2023-09-05-102934-1024x566.png 1024w, https:\/\/educacao.ufpr.br\/50anos\/wp-content\/uploads\/sites\/18\/2023\/09\/captura-de-tela-2023-09-05-102934-300x166.png 300w, https:\/\/educacao.ufpr.br\/50anos\/wp-content\/uploads\/sites\/18\/2023\/09\/captura-de-tela-2023-09-05-102934-768x425.png 768w, https:\/\/educacao.ufpr.br\/50anos\/wp-content\/uploads\/sites\/18\/2023\/09\/captura-de-tela-2023-09-05-102934-145x80.png 145w, https:\/\/educacao.ufpr.br\/50anos\/wp-content\/uploads\/sites\/18\/2023\/09\/captura-de-tela-2023-09-05-102934-75x41.png 75w, https:\/\/educacao.ufpr.br\/50anos\/wp-content\/uploads\/sites\/18\/2023\/09\/captura-de-tela-2023-09-05-102934.png 1184w\" sizes=\"(max-width: 1024px) 100vw, 1024px\" \/><\/figure>\n","protected":false},"excerpt":{"rendered":"<p>CALEND\u00c1RIO COMEMORATIVO50 ANOS DO SETOR DE EDUCA\u00c7\u00c3O OBSERVA\u00c7\u00c3O: Calend\u00e1rio sujeito \u00e0 altera\u00e7\u00f5es, pois outras atividades propostas pela comunidade universit\u00e1ria poder\u00e3o ser inclu\u00eddas ao longo do [&hellip;]<\/p>\n","protected":false},"author":1081,"featured_media":0,"parent":0,"menu_order":0,"comment_status":"closed","ping_status":"closed","template":"","meta":{"_acf_changed":false,"footnotes":""},"class_list":["post-31","page","type-page","status-publish","hentry"],"acf":[],"_links":{"self":[{"href":"https:\/\/educacao.ufpr.br\/50anos\/wp-json\/wp\/v2\/pages\/31","targetHints":{"allow":["GET"]}}],"collection":[{"href":"https:\/\/educacao.ufpr.br\/50anos\/wp-json\/wp\/v2\/pages"}],"about":[{"href":"https:\/\/educacao.ufpr.br\/50anos\/wp-json\/wp\/v2\/types\/page"}],"author":[{"embeddable":true,"href":"https:\/\/educacao.ufpr.br\/50anos\/wp-json\/wp\/v2\/users\/1081"}],"replies":[{"embeddable":true,"href":"https:\/\/educacao.ufpr.br\/50anos\/wp-json\/wp\/v2\/comments?post=31"}],"version-history":[{"count":3,"href":"https:\/\/educacao.ufpr.br\/50anos\/wp-json\/wp\/v2\/pages\/31\/revisions"}],"predecessor-version":[{"id":99,"href":"https:\/\/educacao.ufpr.br\/50anos\/wp-json\/wp\/v2\/pages\/31\/revisions\/99"}],"wp:attachment":[{"href":"https:\/\/educacao.ufpr.br\/50anos\/wp-json\/wp\/v2\/media?parent=31"}],"curies":[{"name":"wp","href":"https:\/\/api.w.org\/{rel}","templated":true}]}}