{"id":121,"date":"2023-08-02T11:10:51","date_gmt":"2023-08-02T14:10:51","guid":{"rendered":"https:\/\/educacao.ufpr.br\/ensinodehistoria\/?page_id=121"},"modified":"2023-08-25T13:08:08","modified_gmt":"2023-08-25T16:08:08","slug":"redes-sociais","status":"publish","type":"page","link":"https:\/\/educacao.ufpr.br\/ensinodehistoria\/redes-sociais\/","title":{"rendered":"Redes Sociais e Podcasts"},"content":{"rendered":"\t\t<div data-elementor-type=\"wp-page\" data-elementor-id=\"121\" class=\"elementor elementor-121\">\n\t\t\t\t\t\t<section class=\"elementor-section elementor-top-section elementor-element elementor-element-3cf1739a elementor-section-boxed elementor-section-height-default elementor-section-height-default\" data-id=\"3cf1739a\" data-element_type=\"section\">\n\t\t\t\t\t\t<div class=\"elementor-container elementor-column-gap-default\">\n\t\t\t\t\t<div class=\"elementor-column elementor-col-20 elementor-top-column elementor-element elementor-element-6cbb5d9d\" data-id=\"6cbb5d9d\" data-element_type=\"column\">\n\t\t\t<div class=\"elementor-widget-wrap elementor-element-populated\">\n\t\t\t\t\t\t<div class=\"elementor-element elementor-element-1ead092b elementor-widget elementor-widget-image\" data-id=\"1ead092b\" data-element_type=\"widget\" data-widget_type=\"image.default\">\n\t\t\t\t<div class=\"elementor-widget-container\">\n\t\t\t\t\t\t\t\t\t\t\t\t<figure class=\"wp-caption\">\n\t\t\t\t\t\t\t\t\t\t\t<a href=\"https:\/\/www.youtube.com\/c\/nerdologia\/videos\" target=\"_blank\">\n\t\t\t\t\t\t\t<img fetchpriority=\"high\" decoding=\"async\" width=\"590\" height=\"350\" src=\"https:\/\/educacao.ufpr.br\/ensinodehistoria\/wp-content\/uploads\/sites\/15\/2023\/08\/ads_nerdologia.jpg\" class=\"attachment-large size-large wp-image-123\" alt=\"\" srcset=\"https:\/\/educacao.ufpr.br\/ensinodehistoria\/wp-content\/uploads\/sites\/15\/2023\/08\/ads_nerdologia.jpg 590w, https:\/\/educacao.ufpr.br\/ensinodehistoria\/wp-content\/uploads\/sites\/15\/2023\/08\/ads_nerdologia-300x178.jpg 300w, https:\/\/educacao.ufpr.br\/ensinodehistoria\/wp-content\/uploads\/sites\/15\/2023\/08\/ads_nerdologia-145x86.jpg 145w, https:\/\/educacao.ufpr.br\/ensinodehistoria\/wp-content\/uploads\/sites\/15\/2023\/08\/ads_nerdologia-75x44.jpg 75w\" sizes=\"(max-width: 590px) 100vw, 590px\" \/>\t\t\t\t\t\t\t\t<\/a>\n\t\t\t\t\t\t\t\t\t\t\t<figcaption class=\"widget-image-caption wp-caption-text\">Conte\u00fado de divulga\u00e7\u00e3o cient\u00edfica em v\u00eddeo<\/figcaption>\n\t\t\t\t\t\t\t\t\t\t<\/figure>\n\t\t\t\t\t\t\t\t\t<\/div>\n\t\t\t\t<\/div>\n\t\t\t\t\t<\/div>\n\t\t<\/div>\n\t\t\t\t<div class=\"elementor-column elementor-col-20 elementor-top-column elementor-element elementor-element-374d4a91\" data-id=\"374d4a91\" data-element_type=\"column\">\n\t\t\t<div class=\"elementor-widget-wrap elementor-element-populated\">\n\t\t\t\t\t\t<div class=\"elementor-element elementor-element-152750da elementor-widget elementor-widget-image\" data-id=\"152750da\" data-element_type=\"widget\" data-widget_type=\"image.default\">\n\t\t\t\t<div class=\"elementor-widget-container\">\n\t\t\t\t\t\t\t\t\t\t\t\t<figure class=\"wp-caption\">\n\t\t\t\t\t\t\t\t\t\t\t<a href=\"https:\/\/www.instagram.com\/olimpiada.historia\/%20\" target=\"_blank\">\n\t\t\t\t\t\t\t<img decoding=\"async\" src=\"https:\/\/educacao.ufpr.br\/wp-content\/uploads\/2022\/09\/onhb-2018-600x415-1.png\" title=\"\" alt=\"\" loading=\"lazy\" \/>\t\t\t\t\t\t\t\t<\/a>\n\t\t\t\t\t\t\t\t\t\t\t<figcaption class=\"widget-image-caption wp-caption-text\">Instagram da Olimp\u00edada de Hist\u00f3ria (ONHB). Divulga\u00e7\u00e3o de not\u00edcias acerca da olimp\u00edada e not\u00edcias sobre o ensino e a pesquisa de Hist\u00f3ria. Possibilita o acesso a informa\u00e7\u00f5es sobre a ONHB e tamb\u00e9m \u00e0s quest\u00f5es da prova para fins  pedag\u00f3gicos. <\/figcaption>\n\t\t\t\t\t\t\t\t\t\t<\/figure>\n\t\t\t\t\t\t\t\t\t<\/div>\n\t\t\t\t<\/div>\n\t\t\t\t\t<\/div>\n\t\t<\/div>\n\t\t\t\t<div class=\"elementor-column elementor-col-20 elementor-top-column elementor-element elementor-element-53de8e36\" data-id=\"53de8e36\" data-element_type=\"column\">\n\t\t\t<div class=\"elementor-widget-wrap elementor-element-populated\">\n\t\t\t\t\t\t<div class=\"elementor-element elementor-element-3aa7dc8f elementor-widget elementor-widget-image\" data-id=\"3aa7dc8f\" data-element_type=\"widget\" data-widget_type=\"image.default\">\n\t\t\t\t<div class=\"elementor-widget-container\">\n\t\t\t\t\t\t\t\t\t\t\t\t<figure class=\"wp-caption\">\n\t\t\t\t\t\t\t\t\t\t\t<a href=\"https:\/\/leituraobrigahistoria.com\/podcast\">\n\t\t\t\t\t\t\t<img decoding=\"async\" width=\"512\" height=\"400\" src=\"https:\/\/educacao.ufpr.br\/ensinodehistoria\/wp-content\/uploads\/sites\/15\/2023\/08\/thumb_facebook_logo_mini.jpg\" class=\"attachment-large size-large wp-image-127\" alt=\"\" srcset=\"https:\/\/educacao.ufpr.br\/ensinodehistoria\/wp-content\/uploads\/sites\/15\/2023\/08\/thumb_facebook_logo_mini.jpg 512w, https:\/\/educacao.ufpr.br\/ensinodehistoria\/wp-content\/uploads\/sites\/15\/2023\/08\/thumb_facebook_logo_mini-300x234.jpg 300w, https:\/\/educacao.ufpr.br\/ensinodehistoria\/wp-content\/uploads\/sites\/15\/2023\/08\/thumb_facebook_logo_mini-128x100.jpg 128w, https:\/\/educacao.ufpr.br\/ensinodehistoria\/wp-content\/uploads\/sites\/15\/2023\/08\/thumb_facebook_logo_mini-73x57.jpg 73w\" sizes=\"(max-width: 512px) 100vw, 512px\" \/>\t\t\t\t\t\t\t\t<\/a>\n\t\t\t\t\t\t\t\t\t\t\t<figcaption class=\"widget-image-caption wp-caption-text\">Leitura Obrigahist\u00f3ria. Conte\u00fados de divulga\u00e7\u00e3o cient\u00edfica historicamente corretos em podcast e tamb\u00e9m em v\u00eddeo no youtube.<\/figcaption>\n\t\t\t\t\t\t\t\t\t\t<\/figure>\n\t\t\t\t\t\t\t\t\t<\/div>\n\t\t\t\t<\/div>\n\t\t\t\t\t<\/div>\n\t\t<\/div>\n\t\t\t\t<div class=\"elementor-column elementor-col-20 elementor-top-column elementor-element elementor-element-29446d5d\" data-id=\"29446d5d\" data-element_type=\"column\">\n\t\t\t<div class=\"elementor-widget-wrap elementor-element-populated\">\n\t\t\t\t\t\t<div class=\"elementor-element elementor-element-47454256 elementor-widget elementor-widget-image\" data-id=\"47454256\" data-element_type=\"widget\" data-widget_type=\"image.default\">\n\t\t\t\t<div class=\"elementor-widget-container\">\n\t\t\t\t\t\t\t\t\t\t\t\t<figure class=\"wp-caption\">\n\t\t\t\t\t\t\t\t\t\t\t<a href=\"https:\/\/linktr.ee\/atlanticonegro\" target=\"_blank\">\n\t\t\t\t\t\t\t<img decoding=\"async\" src=\"https:\/\/educacao.ufpr.br\/wp-content\/uploads\/2022\/09\/ab6765630000ba8ad17a0e35ea6910522bef16fe.jpg\" title=\"\" alt=\"\" loading=\"lazy\" \/>\t\t\t\t\t\t\t\t<\/a>\n\t\t\t\t\t\t\t\t\t\t\t<figcaption class=\"widget-image-caption wp-caption-text\">Podcast sobre Hist\u00f3ria negra<\/figcaption>\n\t\t\t\t\t\t\t\t\t\t<\/figure>\n\t\t\t\t\t\t\t\t\t<\/div>\n\t\t\t\t<\/div>\n\t\t\t\t\t<\/div>\n\t\t<\/div>\n\t\t\t\t<div class=\"elementor-column elementor-col-20 elementor-top-column elementor-element elementor-element-7aa52f\" data-id=\"7aa52f\" data-element_type=\"column\">\n\t\t\t<div class=\"elementor-widget-wrap elementor-element-populated\">\n\t\t\t\t\t\t<div class=\"elementor-element elementor-element-52f60282 elementor-widget elementor-widget-image\" data-id=\"52f60282\" data-element_type=\"widget\" data-widget_type=\"image.default\">\n\t\t\t\t<div class=\"elementor-widget-container\">\n\t\t\t\t\t\t\t\t\t\t\t\t<figure class=\"wp-caption\">\n\t\t\t\t\t\t\t\t\t\t\t<a href=\"https:\/\/www.instagram.com\/imagens.historia\/\" target=\"_blank\">\n\t\t\t\t\t\t\t<img decoding=\"async\" src=\"https:\/\/educacao.ufpr.br\/wp-content\/uploads\/2022\/09\/45562916_2354453611249344_7285634383770288128_n.jpg\" title=\"\" alt=\"\" loading=\"lazy\" \/>\t\t\t\t\t\t\t\t<\/a>\n\t\t\t\t\t\t\t\t\t\t\t<figcaption class=\"widget-image-caption wp-caption-text\">Instagram que relembra momentos e marcos hist\u00f3ricos, sejam contempor\u00e2neos ou n\u00e3o, por meio de imagens.<\/figcaption>\n\t\t\t\t\t\t\t\t\t\t<\/figure>\n\t\t\t\t\t\t\t\t\t<\/div>\n\t\t\t\t<\/div>\n\t\t\t\t\t<\/div>\n\t\t<\/div>\n\t\t\t\t\t<\/div>\n\t\t<\/section>\n\t\t\t\t<section class=\"elementor-section elementor-top-section elementor-element elementor-element-3f5ef6da elementor-section-boxed elementor-section-height-default elementor-section-height-default\" data-id=\"3f5ef6da\" data-element_type=\"section\">\n\t\t\t\t\t\t<div class=\"elementor-container elementor-column-gap-default\">\n\t\t\t\t\t<div class=\"elementor-column elementor-col-20 elementor-top-column elementor-element elementor-element-8450f70\" data-id=\"8450f70\" data-element_type=\"column\">\n\t\t\t<div class=\"elementor-widget-wrap elementor-element-populated\">\n\t\t\t\t\t\t<div class=\"elementor-element elementor-element-5aeb0dc4 elementor-widget elementor-widget-image\" data-id=\"5aeb0dc4\" data-element_type=\"widget\" data-widget_type=\"image.default\">\n\t\t\t\t<div class=\"elementor-widget-container\">\n\t\t\t\t\t\t\t\t\t\t\t\t<figure class=\"wp-caption\">\n\t\t\t\t\t\t\t\t\t\t\t<a href=\"https:\/\/open.spotify.com\/episode\/6DfcY3CfwiF0NKps3S7tIi\" target=\"_blank\">\n\t\t\t\t\t\t\t<img decoding=\"async\" width=\"640\" height=\"640\" src=\"https:\/\/educacao.ufpr.br\/ensinodehistoria\/wp-content\/uploads\/sites\/15\/2023\/08\/podcasthistoria.jpg\" class=\"attachment-large size-large wp-image-124\" alt=\"\" srcset=\"https:\/\/educacao.ufpr.br\/ensinodehistoria\/wp-content\/uploads\/sites\/15\/2023\/08\/podcasthistoria.jpg 640w, https:\/\/educacao.ufpr.br\/ensinodehistoria\/wp-content\/uploads\/sites\/15\/2023\/08\/podcasthistoria-300x300.jpg 300w, https:\/\/educacao.ufpr.br\/ensinodehistoria\/wp-content\/uploads\/sites\/15\/2023\/08\/podcasthistoria-150x150.jpg 150w, https:\/\/educacao.ufpr.br\/ensinodehistoria\/wp-content\/uploads\/sites\/15\/2023\/08\/podcasthistoria-100x100.jpg 100w, https:\/\/educacao.ufpr.br\/ensinodehistoria\/wp-content\/uploads\/sites\/15\/2023\/08\/podcasthistoria-57x57.jpg 57w\" sizes=\"(max-width: 640px) 100vw, 640px\" \/>\t\t\t\t\t\t\t\t<\/a>\n\t\t\t\t\t\t\t\t\t\t\t<figcaption class=\"widget-image-caption wp-caption-text\">Podcast \u201cHist\u00f3ria Pirata\u201d de Daniel Gomes de Carvalho e Rafael Verdasca com Renata Melo Barbosa. O podcast pensa a filmografia de Nelson Pereira dos Santos de uma perspectiva decolonial. <\/figcaption>\n\t\t\t\t\t\t\t\t\t\t<\/figure>\n\t\t\t\t\t\t\t\t\t<\/div>\n\t\t\t\t<\/div>\n\t\t\t\t\t<\/div>\n\t\t<\/div>\n\t\t\t\t<div class=\"elementor-column elementor-col-20 elementor-top-column elementor-element elementor-element-2719a710\" data-id=\"2719a710\" data-element_type=\"column\">\n\t\t\t<div class=\"elementor-widget-wrap elementor-element-populated\">\n\t\t\t\t\t\t<div class=\"elementor-element elementor-element-380d34 elementor-widget elementor-widget-image\" data-id=\"380d34\" data-element_type=\"widget\" data-widget_type=\"image.default\">\n\t\t\t\t<div class=\"elementor-widget-container\">\n\t\t\t\t\t\t\t\t\t\t\t\t<figure class=\"wp-caption\">\n\t\t\t\t\t\t\t\t\t\t\t<a href=\"https:\/\/cliohistoriaeliteratura.com\/\" target=\"_blank\">\n\t\t\t\t\t\t\t<img decoding=\"async\" src=\"https:\/\/educacao.ufpr.br\/wp-content\/uploads\/2022\/09\/301222770_483402700460837_4309682098598739625_n.png\" title=\"\" alt=\"\" loading=\"lazy\" \/>\t\t\t\t\t\t\t\t<\/a>\n\t\t\t\t\t\t\t\t\t\t\t<figcaption class=\"widget-image-caption wp-caption-text\">Rede de podcasts sobre hist\u00f3ria, pol\u00edtica e literatura<\/figcaption>\n\t\t\t\t\t\t\t\t\t\t<\/figure>\n\t\t\t\t\t\t\t\t\t<\/div>\n\t\t\t\t<\/div>\n\t\t\t\t\t<\/div>\n\t\t<\/div>\n\t\t\t\t<div class=\"elementor-column elementor-col-20 elementor-top-column elementor-element elementor-element-53765480\" data-id=\"53765480\" data-element_type=\"column\">\n\t\t\t<div class=\"elementor-widget-wrap elementor-element-populated\">\n\t\t\t\t\t\t<div class=\"elementor-element elementor-element-f1ce099 elementor-widget elementor-widget-image\" data-id=\"f1ce099\" data-element_type=\"widget\" data-widget_type=\"image.default\">\n\t\t\t\t<div class=\"elementor-widget-container\">\n\t\t\t\t\t\t\t\t\t\t\t\t<figure class=\"wp-caption\">\n\t\t\t\t\t\t\t\t\t\t\t<a href=\"https:\/\/linktr.ee\/sentaquelavempodcast\" target=\"_blank\">\n\t\t\t\t\t\t\t<img decoding=\"async\" src=\"https:\/\/educacao.ufpr.br\/wp-content\/uploads\/2022\/09\/download.png\" title=\"\" alt=\"\" loading=\"lazy\" \/>\t\t\t\t\t\t\t\t<\/a>\n\t\t\t\t\t\t\t\t\t\t\t<figcaption class=\"widget-image-caption wp-caption-text\">Senta que l\u00e1 vem Hist\u00f3ria - Podcast de alunos do projeto de extens\u00e3o da UFPB<\/figcaption>\n\t\t\t\t\t\t\t\t\t\t<\/figure>\n\t\t\t\t\t\t\t\t\t<\/div>\n\t\t\t\t<\/div>\n\t\t\t\t\t<\/div>\n\t\t<\/div>\n\t\t\t\t<div class=\"elementor-column elementor-col-20 elementor-top-column elementor-element elementor-element-455d5ab1\" data-id=\"455d5ab1\" data-element_type=\"column\">\n\t\t\t<div class=\"elementor-widget-wrap\">\n\t\t\t\t\t\t\t<\/div>\n\t\t<\/div>\n\t\t\t\t<div class=\"elementor-column elementor-col-20 elementor-top-column elementor-element elementor-element-1252cf7b\" data-id=\"1252cf7b\" data-element_type=\"column\">\n\t\t\t<div class=\"elementor-widget-wrap\">\n\t\t\t\t\t\t\t<\/div>\n\t\t<\/div>\n\t\t\t\t\t<\/div>\n\t\t<\/section>\n\t\t\t\t<\/div>\n\t\t","protected":false},"excerpt":{"rendered":"<p>\/*! elementor &#8211; v3.6.5 &#8211; 27-04-2022 *\/ .elementor-widget-image{text-align:center}.elementor-widget-image a{display:inline-block}.elementor-widget-image a img[src$=&#8221;.svg&#8221;]{width:48px}.elementor-widget-image img{vertical-align:middle;display:inline-block} Conte\u00fado de divulga\u00e7\u00e3o cient\u00edfica em v\u00eddeo Instagram da Olimp\u00edada de Hist\u00f3ria (ONHB). Divulga\u00e7\u00e3o [&hellip;]<\/p>\n","protected":false},"author":1081,"featured_media":0,"parent":0,"menu_order":0,"comment_status":"closed","ping_status":"closed","template":"","meta":{"_acf_changed":false,"footnotes":""},"class_list":["post-121","page","type-page","status-publish","hentry"],"acf":[],"_links":{"self":[{"href":"https:\/\/educacao.ufpr.br\/ensinodehistoria\/wp-json\/wp\/v2\/pages\/121","targetHints":{"allow":["GET"]}}],"collection":[{"href":"https:\/\/educacao.ufpr.br\/ensinodehistoria\/wp-json\/wp\/v2\/pages"}],"about":[{"href":"https:\/\/educacao.ufpr.br\/ensinodehistoria\/wp-json\/wp\/v2\/types\/page"}],"author":[{"embeddable":true,"href":"https:\/\/educacao.ufpr.br\/ensinodehistoria\/wp-json\/wp\/v2\/users\/1081"}],"replies":[{"embeddable":true,"href":"https:\/\/educacao.ufpr.br\/ensinodehistoria\/wp-json\/wp\/v2\/comments?post=121"}],"version-history":[{"count":8,"href":"https:\/\/educacao.ufpr.br\/ensinodehistoria\/wp-json\/wp\/v2\/pages\/121\/revisions"}],"predecessor-version":[{"id":221,"href":"https:\/\/educacao.ufpr.br\/ensinodehistoria\/wp-json\/wp\/v2\/pages\/121\/revisions\/221"}],"wp:attachment":[{"href":"https:\/\/educacao.ufpr.br\/ensinodehistoria\/wp-json\/wp\/v2\/media?parent=121"}],"curies":[{"name":"wp","href":"https:\/\/api.w.org\/{rel}","templated":true}]}}