{"id":145,"date":"2023-08-02T11:26:23","date_gmt":"2023-08-02T14:26:23","guid":{"rendered":"https:\/\/educacao.ufpr.br\/ensinodehistoria\/?page_id=145"},"modified":"2023-09-06T15:41:28","modified_gmt":"2023-09-06T18:41:28","slug":"eventos-e-cursos","status":"publish","type":"page","link":"https:\/\/educacao.ufpr.br\/ensinodehistoria\/eventos-e-cursos\/","title":{"rendered":"Not\u00edcias, Eventos e Cursos"},"content":{"rendered":"\t\t<div data-elementor-type=\"wp-page\" data-elementor-id=\"145\" class=\"elementor elementor-145\">\n\t\t\t\t\t\t<section class=\"elementor-section elementor-top-section elementor-element elementor-element-376f315 elementor-section-boxed elementor-section-height-default elementor-section-height-default\" data-id=\"376f315\" data-element_type=\"section\">\n\t\t\t\t\t\t<div class=\"elementor-container elementor-column-gap-default\">\n\t\t\t\t\t<div class=\"elementor-column elementor-col-33 elementor-top-column elementor-element elementor-element-399a85c\" data-id=\"399a85c\" data-element_type=\"column\">\n\t\t\t<div class=\"elementor-widget-wrap elementor-element-populated\">\n\t\t\t\t\t\t<div class=\"elementor-element elementor-element-bbd2e08 elementor-widget elementor-widget-image\" data-id=\"bbd2e08\" data-element_type=\"widget\" data-widget_type=\"image.default\">\n\t\t\t\t<div class=\"elementor-widget-container\">\n\t\t\t\t\t\t\t\t\t\t\t\t<figure class=\"wp-caption\">\n\t\t\t\t\t\t\t\t\t\t<img fetchpriority=\"high\" decoding=\"async\" width=\"1024\" height=\"1024\" src=\"https:\/\/educacao.ufpr.br\/ensinodehistoria\/wp-content\/uploads\/sites\/15\/2023\/09\/revista-hhj-1024x1024.jpeg\" class=\"attachment-large size-large wp-image-241\" alt=\"\" srcset=\"https:\/\/educacao.ufpr.br\/ensinodehistoria\/wp-content\/uploads\/sites\/15\/2023\/09\/revista-hhj-1024x1024.jpeg 1024w, https:\/\/educacao.ufpr.br\/ensinodehistoria\/wp-content\/uploads\/sites\/15\/2023\/09\/revista-hhj-300x300.jpeg 300w, https:\/\/educacao.ufpr.br\/ensinodehistoria\/wp-content\/uploads\/sites\/15\/2023\/09\/revista-hhj-150x150.jpeg 150w, https:\/\/educacao.ufpr.br\/ensinodehistoria\/wp-content\/uploads\/sites\/15\/2023\/09\/revista-hhj-768x768.jpeg 768w, https:\/\/educacao.ufpr.br\/ensinodehistoria\/wp-content\/uploads\/sites\/15\/2023\/09\/revista-hhj-100x100.jpeg 100w, https:\/\/educacao.ufpr.br\/ensinodehistoria\/wp-content\/uploads\/sites\/15\/2023\/09\/revista-hhj-57x57.jpeg 57w, https:\/\/educacao.ufpr.br\/ensinodehistoria\/wp-content\/uploads\/sites\/15\/2023\/09\/revista-hhj.jpeg 1080w\" sizes=\"(max-width: 1024px) 100vw, 1024px\" \/>\t\t\t\t\t\t\t\t\t\t\t<figcaption class=\"widget-image-caption wp-caption-text\">A Revista Hist\u00f3ria Hoje (Qualis A1) est\u00e1 com EDITAL PARA CHAMADA DE DOSSI\u00caS TEM\u00c1TICOS \u2013 2023-2025. Os interessados devem acessar o edital em https:\/\/rhhj.anpuh.org\/RHHJ\/announcement\/view\/10. As propostas devem ser submetidas at\u00e9 15 de outubro para rhhjeditor@anpuh.org<\/figcaption>\n\t\t\t\t\t\t\t\t\t\t<\/figure>\n\t\t\t\t\t\t\t\t\t<\/div>\n\t\t\t\t<\/div>\n\t\t\t\t\t<\/div>\n\t\t<\/div>\n\t\t\t\t<div class=\"elementor-column elementor-col-33 elementor-top-column elementor-element elementor-element-1a99e42\" data-id=\"1a99e42\" data-element_type=\"column\">\n\t\t\t<div class=\"elementor-widget-wrap\">\n\t\t\t\t\t\t\t<\/div>\n\t\t<\/div>\n\t\t\t\t<div class=\"elementor-column elementor-col-33 elementor-top-column elementor-element elementor-element-d64ab9e\" data-id=\"d64ab9e\" data-element_type=\"column\">\n\t\t\t<div class=\"elementor-widget-wrap\">\n\t\t\t\t\t\t\t<\/div>\n\t\t<\/div>\n\t\t\t\t\t<\/div>\n\t\t<\/section>\n\t\t\t\t<section class=\"elementor-section elementor-top-section elementor-element elementor-element-db255ec elementor-section-boxed elementor-section-height-default elementor-section-height-default\" data-id=\"db255ec\" data-element_type=\"section\">\n\t\t\t\t\t\t<div class=\"elementor-container elementor-column-gap-default\">\n\t\t\t\t\t<div class=\"elementor-column elementor-col-33 elementor-top-column elementor-element elementor-element-0c87017\" data-id=\"0c87017\" data-element_type=\"column\">\n\t\t\t<div class=\"elementor-widget-wrap elementor-element-populated\">\n\t\t\t\t\t\t<div class=\"elementor-element elementor-element-04b3c84 elementor-widget elementor-widget-image\" data-id=\"04b3c84\" data-element_type=\"widget\" data-widget_type=\"image.default\">\n\t\t\t\t<div class=\"elementor-widget-container\">\n\t\t\t\t\t\t\t\t\t\t\t\t<figure class=\"wp-caption\">\n\t\t\t\t\t\t\t\t\t\t<img decoding=\"async\" width=\"576\" height=\"1024\" src=\"https:\/\/educacao.ufpr.br\/ensinodehistoria\/wp-content\/uploads\/sites\/15\/2023\/08\/selecao-prof-historia-576x1024.jpeg\" class=\"attachment-large size-large wp-image-212\" alt=\"\" srcset=\"https:\/\/educacao.ufpr.br\/ensinodehistoria\/wp-content\/uploads\/sites\/15\/2023\/08\/selecao-prof-historia-576x1024.jpeg 576w, https:\/\/educacao.ufpr.br\/ensinodehistoria\/wp-content\/uploads\/sites\/15\/2023\/08\/selecao-prof-historia-169x300.jpeg 169w, https:\/\/educacao.ufpr.br\/ensinodehistoria\/wp-content\/uploads\/sites\/15\/2023\/08\/selecao-prof-historia-768x1365.jpeg 768w, https:\/\/educacao.ufpr.br\/ensinodehistoria\/wp-content\/uploads\/sites\/15\/2023\/08\/selecao-prof-historia-864x1536.jpeg 864w, https:\/\/educacao.ufpr.br\/ensinodehistoria\/wp-content\/uploads\/sites\/15\/2023\/08\/selecao-prof-historia-56x100.jpeg 56w, https:\/\/educacao.ufpr.br\/ensinodehistoria\/wp-content\/uploads\/sites\/15\/2023\/08\/selecao-prof-historia-32x57.jpeg 32w, https:\/\/educacao.ufpr.br\/ensinodehistoria\/wp-content\/uploads\/sites\/15\/2023\/08\/selecao-prof-historia.jpeg 900w\" sizes=\"(max-width: 576px) 100vw, 576px\" \/>\t\t\t\t\t\t\t\t\t\t\t<figcaption class=\"widget-image-caption wp-caption-text\">O Edital de Sele\u00e7\u00e3o 2024 do Profhist\u00f3ria (n\u00edvel mestrado) foi publicado!!!    Confira agora em http:\/\/site.profhistoria.com.br\/pbg0<\/figcaption>\n\t\t\t\t\t\t\t\t\t\t<\/figure>\n\t\t\t\t\t\t\t\t\t<\/div>\n\t\t\t\t<\/div>\n\t\t\t\t\t<\/div>\n\t\t<\/div>\n\t\t\t\t<div class=\"elementor-column elementor-col-33 elementor-top-column elementor-element elementor-element-0726c3a\" data-id=\"0726c3a\" data-element_type=\"column\">\n\t\t\t<div class=\"elementor-widget-wrap elementor-element-populated\">\n\t\t\t\t\t\t<div class=\"elementor-element elementor-element-9915612 elementor-widget elementor-widget-image\" data-id=\"9915612\" data-element_type=\"widget\" data-widget_type=\"image.default\">\n\t\t\t\t<div class=\"elementor-widget-container\">\n\t\t\t\t\t\t\t\t\t\t\t\t<figure class=\"wp-caption\">\n\t\t\t\t\t\t\t\t\t\t\t<a href=\"https:\/\/educacao.ufpr.br\/ensinodehistoria\/wp-content\/uploads\/sites\/15\/2023\/08\/foto-evento-1.jpeg\">\n\t\t\t\t\t\t\t<img decoding=\"async\" width=\"1024\" height=\"768\" src=\"https:\/\/educacao.ufpr.br\/ensinodehistoria\/wp-content\/uploads\/sites\/15\/2023\/08\/foto-evento-1-1-1024x768.jpeg\" class=\"attachment-large size-large wp-image-210\" alt=\"\" srcset=\"https:\/\/educacao.ufpr.br\/ensinodehistoria\/wp-content\/uploads\/sites\/15\/2023\/08\/foto-evento-1-1-1024x768.jpeg 1024w, https:\/\/educacao.ufpr.br\/ensinodehistoria\/wp-content\/uploads\/sites\/15\/2023\/08\/foto-evento-1-1-300x225.jpeg 300w, https:\/\/educacao.ufpr.br\/ensinodehistoria\/wp-content\/uploads\/sites\/15\/2023\/08\/foto-evento-1-1-768x576.jpeg 768w, https:\/\/educacao.ufpr.br\/ensinodehistoria\/wp-content\/uploads\/sites\/15\/2023\/08\/foto-evento-1-1-133x100.jpeg 133w, https:\/\/educacao.ufpr.br\/ensinodehistoria\/wp-content\/uploads\/sites\/15\/2023\/08\/foto-evento-1-1-75x57.jpeg 75w, https:\/\/educacao.ufpr.br\/ensinodehistoria\/wp-content\/uploads\/sites\/15\/2023\/08\/foto-evento-1-1.jpeg 1156w\" sizes=\"(max-width: 1024px) 100vw, 1024px\" \/>\t\t\t\t\t\t\t\t<\/a>\n\t\t\t\t\t\t\t\t\t\t\t<figcaption class=\"widget-image-caption wp-caption-text\">Lan\u00e7amento de publica\u00e7\u00f5es do Projeto, no dia 22\/08. Agradecemos a todos que colaboraram, e que participaram do evento!<\/figcaption>\n\t\t\t\t\t\t\t\t\t\t<\/figure>\n\t\t\t\t\t\t\t\t\t<\/div>\n\t\t\t\t<\/div>\n\t\t\t\t\t<\/div>\n\t\t<\/div>\n\t\t\t\t<div class=\"elementor-column elementor-col-33 elementor-top-column elementor-element elementor-element-4a35cc8\" data-id=\"4a35cc8\" data-element_type=\"column\">\n\t\t\t<div class=\"elementor-widget-wrap elementor-element-populated\">\n\t\t\t\t\t\t<div class=\"elementor-element elementor-element-cbb28c1 elementor-widget elementor-widget-image\" data-id=\"cbb28c1\" data-element_type=\"widget\" data-widget_type=\"image.default\">\n\t\t\t\t<div class=\"elementor-widget-container\">\n\t\t\t\t\t\t\t\t\t\t\t\t<figure class=\"wp-caption\">\n\t\t\t\t\t\t\t\t\t\t<img loading=\"lazy\" decoding=\"async\" width=\"1024\" height=\"1024\" src=\"https:\/\/educacao.ufpr.br\/ensinodehistoria\/wp-content\/uploads\/sites\/15\/2023\/08\/cartaz-evento-eh-1024x1024.jpg\" class=\"attachment-large size-large wp-image-187\" alt=\"\" srcset=\"https:\/\/educacao.ufpr.br\/ensinodehistoria\/wp-content\/uploads\/sites\/15\/2023\/08\/cartaz-evento-eh-1024x1024.jpg 1024w, https:\/\/educacao.ufpr.br\/ensinodehistoria\/wp-content\/uploads\/sites\/15\/2023\/08\/cartaz-evento-eh-300x300.jpg 300w, https:\/\/educacao.ufpr.br\/ensinodehistoria\/wp-content\/uploads\/sites\/15\/2023\/08\/cartaz-evento-eh-150x150.jpg 150w, https:\/\/educacao.ufpr.br\/ensinodehistoria\/wp-content\/uploads\/sites\/15\/2023\/08\/cartaz-evento-eh-768x768.jpg 768w, https:\/\/educacao.ufpr.br\/ensinodehistoria\/wp-content\/uploads\/sites\/15\/2023\/08\/cartaz-evento-eh-100x100.jpg 100w, https:\/\/educacao.ufpr.br\/ensinodehistoria\/wp-content\/uploads\/sites\/15\/2023\/08\/cartaz-evento-eh-57x57.jpg 57w, https:\/\/educacao.ufpr.br\/ensinodehistoria\/wp-content\/uploads\/sites\/15\/2023\/08\/cartaz-evento-eh.jpg 1080w\" sizes=\"(max-width: 1024px) 100vw, 1024px\" \/>\t\t\t\t\t\t\t\t\t\t\t<figcaption class=\"widget-image-caption wp-caption-text\">Convidamos para o lan\u00e7amento de duas publica\u00e7\u00f5es do Projeto de Extens\u00e3o Ensino de Hist\u00f3ria: di\u00e1logos e\u00a0possibilidades!<\/figcaption>\n\t\t\t\t\t\t\t\t\t\t<\/figure>\n\t\t\t\t\t\t\t\t\t<\/div>\n\t\t\t\t<\/div>\n\t\t\t\t\t<\/div>\n\t\t<\/div>\n\t\t\t\t\t<\/div>\n\t\t<\/section>\n\t\t\t\t<section class=\"elementor-section elementor-top-section elementor-element elementor-element-4c10d80f elementor-section-boxed elementor-section-height-default elementor-section-height-default\" data-id=\"4c10d80f\" data-element_type=\"section\">\n\t\t\t\t\t\t<div class=\"elementor-container elementor-column-gap-default\">\n\t\t\t\t\t<div class=\"elementor-column elementor-col-33 elementor-top-column elementor-element elementor-element-7a7e3d1\" data-id=\"7a7e3d1\" data-element_type=\"column\">\n\t\t\t<div class=\"elementor-widget-wrap elementor-element-populated\">\n\t\t\t\t\t\t<div class=\"elementor-element elementor-element-11de7160 elementor-widget elementor-widget-image\" data-id=\"11de7160\" data-element_type=\"widget\" data-widget_type=\"image.default\">\n\t\t\t\t<div class=\"elementor-widget-container\">\n\t\t\t\t\t\t\t\t\t\t\t\t<figure class=\"wp-caption\">\n\t\t\t\t\t\t\t\t\t\t\t<a href=\"https:\/\/www.youtube.com\/watch?v=z4FaBfoIG3o\">\n\t\t\t\t\t\t\t<img loading=\"lazy\" decoding=\"async\" width=\"1024\" height=\"1024\" src=\"https:\/\/educacao.ufpr.br\/ensinodehistoria\/wp-content\/uploads\/sites\/15\/2023\/06\/eventohistoria-1024x1024-1-1024x1024.jpg\" class=\"attachment-large size-large wp-image-27\" alt=\"\" srcset=\"https:\/\/educacao.ufpr.br\/ensinodehistoria\/wp-content\/uploads\/sites\/15\/2023\/06\/eventohistoria-1024x1024-1.jpg 1024w, https:\/\/educacao.ufpr.br\/ensinodehistoria\/wp-content\/uploads\/sites\/15\/2023\/06\/eventohistoria-1024x1024-1-300x300.jpg 300w, https:\/\/educacao.ufpr.br\/ensinodehistoria\/wp-content\/uploads\/sites\/15\/2023\/06\/eventohistoria-1024x1024-1-150x150.jpg 150w, https:\/\/educacao.ufpr.br\/ensinodehistoria\/wp-content\/uploads\/sites\/15\/2023\/06\/eventohistoria-1024x1024-1-768x768.jpg 768w, https:\/\/educacao.ufpr.br\/ensinodehistoria\/wp-content\/uploads\/sites\/15\/2023\/06\/eventohistoria-1024x1024-1-100x100.jpg 100w, https:\/\/educacao.ufpr.br\/ensinodehistoria\/wp-content\/uploads\/sites\/15\/2023\/06\/eventohistoria-1024x1024-1-57x57.jpg 57w\" sizes=\"(max-width: 1024px) 100vw, 1024px\" \/>\t\t\t\t\t\t\t\t<\/a>\n\t\t\t\t\t\t\t\t\t\t\t<figcaption class=\"widget-image-caption wp-caption-text\">A equipe do LEH convida todos\/as para o Lan\u00e7amento dos \u201cCadernos Tem\u00e1ticos do LEH\u201d e para Confer\u00eancia de abertura da 1\u00aa Mostra de Ensino de Hist\u00f3ria: \u201cO que os estudantes gostariam que seus professores de Hist\u00f3ria soubessem\u201d \u2013 Prof. Dr. Luis Fernando Cerri (UEPG). Link de transmiss\u00e3o do lan\u00e7amento dos Cadernos e Confer\u00eancia de abertura<\/figcaption>\n\t\t\t\t\t\t\t\t\t\t<\/figure>\n\t\t\t\t\t\t\t\t\t<\/div>\n\t\t\t\t<\/div>\n\t\t\t\t\t<\/div>\n\t\t<\/div>\n\t\t\t\t<div class=\"elementor-column elementor-col-33 elementor-top-column elementor-element elementor-element-3fa6f1b4\" data-id=\"3fa6f1b4\" data-element_type=\"column\">\n\t\t\t<div class=\"elementor-widget-wrap elementor-element-populated\">\n\t\t\t\t\t\t<div class=\"elementor-element elementor-element-589c1da8 elementor-widget elementor-widget-image\" data-id=\"589c1da8\" data-element_type=\"widget\" data-widget_type=\"image.default\">\n\t\t\t\t<div class=\"elementor-widget-container\">\n\t\t\t\t\t\t\t\t\t\t\t\t<figure class=\"wp-caption\">\n\t\t\t\t\t\t\t\t\t\t\t<a href=\"https:\/\/www.youtube.com\/watch?v=XEUbWzc4xiA\">\n\t\t\t\t\t\t\t<img loading=\"lazy\" decoding=\"async\" width=\"787\" height=\"1024\" src=\"https:\/\/educacao.ufpr.br\/ensinodehistoria\/wp-content\/uploads\/sites\/15\/2023\/06\/d942db18-eb50-4e40-bd71-081de153b11e-787x1024-1.jpg\" class=\"attachment-large size-large wp-image-28\" alt=\"\" srcset=\"https:\/\/educacao.ufpr.br\/ensinodehistoria\/wp-content\/uploads\/sites\/15\/2023\/06\/d942db18-eb50-4e40-bd71-081de153b11e-787x1024-1.jpg 787w, https:\/\/educacao.ufpr.br\/ensinodehistoria\/wp-content\/uploads\/sites\/15\/2023\/06\/d942db18-eb50-4e40-bd71-081de153b11e-787x1024-1-231x300.jpg 231w, https:\/\/educacao.ufpr.br\/ensinodehistoria\/wp-content\/uploads\/sites\/15\/2023\/06\/d942db18-eb50-4e40-bd71-081de153b11e-787x1024-1-768x999.jpg 768w, https:\/\/educacao.ufpr.br\/ensinodehistoria\/wp-content\/uploads\/sites\/15\/2023\/06\/d942db18-eb50-4e40-bd71-081de153b11e-787x1024-1-77x100.jpg 77w, https:\/\/educacao.ufpr.br\/ensinodehistoria\/wp-content\/uploads\/sites\/15\/2023\/06\/d942db18-eb50-4e40-bd71-081de153b11e-787x1024-1-44x57.jpg 44w\" sizes=\"(max-width: 787px) 100vw, 787px\" \/>\t\t\t\t\t\t\t\t<\/a>\n\t\t\t\t\t\t\t\t\t\t\t<figcaption class=\"widget-image-caption wp-caption-text\">Confer\u00eancia online que contou com diversas mesas de discuss\u00e3o sobre a did\u00e1tica da Hist\u00f3ria.<\/figcaption>\n\t\t\t\t\t\t\t\t\t\t<\/figure>\n\t\t\t\t\t\t\t\t\t<\/div>\n\t\t\t\t<\/div>\n\t\t\t\t\t<\/div>\n\t\t<\/div>\n\t\t\t\t<div class=\"elementor-column elementor-col-33 elementor-top-column elementor-element elementor-element-24a93148\" data-id=\"24a93148\" data-element_type=\"column\">\n\t\t\t<div class=\"elementor-widget-wrap elementor-element-populated\">\n\t\t\t\t\t\t<div class=\"elementor-element elementor-element-44d4b256 elementor-widget elementor-widget-image\" data-id=\"44d4b256\" data-element_type=\"widget\" data-widget_type=\"image.default\">\n\t\t\t\t<div class=\"elementor-widget-container\">\n\t\t\t\t\t\t\t\t\t\t\t\t<figure class=\"wp-caption\">\n\t\t\t\t\t\t\t\t\t\t\t<a href=\"https:\/\/www.abeh.org.br\/informativo\/view?TIPO=1&#038;ID_INFORMATIVO=42\">\n\t\t\t\t\t\t\t<img loading=\"lazy\" decoding=\"async\" width=\"283\" height=\"340\" src=\"https:\/\/educacao.ufpr.br\/ensinodehistoria\/wp-content\/uploads\/sites\/15\/2023\/06\/informativo_1664399113_1_5_imagem_2022-09-28_180511706.png\" class=\"attachment-large size-large wp-image-29\" alt=\"\" srcset=\"https:\/\/educacao.ufpr.br\/ensinodehistoria\/wp-content\/uploads\/sites\/15\/2023\/06\/informativo_1664399113_1_5_imagem_2022-09-28_180511706.png 283w, https:\/\/educacao.ufpr.br\/ensinodehistoria\/wp-content\/uploads\/sites\/15\/2023\/06\/informativo_1664399113_1_5_imagem_2022-09-28_180511706-250x300.png 250w, https:\/\/educacao.ufpr.br\/ensinodehistoria\/wp-content\/uploads\/sites\/15\/2023\/06\/informativo_1664399113_1_5_imagem_2022-09-28_180511706-83x100.png 83w, https:\/\/educacao.ufpr.br\/ensinodehistoria\/wp-content\/uploads\/sites\/15\/2023\/06\/informativo_1664399113_1_5_imagem_2022-09-28_180511706-47x57.png 47w\" sizes=\"(max-width: 283px) 100vw, 283px\" \/>\t\t\t\t\t\t\t\t<\/a>\n\t\t\t\t\t\t\t\t\t\t\t<figcaption class=\"widget-image-caption wp-caption-text\">Compromissos \u00c9ticos da Doc\u00eancia em Hist\u00f3ria - Publica\u00e7\u00e3o lan\u00e7ada pela Associa\u00e7\u00e3o Brasileira de Ensino de Hist\u00f3ria (ABEH)<\/figcaption>\n\t\t\t\t\t\t\t\t\t\t<\/figure>\n\t\t\t\t\t\t\t\t\t<\/div>\n\t\t\t\t<\/div>\n\t\t\t\t\t<\/div>\n\t\t<\/div>\n\t\t\t\t\t<\/div>\n\t\t<\/section>\n\t\t\t\t<\/div>\n\t\t","protected":false},"excerpt":{"rendered":"<p>\/*! elementor &#8211; v3.6.5 &#8211; 27-04-2022 *\/ .elementor-widget-image{text-align:center}.elementor-widget-image a{display:inline-block}.elementor-widget-image a img[src$=&#8221;.svg&#8221;]{width:48px}.elementor-widget-image img{vertical-align:middle;display:inline-block} A Revista Hist\u00f3ria Hoje (Qualis A1) est\u00e1 com EDITAL PARA CHAMADA DE DOSSI\u00caS [&hellip;]<\/p>\n","protected":false},"author":1081,"featured_media":0,"parent":0,"menu_order":0,"comment_status":"closed","ping_status":"closed","template":"","meta":{"_acf_changed":false,"footnotes":""},"class_list":["post-145","page","type-page","status-publish","hentry"],"acf":[],"_links":{"self":[{"href":"https:\/\/educacao.ufpr.br\/ensinodehistoria\/wp-json\/wp\/v2\/pages\/145","targetHints":{"allow":["GET"]}}],"collection":[{"href":"https:\/\/educacao.ufpr.br\/ensinodehistoria\/wp-json\/wp\/v2\/pages"}],"about":[{"href":"https:\/\/educacao.ufpr.br\/ensinodehistoria\/wp-json\/wp\/v2\/types\/page"}],"author":[{"embeddable":true,"href":"https:\/\/educacao.ufpr.br\/ensinodehistoria\/wp-json\/wp\/v2\/users\/1081"}],"replies":[{"embeddable":true,"href":"https:\/\/educacao.ufpr.br\/ensinodehistoria\/wp-json\/wp\/v2\/comments?post=145"}],"version-history":[{"count":32,"href":"https:\/\/educacao.ufpr.br\/ensinodehistoria\/wp-json\/wp\/v2\/pages\/145\/revisions"}],"predecessor-version":[{"id":248,"href":"https:\/\/educacao.ufpr.br\/ensinodehistoria\/wp-json\/wp\/v2\/pages\/145\/revisions\/248"}],"wp:attachment":[{"href":"https:\/\/educacao.ufpr.br\/ensinodehistoria\/wp-json\/wp\/v2\/media?parent=145"}],"curies":[{"name":"wp","href":"https:\/\/api.w.org\/{rel}","templated":true}]}}