{"id":174,"date":"2023-08-17T15:32:38","date_gmt":"2023-08-17T18:32:38","guid":{"rendered":"https:\/\/educacao.ufpr.br\/ensinodehistoria\/?page_id=174"},"modified":"2025-06-24T14:35:22","modified_gmt":"2025-06-24T17:35:22","slug":"publicacoes-do-projeto","status":"publish","type":"page","link":"https:\/\/educacao.ufpr.br\/ensinodehistoria\/publicacoes-do-projeto\/","title":{"rendered":"Publica\u00e7\u00f5es\u00a0do\u00a0Projeto"},"content":{"rendered":"\n<figure class=\"wp-block-image size-large is-resized\"><img fetchpriority=\"high\" decoding=\"async\" width=\"724\" height=\"1024\" src=\"https:\/\/educacao.ufpr.br\/ensinodehistoria\/wp-content\/uploads\/sites\/15\/2025\/06\/capa-724x1024.jpg\" alt=\"\" class=\"wp-image-271\" style=\"width:603px;height:auto\" srcset=\"https:\/\/educacao.ufpr.br\/ensinodehistoria\/wp-content\/uploads\/sites\/15\/2025\/06\/capa-724x1024.jpg 724w, https:\/\/educacao.ufpr.br\/ensinodehistoria\/wp-content\/uploads\/sites\/15\/2025\/06\/capa-212x300.jpg 212w, https:\/\/educacao.ufpr.br\/ensinodehistoria\/wp-content\/uploads\/sites\/15\/2025\/06\/capa-768x1086.jpg 768w, https:\/\/educacao.ufpr.br\/ensinodehistoria\/wp-content\/uploads\/sites\/15\/2025\/06\/capa-1086x1536.jpg 1086w, https:\/\/educacao.ufpr.br\/ensinodehistoria\/wp-content\/uploads\/sites\/15\/2025\/06\/capa-71x100.jpg 71w, https:\/\/educacao.ufpr.br\/ensinodehistoria\/wp-content\/uploads\/sites\/15\/2025\/06\/capa-40x57.jpg 40w, https:\/\/educacao.ufpr.br\/ensinodehistoria\/wp-content\/uploads\/sites\/15\/2025\/06\/capa.jpg 1131w\" sizes=\"(max-width: 724px) 100vw, 724px\" \/><\/figure>\n\n\n\n<p>Este material foi elaborado pela equipe do Projeto de Extens\u00e3o\u00a0<em>Ensino de Hist\u00f3ria: desafios e possibilidades<\/em>, em parceria com a equipe pedag\u00f3gica do\u00a0<em>Museu do Holocausto de Curitiba<\/em>, durante as atividades de 2023 e 2024. Continuando os estudos e discuss\u00f5es do\u00a0<em>Dossi\u00ea Did\u00e1tico Ensino de Hist\u00f3ria: ensino sobre o Holocausto<\/em>, lan\u00e7ado em 2023, neste segundo volume, mantivemos o desenvolvimento de sequ\u00eancias did\u00e1ticas, utilizando fontes e refer\u00eancias que possam subsidiar aulas de Hist\u00f3ria, acerca do tema. O diferencial, nas sequ\u00eancias desenvolvidas em 2024, foi a escolha de necessariamente ser envolvido ao menos um filme que se relacionasse ao Holocausto (ou Shoah), ou a consequ\u00eancias dele, ao longo do tempo.<\/p>\n\n\n\n<p><a href=\"https:\/\/educacao.ufpr.br\/ensinodehistoria\/wp-content\/uploads\/sites\/15\/2025\/06\/dossie-eh-vol2-ok.pdf\" target=\"_blank\" rel=\"noreferrer noopener\">Clique aqui para fazer o download<\/a><\/p>\n\n\n<figure><a href=\"https:\/\/educacao.ufpr.br\/ensinodehistoria\/wp-content\/uploads\/sites\/15\/2024\/01\/dossie-didatico-questoes-indigenas-no-parana.pdf\"><br \/><img decoding=\"async\" title=\"dossie didatico capa\" src=\"https:\/\/educacao.ufpr.br\/ensinodehistoria\/wp-content\/uploads\/sites\/15\/elementor\/thumbs\/dossie-didatico-capa-qj4grrhkobutvh8ktgkg4tuuuvc27apjttldus93e8.jpg\" alt=\"dossie didatico capa\" \/> <\/a>\n<figcaption>Clique aqui para fazer o download<\/figcaption>\n<\/figure>\n<p>Este material foi desenvolvido por estudantes participantes do Projeto de Extens\u00e3o Ensino de Hist\u00f3ria: di\u00e1logos e possibilidades, e tem como objetivo trazer subs\u00eddios, historiogr\u00e1ficos e did\u00e1ticos, para que a tem\u00e1tica ind\u00edgena possa ser abordada com maior frequ\u00eancia e de forma fundamentada em sala de aula, e em especial, trazer subs\u00eddios sobre particularidades relativas\u00a0ao\u00a0Paran\u00e1.<\/p>\n<figure><a href=\"http:\/\/u.osmfr.org\/m\/938094\/\"><br \/><img decoding=\"async\" src=\"https:\/\/educacao.ufpr.br\/ensinodehistoria\/wp-content\/uploads\/sites\/15\/2023\/09\/indigenas.png\" alt=\"\" width=\"586\" height=\"267\" \/> <\/a>\n<figcaption>Clique para acessar o portal<\/figcaption>\n<\/figure>\n<p>Neste portal, est\u00e1 o resultado de trabalhos desenvolvidos pela turma 2023 do Curso de Geografia da Universidade Federal do Paran\u00e1 (UFPR), na disciplina Forma\u00e7\u00e3o e Transforma\u00e7\u00e3o do Espa\u00e7o Brasileiro, coordenada pela Prof\u00aa. Joseli Mendon\u00e7a. Esta disciplina foi realizada em parceria com o Projeto de Extens\u00e3o Ensino de Hist\u00f3ria: di\u00e1logos e possibilidades.<br \/>Nela, buscou-se compreender o impacto que as interven\u00e7\u00f5es realizadas nos espa\u00e7os da Am\u00e9rica Portuguesa e do Brasil ocasionaram \u00e0 popula\u00e7\u00e3o ind\u00edgena.\u00a0 O portal constru\u00eddo traz uma cartografia hist\u00f3rica, que diz sobre a viol\u00eancia cometida contra essas popula\u00e7\u00f5es, mas evidencia tamb\u00e9m o protagonismo que tiveram e as a\u00e7\u00f5es de resist\u00eancia que empreenderam.<\/p>\n<figure><a href=\"https:\/\/educacao.ufpr.br\/ensinodehistoria\/wp-content\/uploads\/sites\/15\/2023\/08\/dossie-didatico-ensino-de-historia_comprimido.pdf\"><br \/><img decoding=\"async\" src=\"https:\/\/educacao.ufpr.br\/ensinodehistoria\/wp-content\/uploads\/sites\/15\/2023\/08\/dossie-eh.jpg\" alt=\"\" width=\"389\" height=\"579\" \/> <\/a>\n<figcaption>Clique para fazer download<\/figcaption>\n<\/figure>\n<p>O <em>Dossi\u00ea Did\u00e1tico Ensino de Hist\u00f3ria: ensino sobre o Holocausto<\/em> \u00e9 uma produ\u00e7\u00e3o coletiva, do <em>Projeto de Extens\u00e3o Ensino de Hist\u00f3ria: di\u00e1logos e possibilidades<\/em>, em sua parceria com o Museu do Holocausto de Curitiba.<\/p>\n<p>Ele \u00e9 composto por nove sequ\u00eancias did\u00e1ticas, que abordam distintas problematiza\u00e7\u00f5es relacionadas \u00e0 tem\u00e1tica do Holocausto. As proposi\u00e7\u00f5es did\u00e1ticas, voltadas para o ensino de Hist\u00f3ria, foram desenvolvidas a partir de diferentes fontes hist\u00f3ricas do acervo do Museu, ou de publica\u00e7\u00f5es dele, e outras fontes complementares, al\u00e9m de algumas trazerem textos de apoio e sugest\u00f5es de bibliografias e audiovisuais. As problematiza\u00e7\u00f5es propostas envolvem desde rela\u00e7\u00f5es entre o passado e o presente (podendo-se perspectivar o futuro), a di\u00e1logos com o \u00e2mbito nacional, regional ou local.<\/p>\n<p>O objetivo \u00e9 que este Dossi\u00ea contribua para o desenvolvimento de uma consci\u00eancia hist\u00f3rica mais cr\u00edtica e fundamentada sobre a tem\u00e1tica do Holocausto; e para a reflex\u00e3o sobre como as escolhas e valores de cada pessoa ou coletividade \u2013 a que ideias, propostas e situa\u00e7\u00f5es permanecem omissas, ou aderem\/apoiam, ou resistem \u2013 impactam na Hist\u00f3ria e em tantas outras vidas, ao longo do tempo. Como no passado que \u00e9 abordado neste Dossi\u00ea, \u00e9 poss\u00edvel observar no presente similaridades, valores e desafios que precisam ser enfrentados e transformados. A expectativa \u00e9 que este Dossi\u00ea contribua para essas mudan\u00e7as necess\u00e1rias.<\/p>\n<p>Ele est\u00e1 dispon\u00edvel para download gratuito, e em breve, esperamos conseguir t\u00ea-lo impresso, para distribui\u00e7\u00e3o gratuita, tamb\u00e9m.<\/p>\n<p><br \/><img loading=\"lazy\" decoding=\"async\" src=\"https:\/\/educacao.ufpr.br\/ensinodehistoria\/wp-content\/uploads\/sites\/15\/2023\/08\/livro-eh.jpg\" alt=\"\" width=\"265\" height=\"429\" \/><\/p>\n<p>O livro <em>Ensino de Hist\u00f3ria: contribui\u00e7\u00f5es a partir da Hist\u00f3ria Local<\/em>, surge a partir do curso de extens\u00e3o intitulado <em>Ensino de Hist\u00f3ria e Hist\u00f3ria Local<\/em> que aconteceu no segundo semestre de 2021, promovido pelo <em>Projeto de Extens\u00e3o Ensino de Hist\u00f3ria: di\u00e1logos e possibilidades<\/em>. Nesta dire\u00e7\u00e3o os cap\u00edtulos que comp\u00f5em a obra s\u00e3o resultado de investiga\u00e7\u00f5es que envolveram a tem\u00e1tica hist\u00f3ria local ou regional, alguns resultados de pesquisas realizadas em programas de p\u00f3s-gradua\u00e7\u00e3o, outros resultados de pesquisas em andamento e outros tamb\u00e9m relatos de experi\u00eancias desenvolvidas junto a professores\/as da Educa\u00e7\u00e3o B\u00e1sica. S\u00e3o tem\u00e1ticas distintas, mas que assumem, cada uma \u00e0 sua maneira, uma preocupa\u00e7\u00e3o com o ensino da Hist\u00f3ria local ou regional.<\/p>\n<p>Est\u00e1 dispon\u00edvel para aquisi\u00e7\u00e3o em livrarias, e no site da Editora Appris:<\/p>\n<p><blockquote class=\"wp-embedded-content\" data-secret=\"oWDTjFhR25\"><a href=\"https:\/\/editoraappris.com.br\/produto\/ensino-de-historia-contribuicoes-a-partir-da-historia-local\/\">Ensino de Hist\u00f3ria: Contribui\u00e7\u00f5es a Partir da Hist\u00f3ria Local<\/a><\/blockquote><iframe class=\"wp-embedded-content\" sandbox=\"allow-scripts\" security=\"restricted\" style=\"position: absolute; visibility: hidden;\" title=\"&#8220;Ensino de Hist\u00f3ria: Contribui\u00e7\u00f5es a Partir da Hist\u00f3ria Local&#8221; &#8212; Editora Appris\" src=\"https:\/\/editoraappris.com.br\/produto\/ensino-de-historia-contribuicoes-a-partir-da-historia-local\/embed\/#?secret=21MaGVgmaF#?secret=oWDTjFhR25\" data-secret=\"oWDTjFhR25\" width=\"500\" height=\"282\" frameborder=\"0\" marginwidth=\"0\" marginheight=\"0\" scrolling=\"no\"><\/iframe><\/p>\n\n\n<p><\/p>\n","protected":false},"excerpt":{"rendered":"<p>Este material foi elaborado pela equipe do Projeto de Extens\u00e3o\u00a0Ensino de Hist\u00f3ria: desafios e possibilidades, em parceria com a equipe pedag\u00f3gica do\u00a0Museu do Holocausto de [&hellip;]<\/p>\n","protected":false},"author":1081,"featured_media":0,"parent":0,"menu_order":0,"comment_status":"closed","ping_status":"closed","template":"","meta":{"_acf_changed":false,"footnotes":""},"class_list":["post-174","page","type-page","status-publish","hentry"],"acf":[],"_links":{"self":[{"href":"https:\/\/educacao.ufpr.br\/ensinodehistoria\/wp-json\/wp\/v2\/pages\/174","targetHints":{"allow":["GET"]}}],"collection":[{"href":"https:\/\/educacao.ufpr.br\/ensinodehistoria\/wp-json\/wp\/v2\/pages"}],"about":[{"href":"https:\/\/educacao.ufpr.br\/ensinodehistoria\/wp-json\/wp\/v2\/types\/page"}],"author":[{"embeddable":true,"href":"https:\/\/educacao.ufpr.br\/ensinodehistoria\/wp-json\/wp\/v2\/users\/1081"}],"replies":[{"embeddable":true,"href":"https:\/\/educacao.ufpr.br\/ensinodehistoria\/wp-json\/wp\/v2\/comments?post=174"}],"version-history":[{"count":17,"href":"https:\/\/educacao.ufpr.br\/ensinodehistoria\/wp-json\/wp\/v2\/pages\/174\/revisions"}],"predecessor-version":[{"id":273,"href":"https:\/\/educacao.ufpr.br\/ensinodehistoria\/wp-json\/wp\/v2\/pages\/174\/revisions\/273"}],"wp:attachment":[{"href":"https:\/\/educacao.ufpr.br\/ensinodehistoria\/wp-json\/wp\/v2\/media?parent=174"}],"curies":[{"name":"wp","href":"https:\/\/api.w.org\/{rel}","templated":true}]}}