{"id":12,"date":"2022-10-13T08:57:47","date_gmt":"2022-10-13T11:57:47","guid":{"rendered":"https:\/\/educacao.ufpr.br\/formacaofilosofica\/?page_id=12"},"modified":"2022-10-14T17:07:02","modified_gmt":"2022-10-14T20:07:02","slug":"carta-nautica","status":"publish","type":"page","link":"https:\/\/educacao.ufpr.br\/formacaofilosofica\/","title":{"rendered":"Carta N\u00e1utica"},"content":{"rendered":"\n<div class=\"wp-block-media-text alignwide is-stacked-on-mobile is-vertically-aligned-top\" style=\"grid-template-columns:43% auto\"><figure class=\"wp-block-media-text__media\"><img fetchpriority=\"high\" decoding=\"async\" width=\"665\" height=\"642\" src=\"https:\/\/educacao.ufpr.br\/formacaofilosofica\/wp-content\/uploads\/sites\/17\/2022\/10\/banner-filosofia.png\" alt=\"\" class=\"wp-image-14 size-full\" srcset=\"https:\/\/educacao.ufpr.br\/formacaofilosofica\/wp-content\/uploads\/sites\/17\/2022\/10\/banner-filosofia.png 665w, https:\/\/educacao.ufpr.br\/formacaofilosofica\/wp-content\/uploads\/sites\/17\/2022\/10\/banner-filosofia-300x290.png 300w, https:\/\/educacao.ufpr.br\/formacaofilosofica\/wp-content\/uploads\/sites\/17\/2022\/10\/banner-filosofia-104x100.png 104w, https:\/\/educacao.ufpr.br\/formacaofilosofica\/wp-content\/uploads\/sites\/17\/2022\/10\/banner-filosofia-59x57.png 59w\" sizes=\"(max-width: 665px) 100vw, 665px\" \/><\/figure><div class=\"wp-block-media-text__content\">\n<p><strong>Carta N\u00e1utica<\/strong> <\/p>\n\n\n\n<p>O projeto de <strong>Filosofia no Ensino Fundamental<\/strong> <strong>da UFPR<\/strong> iniciou suas atividades no ano de 2016, quando nos propomos a construir materiais filos\u00f3ficos e did\u00e1ticos para crian\u00e7as e jovens. Nosso trabalho de pesquisa tem a hist\u00f3ria da filosofia como referencial bibliogr\u00e1fico que mant\u00e9m a originalidade do processo de cria\u00e7\u00e3o.<\/p>\n\n\n\n<p>A saga filos\u00f3fica de <strong><em>Uma Viagem pela Filosofia<\/em><\/strong>, al\u00e9m de provocar discuss\u00f5es busca envolver professores e estudantes em atividades interdisciplinares, que contribuem para um entendimento de mundo mais amplo e respeitoso.<\/p>\n<\/div><\/div>\n\n\n\n<p>No decorrer dos anos nossas experi\u00eancias foram sendo aprimoradas para levar \u00e0 escola a oportunidade de construir o h\u00e1bito da leitura e discuss\u00e3o filos\u00f3fica, a partir de textos especialmente escritos para a inf\u00e2ncia e juventude. Ap\u00f3s longo percurso publicamos o primeiro livro da saga <strong><em>Uma vigem pela Filosofia \u2013 O Encontro<\/em><\/strong> (CRV, 2021).<\/p>\n\n\n\n<p>No ano de 2022 nossa proposta foi ampliada e agora buscamos desenvolver as atividades filos\u00f3ficas aliadas a literatura para a inf\u00e2ncia, como estrat\u00e9gia de cultuarmos a leitura e a metodologia filos\u00f3fica em todos os momentos escolares.<\/p>\n\n\n\n<p>Nosso objetivo \u00e9 proporcionar \u00e0s escolas e professores oportunidades de acolher crian\u00e7as e jovens atrav\u00e9s da aventura do pensamento, onde conhecer, pensar e agir sejam a\u00e7\u00f5es cont\u00ednuas para valorizar a democracia, as virtudes e os valores humanos mais preciosos.&nbsp;<\/p>\n\n\n\n<p>A filosofia e a literatura para inf\u00e2ncia contribuem para a inicia\u00e7\u00e3o filos\u00f3fica de crian\u00e7as e jovens e tem forte v\u00ednculo com os objetivos de desenvolvimento sustent\u00e1vel (ODS). A essas crian\u00e7as e jovens devemos nossos mais valorosos esfor\u00e7os.<\/p>\n\n\n\n<p>A filosofia \u00e9 nossa inspira\u00e7\u00e3o, a aventura \u00e9 nosso destino!<\/p>\n\n\n\n<p>Aventura do pensamento!<\/p>\n\n\n\n<p>Aventura do conhecimento!<\/p>\n\n\n\n<p>Aventura da imagina\u00e7\u00e3o!<\/p>\n","protected":false},"excerpt":{"rendered":"<p>Carta N\u00e1utica O projeto de Filosofia no Ensino Fundamental da UFPR iniciou suas atividades no ano de 2016, quando nos propomos a construir materiais filos\u00f3ficos [&hellip;]<\/p>\n","protected":false},"author":1081,"featured_media":0,"parent":0,"menu_order":0,"comment_status":"closed","ping_status":"closed","template":"","meta":{"_acf_changed":false,"footnotes":""},"class_list":["post-12","page","type-page","status-publish","hentry"],"acf":[],"_links":{"self":[{"href":"https:\/\/educacao.ufpr.br\/formacaofilosofica\/wp-json\/wp\/v2\/pages\/12","targetHints":{"allow":["GET"]}}],"collection":[{"href":"https:\/\/educacao.ufpr.br\/formacaofilosofica\/wp-json\/wp\/v2\/pages"}],"about":[{"href":"https:\/\/educacao.ufpr.br\/formacaofilosofica\/wp-json\/wp\/v2\/types\/page"}],"author":[{"embeddable":true,"href":"https:\/\/educacao.ufpr.br\/formacaofilosofica\/wp-json\/wp\/v2\/users\/1081"}],"replies":[{"embeddable":true,"href":"https:\/\/educacao.ufpr.br\/formacaofilosofica\/wp-json\/wp\/v2\/comments?post=12"}],"version-history":[{"count":3,"href":"https:\/\/educacao.ufpr.br\/formacaofilosofica\/wp-json\/wp\/v2\/pages\/12\/revisions"}],"predecessor-version":[{"id":70,"href":"https:\/\/educacao.ufpr.br\/formacaofilosofica\/wp-json\/wp\/v2\/pages\/12\/revisions\/70"}],"wp:attachment":[{"href":"https:\/\/educacao.ufpr.br\/formacaofilosofica\/wp-json\/wp\/v2\/media?parent=12"}],"curies":[{"name":"wp","href":"https:\/\/api.w.org\/{rel}","templated":true}]}}