{"id":18,"date":"2022-10-13T09:17:58","date_gmt":"2022-10-13T12:17:58","guid":{"rendered":"https:\/\/educacao.ufpr.br\/formacaofilosofica\/?page_id=18"},"modified":"2022-10-14T16:17:00","modified_gmt":"2022-10-14T19:17:00","slug":"zarpando","status":"publish","type":"page","link":"https:\/\/educacao.ufpr.br\/formacaofilosofica\/zarpando\/","title":{"rendered":"Zarpando"},"content":{"rendered":"\n<div class=\"wp-block-media-text alignwide is-stacked-on-mobile\" style=\"grid-template-columns:30% auto\"><figure class=\"wp-block-media-text__media\"><img fetchpriority=\"high\" decoding=\"async\" width=\"660\" height=\"1024\" src=\"https:\/\/educacao.ufpr.br\/formacaofilosofica\/wp-content\/uploads\/sites\/17\/2022\/10\/capa-livro.jpeg\" alt=\"\" class=\"wp-image-19 size-full\" srcset=\"https:\/\/educacao.ufpr.br\/formacaofilosofica\/wp-content\/uploads\/sites\/17\/2022\/10\/capa-livro.jpeg 660w, https:\/\/educacao.ufpr.br\/formacaofilosofica\/wp-content\/uploads\/sites\/17\/2022\/10\/capa-livro-193x300.jpeg 193w, https:\/\/educacao.ufpr.br\/formacaofilosofica\/wp-content\/uploads\/sites\/17\/2022\/10\/capa-livro-64x100.jpeg 64w, https:\/\/educacao.ufpr.br\/formacaofilosofica\/wp-content\/uploads\/sites\/17\/2022\/10\/capa-livro-37x57.jpeg 37w\" sizes=\"(max-width: 660px) 100vw, 660px\" \/><\/figure><div class=\"wp-block-media-text__content\">\n<p><strong>Zarpando<\/strong><\/p>\n\n\n\n<p>Um grupo de crian\u00e7as acorda misteriosamente no por\u00e3o de um navio, eles n\u00e3o se conhecem. Depois do primeiro estranhamento, iniciam uma aventura para sair daquele lugar. Discutem sobre o m\u00e9todo filos\u00f3fico para resolver problemas, sobre concep\u00e7\u00f5es de universo, sobre o medo e dificuldades, sobre a beleza da m\u00fasica e os talentos humanos. Quando conseguem abrir a fechadura novos desafios est\u00e3o \u00e0 sua espera, por\u00e9m uma quest\u00e3o paira no ar: Por que est\u00e3o neste navio? Est\u00e3o perdidos? Por que s\u00e3o t\u00e3o diferentes? Por fim, um inesperado personagem os espera na casa de m\u00e1quinas, com muito mais quest\u00f5es.<\/p>\n<\/div><\/div>\n\n\n\n<p><\/p>\n","protected":false},"excerpt":{"rendered":"<p>Zarpando Um grupo de crian\u00e7as acorda misteriosamente no por\u00e3o de um navio, eles n\u00e3o se conhecem. Depois do primeiro estranhamento, iniciam uma aventura para sair [&hellip;]<\/p>\n","protected":false},"author":1081,"featured_media":0,"parent":0,"menu_order":0,"comment_status":"closed","ping_status":"closed","template":"","meta":{"_acf_changed":false,"footnotes":""},"class_list":["post-18","page","type-page","status-publish","hentry"],"acf":[],"_links":{"self":[{"href":"https:\/\/educacao.ufpr.br\/formacaofilosofica\/wp-json\/wp\/v2\/pages\/18","targetHints":{"allow":["GET"]}}],"collection":[{"href":"https:\/\/educacao.ufpr.br\/formacaofilosofica\/wp-json\/wp\/v2\/pages"}],"about":[{"href":"https:\/\/educacao.ufpr.br\/formacaofilosofica\/wp-json\/wp\/v2\/types\/page"}],"author":[{"embeddable":true,"href":"https:\/\/educacao.ufpr.br\/formacaofilosofica\/wp-json\/wp\/v2\/users\/1081"}],"replies":[{"embeddable":true,"href":"https:\/\/educacao.ufpr.br\/formacaofilosofica\/wp-json\/wp\/v2\/comments?post=18"}],"version-history":[{"count":3,"href":"https:\/\/educacao.ufpr.br\/formacaofilosofica\/wp-json\/wp\/v2\/pages\/18\/revisions"}],"predecessor-version":[{"id":58,"href":"https:\/\/educacao.ufpr.br\/formacaofilosofica\/wp-json\/wp\/v2\/pages\/18\/revisions\/58"}],"wp:attachment":[{"href":"https:\/\/educacao.ufpr.br\/formacaofilosofica\/wp-json\/wp\/v2\/media?parent=18"}],"curies":[{"name":"wp","href":"https:\/\/api.w.org\/{rel}","templated":true}]}}