{"id":21,"date":"2022-10-13T09:47:39","date_gmt":"2022-10-13T12:47:39","guid":{"rendered":"https:\/\/educacao.ufpr.br\/formacaofilosofica\/?page_id=21"},"modified":"2022-10-14T16:18:52","modified_gmt":"2022-10-14T19:18:52","slug":"mensagem-na-garrafa","status":"publish","type":"page","link":"https:\/\/educacao.ufpr.br\/formacaofilosofica\/mensagem-na-garrafa\/","title":{"rendered":"Mensagem na garrafa"},"content":{"rendered":"\n<p><strong>Mensagem na garrafa<\/strong> <\/p>\n\n\n\n<div class=\"wp-block-columns is-layout-flex wp-container-core-columns-is-layout-9d6595d7 wp-block-columns-is-layout-flex\">\n<div class=\"wp-block-column is-layout-flow wp-block-column-is-layout-flow\">\n<p>Universidade Federal do Paran\u00e1<\/p>\n\n\n\n<p>Setor de Educa\u00e7\u00e3o<\/p>\n\n\n\n<p>Endere\u00e7o: Rua Rockefeller, 57 <\/p>\n\n\n\n<p>Cep 80.230-130<\/p>\n\n\n\n<p>Campus Rebou\u00e7as<\/p>\n\n\n\n<p>E-mail: <a href=\"mailto:formacaofilosofica@gmail.com\">formacaofilosofica@gmail.com<\/a><\/p>\n<\/div>\n\n\n\n<div class=\"wp-block-column is-layout-flow wp-block-column-is-layout-flow\">\t\t<div\n            id=\"wpmapblock_dce4fed2\"\n            data-settings='{&quot;map_marker&quot;:[{&quot;lat&quot;:&quot;-25.43730925&quot;,&quot;lng&quot;:&quot;-49.26405864864978&quot;,&quot;title&quot;:&quot;Campus Rebou\\u00e7as - UFPR&quot;,&quot;content&quot;:&quot;Setor de Educa\\u00e7\\u00e3o&quot;,&quot;iconType&quot;:&quot;default&quot;,&quot;customIconUrl&quot;:&quot;&quot;,&quot;customIconWidth&quot;:&quot;25&quot;,&quot;customIconHeight&quot;:&quot;40&quot;}],&quot;map_zoom&quot;:&quot;15&quot;,&quot;scroll_wheel_zoom&quot;:false,&quot;map_type&quot;:&quot;GM&quot;,&quot;center_index&quot;:0}'\n            class=\"wpmapblockrender\"\n            style=\"\n\t\t\twidth: 100%;\n\t\t\theight: 318px;\n\t\t\"\n            >\n        <\/div>\n        <\/div>\n<\/div>\n\n\n\n<h2 class=\"has-text-align-center wp-block-heading\">Nosso projeto nas Redes Sociais<\/h2>\n\n\n\n<div class=\"wp-block-columns is-layout-flex wp-container-core-columns-is-layout-9d6595d7 wp-block-columns-is-layout-flex\">\n<div class=\"wp-block-column is-layout-flow wp-block-column-is-layout-flow\">\n<div class=\"wp-block-image\"><figure class=\"aligncenter size-full is-resized\"><a href=\"https:\/\/www.youtube.com\/channel\/UCsa2-iUenhMSY5hl_ecBTDA\"><img decoding=\"async\" src=\"https:\/\/educacao.ufpr.br\/formacaofilosofica\/wp-content\/uploads\/sites\/17\/2022\/10\/icone-youtube.png\" alt=\"\" class=\"wp-image-22\" width=\"131\" height=\"131\" srcset=\"https:\/\/educacao.ufpr.br\/formacaofilosofica\/wp-content\/uploads\/sites\/17\/2022\/10\/icone-youtube.png 512w, https:\/\/educacao.ufpr.br\/formacaofilosofica\/wp-content\/uploads\/sites\/17\/2022\/10\/icone-youtube-300x300.png 300w, https:\/\/educacao.ufpr.br\/formacaofilosofica\/wp-content\/uploads\/sites\/17\/2022\/10\/icone-youtube-150x150.png 150w, https:\/\/educacao.ufpr.br\/formacaofilosofica\/wp-content\/uploads\/sites\/17\/2022\/10\/icone-youtube-100x100.png 100w, https:\/\/educacao.ufpr.br\/formacaofilosofica\/wp-content\/uploads\/sites\/17\/2022\/10\/icone-youtube-57x57.png 57w\" sizes=\"(max-width: 131px) 100vw, 131px\" \/><\/a><\/figure><\/div>\n<\/div>\n\n\n\n<div class=\"wp-block-column is-layout-flow wp-block-column-is-layout-flow\">\n<div class=\"wp-block-image\"><figure class=\"aligncenter size-full is-resized\"><a href=\"https:\/\/www.facebook.com\/filosofianoensinofundamental\"><img decoding=\"async\" src=\"https:\/\/educacao.ufpr.br\/formacaofilosofica\/wp-content\/uploads\/sites\/17\/2022\/10\/facebook_icon_2013.png\" alt=\"\" class=\"wp-image-24\" width=\"116\" height=\"116\" srcset=\"https:\/\/educacao.ufpr.br\/formacaofilosofica\/wp-content\/uploads\/sites\/17\/2022\/10\/facebook_icon_2013.png 640w, https:\/\/educacao.ufpr.br\/formacaofilosofica\/wp-content\/uploads\/sites\/17\/2022\/10\/facebook_icon_2013-300x300.png 300w, https:\/\/educacao.ufpr.br\/formacaofilosofica\/wp-content\/uploads\/sites\/17\/2022\/10\/facebook_icon_2013-150x150.png 150w, https:\/\/educacao.ufpr.br\/formacaofilosofica\/wp-content\/uploads\/sites\/17\/2022\/10\/facebook_icon_2013-100x100.png 100w, https:\/\/educacao.ufpr.br\/formacaofilosofica\/wp-content\/uploads\/sites\/17\/2022\/10\/facebook_icon_2013-57x57.png 57w\" sizes=\"(max-width: 116px) 100vw, 116px\" \/><\/a><\/figure><\/div>\n<\/div>\n\n\n\n<div class=\"wp-block-column is-layout-flow wp-block-column-is-layout-flow\">\n<div class=\"wp-block-image\"><figure class=\"aligncenter size-full is-resized\"><a href=\"https:\/\/www.instagram.com\/filosofia_fundamental\/\"><img decoding=\"async\" src=\"https:\/\/educacao.ufpr.br\/formacaofilosofica\/wp-content\/uploads\/sites\/17\/2022\/10\/logo-instagram.png\" alt=\"\" class=\"wp-image-27\" width=\"128\" height=\"128\" srcset=\"https:\/\/educacao.ufpr.br\/formacaofilosofica\/wp-content\/uploads\/sites\/17\/2022\/10\/logo-instagram.png 400w, https:\/\/educacao.ufpr.br\/formacaofilosofica\/wp-content\/uploads\/sites\/17\/2022\/10\/logo-instagram-300x300.png 300w, https:\/\/educacao.ufpr.br\/formacaofilosofica\/wp-content\/uploads\/sites\/17\/2022\/10\/logo-instagram-150x150.png 150w, https:\/\/educacao.ufpr.br\/formacaofilosofica\/wp-content\/uploads\/sites\/17\/2022\/10\/logo-instagram-100x100.png 100w, https:\/\/educacao.ufpr.br\/formacaofilosofica\/wp-content\/uploads\/sites\/17\/2022\/10\/logo-instagram-57x57.png 57w\" sizes=\"(max-width: 128px) 100vw, 128px\" \/><\/a><\/figure><\/div>\n<\/div>\n<\/div>\n\n\n\n<p><\/p>\n","protected":false},"excerpt":{"rendered":"<p>Mensagem na garrafa Universidade Federal do Paran\u00e1 Setor de Educa\u00e7\u00e3o Endere\u00e7o: Rua Rockefeller, 57 Cep 80.230-130 Campus Rebou\u00e7as E-mail: formacaofilosofica@gmail.com Nosso projeto nas Redes Sociais<\/p>\n","protected":false},"author":1081,"featured_media":0,"parent":0,"menu_order":0,"comment_status":"closed","ping_status":"closed","template":"","meta":{"_acf_changed":false,"footnotes":""},"class_list":["post-21","page","type-page","status-publish","hentry"],"acf":[],"_links":{"self":[{"href":"https:\/\/educacao.ufpr.br\/formacaofilosofica\/wp-json\/wp\/v2\/pages\/21","targetHints":{"allow":["GET"]}}],"collection":[{"href":"https:\/\/educacao.ufpr.br\/formacaofilosofica\/wp-json\/wp\/v2\/pages"}],"about":[{"href":"https:\/\/educacao.ufpr.br\/formacaofilosofica\/wp-json\/wp\/v2\/types\/page"}],"author":[{"embeddable":true,"href":"https:\/\/educacao.ufpr.br\/formacaofilosofica\/wp-json\/wp\/v2\/users\/1081"}],"replies":[{"embeddable":true,"href":"https:\/\/educacao.ufpr.br\/formacaofilosofica\/wp-json\/wp\/v2\/comments?post=21"}],"version-history":[{"count":3,"href":"https:\/\/educacao.ufpr.br\/formacaofilosofica\/wp-json\/wp\/v2\/pages\/21\/revisions"}],"predecessor-version":[{"id":61,"href":"https:\/\/educacao.ufpr.br\/formacaofilosofica\/wp-json\/wp\/v2\/pages\/21\/revisions\/61"}],"wp:attachment":[{"href":"https:\/\/educacao.ufpr.br\/formacaofilosofica\/wp-json\/wp\/v2\/media?parent=21"}],"curies":[{"name":"wp","href":"https:\/\/api.w.org\/{rel}","templated":true}]}}