{"id":41,"date":"2022-10-14T15:49:24","date_gmt":"2022-10-14T18:49:24","guid":{"rendered":"https:\/\/educacao.ufpr.br\/formacaofilosofica\/?page_id=41"},"modified":"2022-10-14T16:57:36","modified_gmt":"2022-10-14T19:57:36","slug":"tripu","status":"publish","type":"page","link":"https:\/\/educacao.ufpr.br\/formacaofilosofica\/tripu\/","title":{"rendered":"Tripula\u00e7\u00e3o"},"content":{"rendered":"\t\t<div data-elementor-type=\"wp-page\" data-elementor-id=\"41\" class=\"elementor elementor-41\">\n\t\t\t\t\t\t<section class=\"elementor-section elementor-top-section elementor-element elementor-element-f6d53dd elementor-section-boxed elementor-section-height-default elementor-section-height-default\" data-id=\"f6d53dd\" data-element_type=\"section\">\n\t\t\t\t\t\t<div class=\"elementor-container elementor-column-gap-default\">\n\t\t\t\t\t<div class=\"elementor-column elementor-col-33 elementor-top-column elementor-element elementor-element-7572bb3\" data-id=\"7572bb3\" data-element_type=\"column\">\n\t\t\t<div class=\"elementor-widget-wrap elementor-element-populated\">\n\t\t\t\t\t\t<div class=\"elementor-element elementor-element-1616e0e elementor-widget elementor-widget-image\" data-id=\"1616e0e\" data-element_type=\"widget\" data-widget_type=\"image.default\">\n\t\t\t\t<div class=\"elementor-widget-container\">\n\t\t\t\t\t\t\t\t\t\t\t\t\t\t\t<img fetchpriority=\"high\" decoding=\"async\" width=\"300\" height=\"300\" src=\"https:\/\/educacao.ufpr.br\/formacaofilosofica\/wp-content\/uploads\/sites\/17\/2022\/10\/karen-300x300.jpeg\" class=\"attachment-medium size-medium wp-image-46\" alt=\"\" srcset=\"https:\/\/educacao.ufpr.br\/formacaofilosofica\/wp-content\/uploads\/sites\/17\/2022\/10\/karen-300x300.jpeg 300w, https:\/\/educacao.ufpr.br\/formacaofilosofica\/wp-content\/uploads\/sites\/17\/2022\/10\/karen-150x150.jpeg 150w, https:\/\/educacao.ufpr.br\/formacaofilosofica\/wp-content\/uploads\/sites\/17\/2022\/10\/karen-100x100.jpeg 100w, https:\/\/educacao.ufpr.br\/formacaofilosofica\/wp-content\/uploads\/sites\/17\/2022\/10\/karen-57x57.jpeg 57w, https:\/\/educacao.ufpr.br\/formacaofilosofica\/wp-content\/uploads\/sites\/17\/2022\/10\/karen.jpeg 636w\" sizes=\"(max-width: 300px) 100vw, 300px\" \/>\t\t\t\t\t\t\t\t\t\t\t\t\t\t\t<\/div>\n\t\t\t\t<\/div>\n\t\t\t\t\t<\/div>\n\t\t<\/div>\n\t\t\t\t<div class=\"elementor-column elementor-col-66 elementor-top-column elementor-element elementor-element-fd3fd6f\" data-id=\"fd3fd6f\" data-element_type=\"column\">\n\t\t\t<div class=\"elementor-widget-wrap elementor-element-populated\">\n\t\t\t\t\t\t<div class=\"elementor-element elementor-element-a922404 elementor-widget elementor-widget-text-editor\" data-id=\"a922404\" data-element_type=\"widget\" data-widget_type=\"text-editor.default\">\n\t\t\t\t<div class=\"elementor-widget-container\">\n\t\t\t\t\t\t\t\t\t<p>Sou Karen Franklin, fil\u00f3sofa e professora do setor de educa\u00e7\u00e3o da UFPR. Atuo na forma\u00e7\u00e3o de professores h\u00e1 mais de 25 anos e tenho trabalhado com filosofia para\/na inf\u00e2ncia nos \u00faltimos anos. Gosto de contar e imaginar novas hist\u00f3rias que envolvam filosofia e seus mist\u00e9rios, tamb\u00e9m gosto muito de viajar e conhecer novas culturas, que s\u00e3o minha inspira\u00e7\u00e3o.<\/p>\t\t\t\t\t\t\t\t<\/div>\n\t\t\t\t<\/div>\n\t\t\t\t\t<\/div>\n\t\t<\/div>\n\t\t\t\t\t<\/div>\n\t\t<\/section>\n\t\t\t\t<section class=\"elementor-section elementor-top-section elementor-element elementor-element-9bb202d elementor-section-boxed elementor-section-height-default elementor-section-height-default\" data-id=\"9bb202d\" data-element_type=\"section\">\n\t\t\t\t\t\t<div class=\"elementor-container elementor-column-gap-default\">\n\t\t\t\t\t<div class=\"elementor-column elementor-col-33 elementor-top-column elementor-element elementor-element-8c809e4\" data-id=\"8c809e4\" data-element_type=\"column\">\n\t\t\t<div class=\"elementor-widget-wrap elementor-element-populated\">\n\t\t\t\t\t\t<div class=\"elementor-element elementor-element-1bf734b elementor-widget elementor-widget-image\" data-id=\"1bf734b\" data-element_type=\"widget\" data-widget_type=\"image.default\">\n\t\t\t\t<div class=\"elementor-widget-container\">\n\t\t\t\t\t\t\t\t\t\t\t\t\t\t\t<img decoding=\"async\" width=\"300\" height=\"300\" src=\"https:\/\/educacao.ufpr.br\/formacaofilosofica\/wp-content\/uploads\/sites\/17\/2022\/10\/luciana-300x300.jpeg\" class=\"attachment-medium size-medium wp-image-47\" alt=\"\" srcset=\"https:\/\/educacao.ufpr.br\/formacaofilosofica\/wp-content\/uploads\/sites\/17\/2022\/10\/luciana-300x300.jpeg 300w, https:\/\/educacao.ufpr.br\/formacaofilosofica\/wp-content\/uploads\/sites\/17\/2022\/10\/luciana-150x150.jpeg 150w, https:\/\/educacao.ufpr.br\/formacaofilosofica\/wp-content\/uploads\/sites\/17\/2022\/10\/luciana-768x767.jpeg 768w, https:\/\/educacao.ufpr.br\/formacaofilosofica\/wp-content\/uploads\/sites\/17\/2022\/10\/luciana-100x100.jpeg 100w, https:\/\/educacao.ufpr.br\/formacaofilosofica\/wp-content\/uploads\/sites\/17\/2022\/10\/luciana-57x57.jpeg 57w, https:\/\/educacao.ufpr.br\/formacaofilosofica\/wp-content\/uploads\/sites\/17\/2022\/10\/luciana.jpeg 1024w\" sizes=\"(max-width: 300px) 100vw, 300px\" \/>\t\t\t\t\t\t\t\t\t\t\t\t\t\t\t<\/div>\n\t\t\t\t<\/div>\n\t\t\t\t\t<\/div>\n\t\t<\/div>\n\t\t\t\t<div class=\"elementor-column elementor-col-66 elementor-top-column elementor-element elementor-element-351bde4\" data-id=\"351bde4\" data-element_type=\"column\">\n\t\t\t<div class=\"elementor-widget-wrap elementor-element-populated\">\n\t\t\t\t\t\t<div class=\"elementor-element elementor-element-73d54ed elementor-widget elementor-widget-text-editor\" data-id=\"73d54ed\" data-element_type=\"widget\" data-widget_type=\"text-editor.default\">\n\t\t\t\t<div class=\"elementor-widget-container\">\n\t\t\t\t\t\t\t\t\t<p>Sou Luciana Ribeiro Pinheiro, pedagoga, professora do setor de educa\u00e7\u00e3o da UFPR. Estudo a apropria\u00e7\u00e3o e o desenvolvimento em linguagens verbal e n\u00e3o verbal. Trabalho com forma\u00e7\u00e3o de professores h\u00e1 aproximadamente 30 anos. Gosto de criar hist\u00f3rias, contar hist\u00f3rias, ilustr\u00e1-las, criar jogos e brincadeiras, grafitar, e tudo que envolva criatividade, arte e educa\u00e7\u00e3o.<\/p>\t\t\t\t\t\t\t\t<\/div>\n\t\t\t\t<\/div>\n\t\t\t\t\t<\/div>\n\t\t<\/div>\n\t\t\t\t\t<\/div>\n\t\t<\/section>\n\t\t\t\t<section class=\"elementor-section elementor-top-section elementor-element elementor-element-e6fa921 elementor-section-boxed elementor-section-height-default elementor-section-height-default\" data-id=\"e6fa921\" data-element_type=\"section\">\n\t\t\t\t\t\t<div class=\"elementor-container elementor-column-gap-default\">\n\t\t\t\t\t<div class=\"elementor-column elementor-col-33 elementor-top-column elementor-element elementor-element-c08a61c\" data-id=\"c08a61c\" data-element_type=\"column\">\n\t\t\t<div class=\"elementor-widget-wrap elementor-element-populated\">\n\t\t\t\t\t\t<div class=\"elementor-element elementor-element-3f8fb70 elementor-widget elementor-widget-image\" data-id=\"3f8fb70\" data-element_type=\"widget\" data-widget_type=\"image.default\">\n\t\t\t\t<div class=\"elementor-widget-container\">\n\t\t\t\t\t\t\t\t\t\t\t\t\t\t\t<img decoding=\"async\" width=\"191\" height=\"300\" src=\"https:\/\/educacao.ufpr.br\/formacaofilosofica\/wp-content\/uploads\/sites\/17\/2022\/10\/andrea-191x300.jpeg\" class=\"attachment-medium size-medium wp-image-43\" alt=\"\" srcset=\"https:\/\/educacao.ufpr.br\/formacaofilosofica\/wp-content\/uploads\/sites\/17\/2022\/10\/andrea-191x300.jpeg 191w, https:\/\/educacao.ufpr.br\/formacaofilosofica\/wp-content\/uploads\/sites\/17\/2022\/10\/andrea-651x1024.jpeg 651w, https:\/\/educacao.ufpr.br\/formacaofilosofica\/wp-content\/uploads\/sites\/17\/2022\/10\/andrea-768x1209.jpeg 768w, https:\/\/educacao.ufpr.br\/formacaofilosofica\/wp-content\/uploads\/sites\/17\/2022\/10\/andrea-976x1536.jpeg 976w, https:\/\/educacao.ufpr.br\/formacaofilosofica\/wp-content\/uploads\/sites\/17\/2022\/10\/andrea-64x100.jpeg 64w, https:\/\/educacao.ufpr.br\/formacaofilosofica\/wp-content\/uploads\/sites\/17\/2022\/10\/andrea-36x57.jpeg 36w, https:\/\/educacao.ufpr.br\/formacaofilosofica\/wp-content\/uploads\/sites\/17\/2022\/10\/andrea.jpeg 1016w\" sizes=\"(max-width: 191px) 100vw, 191px\" \/>\t\t\t\t\t\t\t\t\t\t\t\t\t\t\t<\/div>\n\t\t\t\t<\/div>\n\t\t\t\t\t<\/div>\n\t\t<\/div>\n\t\t\t\t<div class=\"elementor-column elementor-col-66 elementor-top-column elementor-element elementor-element-320e722\" data-id=\"320e722\" data-element_type=\"column\">\n\t\t\t<div class=\"elementor-widget-wrap elementor-element-populated\">\n\t\t\t\t\t\t<div class=\"elementor-element elementor-element-80a1ff4 elementor-widget elementor-widget-text-editor\" data-id=\"80a1ff4\" data-element_type=\"widget\" data-widget_type=\"text-editor.default\">\n\t\t\t\t<div class=\"elementor-widget-container\">\n\t\t\t\t\t\t\t\t\t<p>Sou Andrea Zambelli, pedagoga e professora de alem\u00e3o e portugu\u00eas como linguas estrangeiras. Minha forma\u00e7\u00e3o acad\u00eamica consolidou-se em Berlim, na Alemanha. Atuo como narradora oral em uma biblioteca e desenvolvo projetos de literatura com crian\u00e7as e adultos. Me especializei em literatura infantojuvenil e conta\u00e7\u00e3o de hist\u00f3rias pela Fatum e de l\u00e1 para c\u00e1 me ocupo com muito afeto e encanto na \u00e1rea de literatura. Acredito fortemente arte e no poder das palavras.<\/p>\t\t\t\t\t\t\t\t<\/div>\n\t\t\t\t<\/div>\n\t\t\t\t\t<\/div>\n\t\t<\/div>\n\t\t\t\t\t<\/div>\n\t\t<\/section>\n\t\t\t\t<section class=\"elementor-section elementor-top-section elementor-element elementor-element-91e79f3 elementor-section-boxed elementor-section-height-default elementor-section-height-default\" data-id=\"91e79f3\" data-element_type=\"section\">\n\t\t\t\t\t\t<div class=\"elementor-container elementor-column-gap-default\">\n\t\t\t\t\t<div class=\"elementor-column elementor-col-33 elementor-top-column elementor-element elementor-element-28662e2\" data-id=\"28662e2\" data-element_type=\"column\">\n\t\t\t<div class=\"elementor-widget-wrap elementor-element-populated\">\n\t\t\t\t\t\t<div class=\"elementor-element elementor-element-51b0ca4 elementor-widget elementor-widget-image\" data-id=\"51b0ca4\" data-element_type=\"widget\" data-widget_type=\"image.default\">\n\t\t\t\t<div class=\"elementor-widget-container\">\n\t\t\t\t\t\t\t\t\t\t\t\t\t\t\t<img loading=\"lazy\" decoding=\"async\" width=\"300\" height=\"300\" src=\"https:\/\/educacao.ufpr.br\/formacaofilosofica\/wp-content\/uploads\/sites\/17\/2022\/10\/eduardo-300x300.jpeg\" class=\"attachment-medium size-medium wp-image-44\" alt=\"\" srcset=\"https:\/\/educacao.ufpr.br\/formacaofilosofica\/wp-content\/uploads\/sites\/17\/2022\/10\/eduardo-300x300.jpeg 300w, https:\/\/educacao.ufpr.br\/formacaofilosofica\/wp-content\/uploads\/sites\/17\/2022\/10\/eduardo-150x150.jpeg 150w, https:\/\/educacao.ufpr.br\/formacaofilosofica\/wp-content\/uploads\/sites\/17\/2022\/10\/eduardo-100x100.jpeg 100w, https:\/\/educacao.ufpr.br\/formacaofilosofica\/wp-content\/uploads\/sites\/17\/2022\/10\/eduardo-57x57.jpeg 57w, https:\/\/educacao.ufpr.br\/formacaofilosofica\/wp-content\/uploads\/sites\/17\/2022\/10\/eduardo.jpeg 608w\" sizes=\"(max-width: 300px) 100vw, 300px\" \/>\t\t\t\t\t\t\t\t\t\t\t\t\t\t\t<\/div>\n\t\t\t\t<\/div>\n\t\t\t\t\t<\/div>\n\t\t<\/div>\n\t\t\t\t<div class=\"elementor-column elementor-col-66 elementor-top-column elementor-element elementor-element-c01bfef\" data-id=\"c01bfef\" data-element_type=\"column\">\n\t\t\t<div class=\"elementor-widget-wrap elementor-element-populated\">\n\t\t\t\t\t\t<div class=\"elementor-element elementor-element-5ad3e2a elementor-widget elementor-widget-text-editor\" data-id=\"5ad3e2a\" data-element_type=\"widget\" data-widget_type=\"text-editor.default\">\n\t\t\t\t<div class=\"elementor-widget-container\">\n\t\t\t\t\t\t\t\t\t<p>Sou Eduardo Emmerick. Professor de Filosofia, Sociologia, Projeto de Vida, no Ensino Fundamental I e II, Ensino M\u00e9dio e Curso preparat\u00f3rio para vestibular e concursos. Tenho 20 anos de viv\u00eancia em sala de aula. Penso que para transformar o mundo em lugar melhor \u00e9 necess\u00e1ria uma atitude de amor, carinho e sabedoria. Entendo que a Educa\u00e7\u00e3o e a Filosofia s\u00e3o bons caminhos para tal transforma\u00e7\u00e3o. Minha forma\u00e7\u00e3o acad\u00eamica: Mestrando em Filosofia pela UFPR; P\u00f3s-graduando em Direito P\u00fablico; Graduando em Direito; Especialista em Gest\u00e3o Escolar; Especialista em Habilidades e Compet\u00eancias Socioemocionais na Educa\u00e7\u00e3o B\u00e1sica; Graduado em Filosofia Licenciatura Plena, Ci\u00eancias Sociais, Hist\u00f3ria e Pedagogia.<\/p>\t\t\t\t\t\t\t\t<\/div>\n\t\t\t\t<\/div>\n\t\t\t\t\t<\/div>\n\t\t<\/div>\n\t\t\t\t\t<\/div>\n\t\t<\/section>\n\t\t\t\t<section class=\"elementor-section elementor-top-section elementor-element elementor-element-71dc279 elementor-section-boxed elementor-section-height-default elementor-section-height-default\" data-id=\"71dc279\" data-element_type=\"section\">\n\t\t\t\t\t\t<div class=\"elementor-container elementor-column-gap-default\">\n\t\t\t\t\t<div class=\"elementor-column elementor-col-33 elementor-top-column elementor-element elementor-element-9c8bc7b\" data-id=\"9c8bc7b\" data-element_type=\"column\">\n\t\t\t<div class=\"elementor-widget-wrap elementor-element-populated\">\n\t\t\t\t\t\t<div class=\"elementor-element elementor-element-89c3dee elementor-widget elementor-widget-image\" data-id=\"89c3dee\" data-element_type=\"widget\" data-widget_type=\"image.default\">\n\t\t\t\t<div class=\"elementor-widget-container\">\n\t\t\t\t\t\t\t\t\t\t\t\t\t\t\t<img loading=\"lazy\" decoding=\"async\" width=\"170\" height=\"300\" src=\"https:\/\/educacao.ufpr.br\/formacaofilosofica\/wp-content\/uploads\/sites\/17\/2022\/10\/francielly-170x300.jpeg\" class=\"attachment-medium size-medium wp-image-45\" alt=\"\" srcset=\"https:\/\/educacao.ufpr.br\/formacaofilosofica\/wp-content\/uploads\/sites\/17\/2022\/10\/francielly-170x300.jpeg 170w, https:\/\/educacao.ufpr.br\/formacaofilosofica\/wp-content\/uploads\/sites\/17\/2022\/10\/francielly-57x100.jpeg 57w, https:\/\/educacao.ufpr.br\/formacaofilosofica\/wp-content\/uploads\/sites\/17\/2022\/10\/francielly-32x57.jpeg 32w, https:\/\/educacao.ufpr.br\/formacaofilosofica\/wp-content\/uploads\/sites\/17\/2022\/10\/francielly.jpeg 581w\" sizes=\"(max-width: 170px) 100vw, 170px\" \/>\t\t\t\t\t\t\t\t\t\t\t\t\t\t\t<\/div>\n\t\t\t\t<\/div>\n\t\t\t\t\t<\/div>\n\t\t<\/div>\n\t\t\t\t<div class=\"elementor-column elementor-col-66 elementor-top-column elementor-element elementor-element-fd05622\" data-id=\"fd05622\" data-element_type=\"column\">\n\t\t\t<div class=\"elementor-widget-wrap elementor-element-populated\">\n\t\t\t\t\t\t<div class=\"elementor-element elementor-element-349fcbb elementor-widget elementor-widget-text-editor\" data-id=\"349fcbb\" data-element_type=\"widget\" data-widget_type=\"text-editor.default\">\n\t\t\t\t<div class=\"elementor-widget-container\">\n\t\t\t\t\t\t\t\t\t<p>Sou Francielly Giachini Barbosa Menim, pedagoga, historiadora, mestre em Educa\u00e7\u00e3o e doutora em Hist\u00f3ria. Atuo como professora dos anos iniciais na Rede Municipal de Educa\u00e7\u00e3o de Curitiba h\u00e1 mais de dez anos. Nesse meio tempo j\u00e1 fui agente de leitura em biblioteca escolar e Farol do Saber. Mas, narra\u00e7\u00e3o oral de hist\u00f3rias tem sido uma experi\u00eancia de tempos mais long\u00ednquos. Desde adolescente leio e conto hist\u00f3rias com muito gosto!<\/p>\t\t\t\t\t\t\t\t<\/div>\n\t\t\t\t<\/div>\n\t\t\t\t\t<\/div>\n\t\t<\/div>\n\t\t\t\t\t<\/div>\n\t\t<\/section>\n\t\t\t\t<section class=\"elementor-section elementor-top-section elementor-element elementor-element-5ef3a8b elementor-section-boxed elementor-section-height-default elementor-section-height-default\" data-id=\"5ef3a8b\" data-element_type=\"section\">\n\t\t\t\t\t\t<div class=\"elementor-container elementor-column-gap-default\">\n\t\t\t\t\t<div class=\"elementor-column elementor-col-33 elementor-top-column elementor-element elementor-element-de0e780\" data-id=\"de0e780\" data-element_type=\"column\">\n\t\t\t<div class=\"elementor-widget-wrap elementor-element-populated\">\n\t\t\t\t\t\t<div class=\"elementor-element elementor-element-15cb462 elementor-widget elementor-widget-image\" data-id=\"15cb462\" data-element_type=\"widget\" data-widget_type=\"image.default\">\n\t\t\t\t<div class=\"elementor-widget-container\">\n\t\t\t\t\t\t\t\t\t\t\t\t\t\t\t<img loading=\"lazy\" decoding=\"async\" width=\"297\" height=\"300\" src=\"https:\/\/educacao.ufpr.br\/formacaofilosofica\/wp-content\/uploads\/sites\/17\/2022\/10\/beatriz-297x300.jpeg\" class=\"attachment-medium size-medium wp-image-62\" alt=\"\" srcset=\"https:\/\/educacao.ufpr.br\/formacaofilosofica\/wp-content\/uploads\/sites\/17\/2022\/10\/beatriz-297x300.jpeg 297w, https:\/\/educacao.ufpr.br\/formacaofilosofica\/wp-content\/uploads\/sites\/17\/2022\/10\/beatriz-768x776.jpeg 768w, https:\/\/educacao.ufpr.br\/formacaofilosofica\/wp-content\/uploads\/sites\/17\/2022\/10\/beatriz-99x100.jpeg 99w, https:\/\/educacao.ufpr.br\/formacaofilosofica\/wp-content\/uploads\/sites\/17\/2022\/10\/beatriz-56x57.jpeg 56w, https:\/\/educacao.ufpr.br\/formacaofilosofica\/wp-content\/uploads\/sites\/17\/2022\/10\/beatriz.jpeg 1014w\" sizes=\"(max-width: 297px) 100vw, 297px\" \/>\t\t\t\t\t\t\t\t\t\t\t\t\t\t\t<\/div>\n\t\t\t\t<\/div>\n\t\t\t\t\t<\/div>\n\t\t<\/div>\n\t\t\t\t<div class=\"elementor-column elementor-col-66 elementor-top-column elementor-element elementor-element-57ca99a\" data-id=\"57ca99a\" data-element_type=\"column\">\n\t\t\t<div class=\"elementor-widget-wrap elementor-element-populated\">\n\t\t\t\t\t\t<div class=\"elementor-element elementor-element-202ed48 elementor-widget elementor-widget-text-editor\" data-id=\"202ed48\" data-element_type=\"widget\" data-widget_type=\"text-editor.default\">\n\t\t\t\t<div class=\"elementor-widget-container\">\n\t\t\t\t\t\t\t\t\t<p>Sou Beatriz Ramos, historiadora, pedagoga em forma\u00e7\u00e3o e atualmente estou inserida na educa\u00e7\u00e3o como tutora para crian\u00e7as com defici\u00eancia. Gosto de ler e jogar, mas principalmente, gosto de aprender coisas novas relacionadas a educa\u00e7\u00e3o que me inspiram a ser uma melhor profissional.<\/p>\t\t\t\t\t\t\t\t<\/div>\n\t\t\t\t<\/div>\n\t\t\t\t\t<\/div>\n\t\t<\/div>\n\t\t\t\t\t<\/div>\n\t\t<\/section>\n\t\t\t\t<\/div>\n\t\t","protected":false},"excerpt":{"rendered":"<p>Sou Karen Franklin, fil\u00f3sofa e professora do setor de educa\u00e7\u00e3o da UFPR. Atuo na forma\u00e7\u00e3o de professores h\u00e1 mais de 25 anos e tenho trabalhado [&hellip;]<\/p>\n","protected":false},"author":1081,"featured_media":0,"parent":0,"menu_order":0,"comment_status":"closed","ping_status":"closed","template":"","meta":{"_acf_changed":false,"footnotes":""},"class_list":["post-41","page","type-page","status-publish","hentry"],"acf":[],"_links":{"self":[{"href":"https:\/\/educacao.ufpr.br\/formacaofilosofica\/wp-json\/wp\/v2\/pages\/41","targetHints":{"allow":["GET"]}}],"collection":[{"href":"https:\/\/educacao.ufpr.br\/formacaofilosofica\/wp-json\/wp\/v2\/pages"}],"about":[{"href":"https:\/\/educacao.ufpr.br\/formacaofilosofica\/wp-json\/wp\/v2\/types\/page"}],"author":[{"embeddable":true,"href":"https:\/\/educacao.ufpr.br\/formacaofilosofica\/wp-json\/wp\/v2\/users\/1081"}],"replies":[{"embeddable":true,"href":"https:\/\/educacao.ufpr.br\/formacaofilosofica\/wp-json\/wp\/v2\/comments?post=41"}],"version-history":[{"count":9,"href":"https:\/\/educacao.ufpr.br\/formacaofilosofica\/wp-json\/wp\/v2\/pages\/41\/revisions"}],"predecessor-version":[{"id":65,"href":"https:\/\/educacao.ufpr.br\/formacaofilosofica\/wp-json\/wp\/v2\/pages\/41\/revisions\/65"}],"wp:attachment":[{"href":"https:\/\/educacao.ufpr.br\/formacaofilosofica\/wp-json\/wp\/v2\/media?parent=41"}],"curies":[{"name":"wp","href":"https:\/\/api.w.org\/{rel}","templated":true}]}}