{"id":123,"date":"2017-04-11T16:56:04","date_gmt":"2017-04-11T19:56:04","guid":{"rendered":"https:\/\/educacao.ufpr.br\/interagir\/?page_id=123"},"modified":"2017-07-31T18:45:19","modified_gmt":"2017-07-31T21:45:19","slug":"edital","status":"publish","type":"page","link":"https:\/\/educacao.ufpr.br\/interagir\/edital\/","title":{"rendered":"Editais"},"content":{"rendered":"<p style=\"text-align: center\"><span style=\"color: #000000\"><strong>PROJETO FORMA\u00c7\u00c3O PR\u00c9-ACAD\u00caMICA AFIRMA\u00c7\u00c3O NA P\u00d3S UFPR: TURMAS 2017<\/strong><\/span><\/p>\n<p><span style=\"color: #000000\"><strong>Objetivos:<\/strong><\/span><\/p>\n<ul>\n<li><span style=\"color: #000000\">Contribuir para que os candidatos adquiram condi\u00e7\u00f5es de acesso \u00e0 p\u00f3s-gradua\u00e7\u00e3o para maior equidade e diversidade no mestrado e doutorado;<\/span><\/li>\n<li><span style=\"color: #000000\">Estimular pessoas provenientes de segmentos sociais sub-representados no ensino superior a prosseguir os estudos, como estrat\u00e9gia para o aprimoramento profissional;<\/span><\/li>\n<li><span style=\"color: #000000\">Promover a diversifica\u00e7\u00e3o de \u00e1reas de conhecimento frequentadas no mestrado ou doutorado por pessoas que prov\u00eam de segmentos sociais sub-representados no ensino superior para al\u00e9m daquelas tradicionalmente escolhidas;<\/span><\/li>\n<li><span style=\"color: #000000\">Institucionalizar experi\u00eancias de forma\u00e7\u00e3o preparat\u00f3ria para o processo seletivo no mestrado e doutorado no contexto de pr\u00e1ticas de a\u00e7\u00e3o afirmativa;<\/span><\/li>\n<li><span style=\"color: #000000\">Atender a candidatos e candidatas que se autodeclararam como negro\/a ou ind\u00edgena; egresso\/a de programa de a\u00e7\u00e3o afirmativa no ensino superior, na modalidade de cotas ou b\u00f4nus; quilombolas e povos do campo; pessoas com defici\u00eancia; surdos\/as; travestis, transexuais e comunidade LGBTT; e que perten\u00e7am a grupos de vulnerabilidade socioecon\u00f4mica.<\/span><\/li>\n<\/ul>\n<hr \/>\n<p>&nbsp;<\/p>\n<ul>\n<li><span style=\"text-decoration: underline;color: #000080\"><strong><a style=\"color: #000080;text-decoration: underline\" href=\"https:\/\/educacao.ufpr.br\/interagir\/edital\/processo-seletivo-simplificado-de-bolsista-para-prestacao-de-servicos-de-editoracao-e-revisao-e-normalizacao-de-textos-em-lingua-portuguesa\/edital-professora\/\" target=\"_blank\">PROCESSO SELETIVO SIMPLIFICADO DE BOLSISTA PARA PRESTA\u00c7\u00c3O DE SERVI\u00c7OS DE PROFESSOR DE INGL\u00caS ACAD\u00caMICO \u2013 M\u00d3DULO INSTRUMENTAL<\/a><\/strong><\/span><\/li>\n<\/ul>\n<hr \/>\n<ul>\n<li><span style=\"text-decoration: underline\"><span style=\"color: #000080;text-decoration: underline\"><strong><a style=\"color: #000080;text-decoration: underline\" href=\"https:\/\/educacao.ufpr.br\/interagir\/edital\/chamada-publica-para-selecao-de-bolsista-pos-doutorado\/\" target=\"_blank\">EDITAL DE CHAMADA P\u00daBLICA PARA SELE\u00c7\u00c3O DE BOLSISTA P\u00d3S-DOUTORADO<\/a><\/strong><\/span><\/span><\/li>\n<\/ul>\n<hr \/>\n<ul>\n<li><span style=\"text-decoration: underline\"><span style=\"color: #000080;text-decoration: underline\"><strong><a style=\"color: #000080;text-decoration: underline\" href=\"https:\/\/educacao.ufpr.br\/interagir\/edital\/processo-seletivo-simplificado-de-bolsista-para-prestacao-de-servicos-de-editoracao-e-revisao-e-normalizacao-de-textos-em-lingua-portuguesa\/\" target=\"_blank\">EDITAL DE PROCESSO SELETIVO SIMPLIFICADO DE BOLSISTA PARA PRESTA\u00c7\u00c3O DE SERVI\u00c7OS DE EDITORA\u00c7\u00c3O, REVIS\u00c3O DE TEXTOS EM L\u00cdNGUA PORTUGUESA<\/a>\u00a0E TRADU\u00c7\u00c3O DE TEXTOS EM L\u00cdNGUA FRANCESA<\/strong><\/span><\/span><\/li>\n<\/ul>\n<hr \/>\n<ul>\n<li><span style=\"text-decoration: underline\"><span style=\"color: #000080;text-decoration: underline\"><strong><a style=\"color: #000080;text-decoration: underline\" href=\"https:\/\/educacao.ufpr.br\/interagir\/edital\/curso-de-formacao-pre-academica-afirmacao-na-pos-ufpr-turma-curitibapr\/\" target=\"_blank\">INSCRI\u00c7\u00d5ES PARA O CURSO DE FORMA\u00c7\u00c3O PR\u00c9-ACAD\u00caMICA AFIRMA\u00c7\u00c3O NA P\u00d3S UFPR &#8211; TURMA CURITIBA\/PR<\/a><\/strong><\/span><\/span><\/li>\n<\/ul>\n<hr \/>\n<ul>\n<li><span style=\"text-decoration: underline\"><span style=\"color: #000080;text-decoration: underline\"><strong><a style=\"color: #000080;text-decoration: underline\" href=\"https:\/\/educacao.ufpr.br\/interagir\/edital\/curso-de-formacao-pre-academica-afirmacao-na-pos-ufpr-turma-quilombola\/\" target=\"_blank\">INSCRI\u00c7\u00d5ES PARA O CURSO DE FORMA\u00c7\u00c3O PR\u00c9-ACAD\u00caMICA AFIRMA\u00c7\u00c3O NA P\u00d3S UFPR &#8211; TURMA QUILOMBOLA<\/a><\/strong><\/span><\/span><\/li>\n<\/ul>\n<hr \/>\n<ul>\n<li><span style=\"text-decoration: underline\"><span style=\"color: #000080;text-decoration: underline\"><strong><a style=\"color: #000080;text-decoration: underline\" href=\"https:\/\/educacao.ufpr.br\/interagir\/edital\/chamada-publica-para-selecao-de-tutoresas\/\" target=\"_blank\">EDITAL DE CHAMADA P\u00daBLICA PARA SELE\u00c7\u00c3O DE TUTORES\/AS<\/a><\/strong><\/span><\/span><\/li>\n<\/ul>\n<p>&nbsp;<\/p>\n","protected":false},"excerpt":{"rendered":"<p>PROJETO FORMA\u00c7\u00c3O PR\u00c9-ACAD\u00caMICA AFIRMA\u00c7\u00c3O NA P\u00d3S UFPR: TURMAS 2017 Objetivos: Contribuir para que os candidatos adquiram condi\u00e7\u00f5es de acesso \u00e0 p\u00f3s-gradua\u00e7\u00e3o para maior equidade e diversidade no mestrado e doutorado; Estimular pessoas provenientes de segmentos sociais sub-representados no ensino superior a prosseguir os estudos, como estrat\u00e9gia para o aprimoramento profissional; Promover a diversifica\u00e7\u00e3o de \u00e1reas [&hellip;]<\/p>\n","protected":false},"author":396,"featured_media":0,"parent":0,"menu_order":0,"comment_status":"closed","ping_status":"closed","template":"","meta":{"_acf_changed":false,"footnotes":""},"class_list":["post-123","page","type-page","status-publish","hentry"],"acf":[],"_links":{"self":[{"href":"https:\/\/educacao.ufpr.br\/interagir\/wp-json\/wp\/v2\/pages\/123","targetHints":{"allow":["GET"]}}],"collection":[{"href":"https:\/\/educacao.ufpr.br\/interagir\/wp-json\/wp\/v2\/pages"}],"about":[{"href":"https:\/\/educacao.ufpr.br\/interagir\/wp-json\/wp\/v2\/types\/page"}],"author":[{"embeddable":true,"href":"https:\/\/educacao.ufpr.br\/interagir\/wp-json\/wp\/v2\/users\/396"}],"replies":[{"embeddable":true,"href":"https:\/\/educacao.ufpr.br\/interagir\/wp-json\/wp\/v2\/comments?post=123"}],"version-history":[{"count":78,"href":"https:\/\/educacao.ufpr.br\/interagir\/wp-json\/wp\/v2\/pages\/123\/revisions"}],"predecessor-version":[{"id":396,"href":"https:\/\/educacao.ufpr.br\/interagir\/wp-json\/wp\/v2\/pages\/123\/revisions\/396"}],"wp:attachment":[{"href":"https:\/\/educacao.ufpr.br\/interagir\/wp-json\/wp\/v2\/media?parent=123"}],"curies":[{"name":"wp","href":"https:\/\/api.w.org\/{rel}","templated":true}]}}