{"id":340,"date":"2017-07-03T21:43:46","date_gmt":"2017-07-04T00:43:46","guid":{"rendered":"https:\/\/educacao.ufpr.br\/interagir\/?page_id=340"},"modified":"2017-07-03T22:48:57","modified_gmt":"2017-07-04T01:48:57","slug":"chamada-publica-para-selecao-de-bolsista-pos-doutorado","status":"publish","type":"page","link":"https:\/\/educacao.ufpr.br\/interagir\/edital\/chamada-publica-para-selecao-de-bolsista-pos-doutorado\/","title":{"rendered":"Chamada P\u00fablica para sele\u00e7\u00e3o de bolsista de P\u00f3s-Doutorado"},"content":{"rendered":"<ul>\n<li><strong>CHAMADA P\u00daBLICA PARA SELE\u00c7\u00c3O DE BOLSISTA P\u00d3S-DOUTORADO<\/strong><\/li>\n<\/ul>\n<p><strong><br \/>\nCronograma<\/strong><\/p>\n<table style=\"height: 220px\" width=\"650\">\n<tbody>\n<tr>\n<td><strong>Per\u00edodo\/Data<\/strong><\/td>\n<td><strong>Atividade prevista<\/strong><\/td>\n<\/tr>\n<tr>\n<td>24\/05\/2017<\/td>\n<td>Publica\u00e7\u00e3o do Edital<\/td>\n<\/tr>\n<tr>\n<td>25\/05\/2017 a 15\/06\/2017<\/td>\n<td>Per\u00edodo de Inscri\u00e7\u00f5es (PRORROGADO)<\/td>\n<\/tr>\n<tr>\n<td>15\/06\/2017 a 19\/06\/2017<\/td>\n<td>Sele\u00e7\u00e3o e homologa\u00e7\u00e3o das Inscri\u00e7\u00f5es<\/td>\n<\/tr>\n<tr>\n<td>20\/06\/2017<\/td>\n<td>Resultado Final de Sele\u00e7\u00e3o<\/td>\n<\/tr>\n<\/tbody>\n<\/table>\n<p><strong>Documentos para Download<\/strong><\/p>\n<p><strong><span style=\"color: #000000\">&#8211;\u00a0<a style=\"color: #000000;text-decoration: underline\" href=\"https:\/\/educacao.ufpr.br\/interagir\/wp-content\/uploads\/sites\/8\/2017\/04\/Edital-010_2017-Po%CC%81s-Doutorado.pdf\">EDITAL 010\/2017 \u2013 Sele\u00e7\u00e3o de Bolsista de P\u00f3s-Doutorado<\/a><\/span><\/strong><\/p>\n<p><strong><span style=\"color: #000000\">&#8211;\u00a0<a style=\"color: #000000;text-decoration: underline\" href=\"https:\/\/educacao.ufpr.br\/interagir\/wp-content\/uploads\/sites\/8\/2017\/04\/PRORROGA%C3%87%C3%83O-DO-PRAZO-DE-INSCRI%C3%87%C3%83O-PARA-EDITAL-010-2017.pdf\">PRORROGA\u00c7\u00c3O DO PRAZO DE INSCRI\u00c7\u00c3O PARA EDITAL 010\/2017<\/a><\/span><\/strong><\/p>\n<p><strong><span style=\"color: #000000\"><a style=\"color: #000000;text-decoration: underline\" href=\"https:\/\/educacao.ufpr.br\/interagir\/wp-content\/uploads\/sites\/8\/2017\/04\/Edital-016_2017-homologa%C3%A7%C3%A3o.pdf\">&#8211;<\/a><a style=\"color: #000000;text-decoration: underline\" href=\"https:\/\/educacao.ufpr.br\/interagir\/wp-content\/uploads\/sites\/8\/2017\/04\/Edital-016_2017-homologa%C3%A7%C3%A3o.pdf\">\u00a0Edital 016\/2017 &#8211; HOMOLOGA\u00c7\u00c3O DAS INSCRI\u00c7\u00d5ES<\/a><\/span><\/strong><\/p>\n<p><strong><span style=\"color: #000000\"><a style=\"color: #000000;text-decoration: underline\" href=\"https:\/\/educacao.ufpr.br\/interagir\/wp-content\/uploads\/sites\/8\/2017\/04\/Edital-017_2017-resultado-final.pdf\">&#8211;<\/a><a style=\"color: #000000;text-decoration: underline\" href=\"https:\/\/educacao.ufpr.br\/interagir\/wp-content\/uploads\/sites\/8\/2017\/04\/Edital-017_2017-resultado-final.pdf\">\u00a0Edital 017\/2017 &#8211; Resultado Final do Processo de Sele\u00e7\u00e3o de Bolsista de P\u00f3s-Doutorado<\/a><\/span><\/strong><\/p>\n<p><span style=\"text-decoration: underline;color: #000080\"><strong>&#8211; Edital de Sele\u00e7\u00e3o &#8211; Bolsa de P\u00f3s-Doutorado<\/strong><\/span><span style=\"color: #000000\"><strong>\u00a0(Acesse o link:<\/strong><span style=\"text-decoration: underline\"><strong>\u00a0<span style=\"color: #000080;text-decoration: underline\"><a style=\"color: #000080;text-decoration: underline\" href=\"http:\/\/www.ppge.ufpr.br\/inicio.htm\">http:\/\/www.ppge.ufpr.br\/inicio.htm<\/a><\/span><\/strong><\/span><strong>)<\/strong><\/span><\/p>\n","protected":false},"excerpt":{"rendered":"<p>CHAMADA P\u00daBLICA PARA SELE\u00c7\u00c3O DE BOLSISTA P\u00d3S-DOUTORADO Cronograma Per\u00edodo\/Data Atividade prevista 24\/05\/2017 Publica\u00e7\u00e3o do Edital 25\/05\/2017 a 15\/06\/2017 Per\u00edodo de Inscri\u00e7\u00f5es (PRORROGADO) 15\/06\/2017 a 19\/06\/2017 Sele\u00e7\u00e3o e homologa\u00e7\u00e3o das Inscri\u00e7\u00f5es 20\/06\/2017 Resultado Final de Sele\u00e7\u00e3o Documentos para Download &#8211;\u00a0EDITAL 010\/2017 \u2013 Sele\u00e7\u00e3o de Bolsista de P\u00f3s-Doutorado &#8211;\u00a0PRORROGA\u00c7\u00c3O DO PRAZO DE INSCRI\u00c7\u00c3O PARA EDITAL 010\/2017 &#8211;\u00a0Edital [&hellip;]<\/p>\n","protected":false},"author":396,"featured_media":0,"parent":123,"menu_order":0,"comment_status":"closed","ping_status":"closed","template":"","meta":{"_acf_changed":false,"footnotes":""},"class_list":["post-340","page","type-page","status-publish","hentry"],"acf":[],"_links":{"self":[{"href":"https:\/\/educacao.ufpr.br\/interagir\/wp-json\/wp\/v2\/pages\/340","targetHints":{"allow":["GET"]}}],"collection":[{"href":"https:\/\/educacao.ufpr.br\/interagir\/wp-json\/wp\/v2\/pages"}],"about":[{"href":"https:\/\/educacao.ufpr.br\/interagir\/wp-json\/wp\/v2\/types\/page"}],"author":[{"embeddable":true,"href":"https:\/\/educacao.ufpr.br\/interagir\/wp-json\/wp\/v2\/users\/396"}],"replies":[{"embeddable":true,"href":"https:\/\/educacao.ufpr.br\/interagir\/wp-json\/wp\/v2\/comments?post=340"}],"version-history":[{"count":3,"href":"https:\/\/educacao.ufpr.br\/interagir\/wp-json\/wp\/v2\/pages\/340\/revisions"}],"predecessor-version":[{"id":363,"href":"https:\/\/educacao.ufpr.br\/interagir\/wp-json\/wp\/v2\/pages\/340\/revisions\/363"}],"up":[{"embeddable":true,"href":"https:\/\/educacao.ufpr.br\/interagir\/wp-json\/wp\/v2\/pages\/123"}],"wp:attachment":[{"href":"https:\/\/educacao.ufpr.br\/interagir\/wp-json\/wp\/v2\/media?parent=340"}],"curies":[{"name":"wp","href":"https:\/\/api.w.org\/{rel}","templated":true}]}}