{"id":346,"date":"2017-07-03T21:52:16","date_gmt":"2017-07-04T00:52:16","guid":{"rendered":"https:\/\/educacao.ufpr.br\/interagir\/?page_id=346"},"modified":"2017-07-03T21:52:16","modified_gmt":"2017-07-04T00:52:16","slug":"curso-de-formacao-pre-academica-afirmacao-na-pos-ufpr-turma-curitibapr","status":"publish","type":"page","link":"https:\/\/educacao.ufpr.br\/interagir\/edital\/curso-de-formacao-pre-academica-afirmacao-na-pos-ufpr-turma-curitibapr\/","title":{"rendered":"Curso de Forma\u00e7\u00e3o Pr\u00e9-Acad\u00eamica Afirma\u00e7\u00e3o na P\u00f3s UFPR &#8211; Turma Curitiba\/PR"},"content":{"rendered":"<ul>\n<li><strong>CURSO DE FORMA\u00c7\u00c3O PR\u00c9-ACAD\u00caMICA AFIRMA\u00c7\u00c3O NA P\u00d3S UFPR &#8211; TURMA CURITIBA\/PR<\/strong><\/li>\n<\/ul>\n<p><strong>Cronograma:<\/strong><\/p>\n<table style=\"height: 355px\" width=\"713\">\n<tbody>\n<tr>\n<td><strong>Per\u00edodo\/Data<\/strong><\/td>\n<td><strong>Atividade prevista<\/strong><\/td>\n<\/tr>\n<tr>\n<td>12\/04\/2017<\/td>\n<td>Publica\u00e7\u00e3o do Edital<\/td>\n<\/tr>\n<tr>\n<td>12\/04\/2017 a 17\/05\/2017<\/td>\n<td>Per\u00edodo de Inscri\u00e7\u00f5es<\/td>\n<\/tr>\n<tr>\n<td>17\/05\/2017 a 19\/05\/2017<\/td>\n<td>Sele\u00e7\u00e3o e Homologa\u00e7\u00e3o das Inscri\u00e7\u00f5es<\/td>\n<\/tr>\n<tr>\n<td>20\/05\/2017<\/td>\n<td>Divulga\u00e7\u00e3o do Resultado da Sele\u00e7\u00e3o<\/td>\n<\/tr>\n<tr>\n<td>27\/05\/2017<\/td>\n<td>Aula Inaugural (Pr\u00e9dio Dom Pedro I \u2013 UFPR)<\/td>\n<\/tr>\n<\/tbody>\n<\/table>\n<p><strong>Documentos para Download:<\/strong><\/p>\n<p><span style=\"color: #000000\"><strong><a style=\"color: #000000\" href=\"https:\/\/educacao.ufpr.br\/interagir\/wp-content\/uploads\/sites\/8\/2017\/04\/PDF-EDITAL-001-2017-MEC-Processo-de-Sele%C3%A7%C3%A3o-Vers%C3%A3o-Final-ABDIAS-SESU-2017.pdf\">EDITAL 001-2017- Curso de Forma\u00e7\u00e3o Pr\u00e9-Acad\u00eamica Afirma\u00e7\u00e3o na P\u00f3s UFPR<\/a>\u00a0(Encerrado)<\/strong><\/span><\/p>\n<p><span style=\"color: #000000\"><strong><a style=\"color: #000000\" href=\"https:\/\/educacao.ufpr.br\/interagir\/wp-content\/uploads\/sites\/8\/2017\/04\/PRORROGA%C3%87%C3%83O-DO-PRAZO-DE-INSCRI%C3%87%C3%83O-PARA-EDITAL-001-2017.pdf\">PRORROGA\u00c7\u00c3O DO PRAZO DE INSCRI\u00c7\u00c3O PARA EDITAL 001\/2017<\/a><\/strong><\/span><\/p>\n<p><span style=\"color: #000000\"><strong><a style=\"color: #000000\" href=\"https:\/\/educacao.ufpr.br\/interagir\/wp-content\/uploads\/sites\/8\/2017\/04\/EDITAL-002-2017-Curso-de-Forma%C3%A7%C3%A3o-Pr%C3%A9_Acad%C3%AAmica-Afirma%C3%A7%C3%A3o-na-P%C3%B3s-UFPR.pdf\">EDITAL 002-2017- Curso de Forma\u00e7\u00e3o Pr\u00e9_Acad\u00eamica Afirma\u00e7\u00e3o na P\u00f3s UFPR<\/a>\u00a0\u00a0(Encerrado)<\/strong><\/span><\/p>\n<p><span style=\"color: #000000\"><strong><a style=\"color: #000000\" href=\"https:\/\/educacao.ufpr.br\/interagir\/wp-content\/uploads\/sites\/8\/2017\/04\/Edital-008_2017-Resultado-de-Inscritos.pdf\">EDITAL 008\/2017 &#8211; Resultado da Sele\u00e7\u00e3o de Alunos\/as e Convoca\u00e7\u00e3o para Aula Inaugural<\/a>\u00a0<\/strong><\/span><\/p>\n<p><span style=\"color: #000000\"><strong><u><a style=\"color: #000000\" href=\"https:\/\/educacao.ufpr.br\/interagir\/wp-content\/uploads\/sites\/8\/2017\/04\/EDITAL-015-2017-MEC-Processo-vagas-remanecentes.pdf\">EDITAL 015\/2017 &#8211; Abertura de Vagas remanescentes para Curso Pr\u00e9-P\u00f3s<\/a><\/u><\/strong><\/span><\/p>\n<p><span style=\"color: #000000\"><strong><u><a style=\"color: #000000\" href=\"https:\/\/educacao.ufpr.br\/interagir\/wp-content\/uploads\/sites\/8\/2017\/04\/Edital-020_2017-resultado-final.pdf\">EDITAL 020\/2017 &#8211; RESULTADO FINAL DE SELE\u00c7\u00c3O PARA VAGAS REMANESCENTES<\/a><\/u><\/strong><\/span><\/p>\n","protected":false},"excerpt":{"rendered":"<p>CURSO DE FORMA\u00c7\u00c3O PR\u00c9-ACAD\u00caMICA AFIRMA\u00c7\u00c3O NA P\u00d3S UFPR &#8211; TURMA CURITIBA\/PR Cronograma: Per\u00edodo\/Data Atividade prevista 12\/04\/2017 Publica\u00e7\u00e3o do Edital 12\/04\/2017 a 17\/05\/2017 Per\u00edodo de Inscri\u00e7\u00f5es 17\/05\/2017 a 19\/05\/2017 Sele\u00e7\u00e3o e Homologa\u00e7\u00e3o das Inscri\u00e7\u00f5es 20\/05\/2017 Divulga\u00e7\u00e3o do Resultado da Sele\u00e7\u00e3o 27\/05\/2017 Aula Inaugural (Pr\u00e9dio Dom Pedro I \u2013 UFPR) Documentos para Download: EDITAL 001-2017- Curso de [&hellip;]<\/p>\n","protected":false},"author":396,"featured_media":0,"parent":123,"menu_order":0,"comment_status":"closed","ping_status":"closed","template":"","meta":{"_acf_changed":false,"footnotes":""},"class_list":["post-346","page","type-page","status-publish","hentry"],"acf":[],"_links":{"self":[{"href":"https:\/\/educacao.ufpr.br\/interagir\/wp-json\/wp\/v2\/pages\/346","targetHints":{"allow":["GET"]}}],"collection":[{"href":"https:\/\/educacao.ufpr.br\/interagir\/wp-json\/wp\/v2\/pages"}],"about":[{"href":"https:\/\/educacao.ufpr.br\/interagir\/wp-json\/wp\/v2\/types\/page"}],"author":[{"embeddable":true,"href":"https:\/\/educacao.ufpr.br\/interagir\/wp-json\/wp\/v2\/users\/396"}],"replies":[{"embeddable":true,"href":"https:\/\/educacao.ufpr.br\/interagir\/wp-json\/wp\/v2\/comments?post=346"}],"version-history":[{"count":1,"href":"https:\/\/educacao.ufpr.br\/interagir\/wp-json\/wp\/v2\/pages\/346\/revisions"}],"predecessor-version":[{"id":347,"href":"https:\/\/educacao.ufpr.br\/interagir\/wp-json\/wp\/v2\/pages\/346\/revisions\/347"}],"up":[{"embeddable":true,"href":"https:\/\/educacao.ufpr.br\/interagir\/wp-json\/wp\/v2\/pages\/123"}],"wp:attachment":[{"href":"https:\/\/educacao.ufpr.br\/interagir\/wp-json\/wp\/v2\/media?parent=346"}],"curies":[{"name":"wp","href":"https:\/\/api.w.org\/{rel}","templated":true}]}}