{"id":1096,"date":"2019-03-15T02:46:23","date_gmt":"2019-03-15T02:46:23","guid":{"rendered":"https:\/\/educacao.ufpr.br\/nesef\/?page_id=1096"},"modified":"2019-06-26T15:42:09","modified_gmt":"2019-06-26T18:42:09","slug":"textos-filosoficos-em-libras","status":"publish","type":"page","link":"https:\/\/educacao.ufpr.br\/nesef\/textos-filosoficos-em-libras\/","title":{"rendered":"Textos filos\u00f3ficos em Libras"},"content":{"rendered":"<h2 style=\"text-align: center\"><strong><span style=\"color: #ff0000\">\u00a0Apologia de S\u00f3crates<\/span><\/strong><\/h2>\n<hr \/>\n<h3>Este material \u00e9 fruto da pesquisa de doutorado sobre a Recep\u00e7\u00e3o Filos\u00f3fica com Estudante Surdo e visa proporcionar acessibilidade lingu\u00edstica de textos de Filosofia e seus textos aportes para estudantes surdos do Ensino M\u00e9dio, assegurando assim a sua singularidade lingu\u00edstica nos processos de forma\u00e7\u00e3o escolar.<\/h3>\n<h3>A primeira obra do projeto Texto de Filosofia em Libras na perspectiva do letramento visual \u00e9\u00a0\u00a0<em>Apologia de S\u00f3crates.\u00a0<\/em>Essa\u00a0obra foi escrita por Plat\u00e3o dentro do per\u00edodo denominado de di\u00e1logos socr\u00e1ticos. Nesta obra podemos perceber\u00a0a metodologia socr\u00e1tica, durante sua defesa, no processo do filosofar, no aspecto \u00e9tico, antropol\u00f3gico e pol\u00edtico<\/h3>\n<h3>O texto se encontra em Libras. Dessa forma, procuramos democratizar o conhecimento filos\u00f3fico \u00e0 comunidade surda e para a comunidade em geral.<\/h3>\n<h3 style=\"text-align: center\">Bom estudo!<\/h3>\n<h3 style=\"text-align: center\">Apologia de S\u00f3crates &#8211;\u00a0Libras<\/h3>\n<h3 style=\"text-align: center\">Tradu\u00e7\u00e3o em Libras realizada pelos Tradutores e Int\u00e9rpretes da L\u00edngua de Sinais (TILS):<br \/>\nJonatas R. Medeiros, Rhaul Lemos e Paula Roque<\/h3>\n<h3 style=\"text-align: center\">Assista no link abaixo:<\/h3>\n<h3 style=\"text-align: center\"><a href=\"https:\/\/youtu.be\/2o3ZmgaZ5rM\">https:\/\/youtu.be\/2o3ZmgaZ5rM<\/a><\/h3>\n","protected":false},"excerpt":{"rendered":"<p>\u00a0Apologia de S\u00f3crates Este material \u00e9 fruto da pesquisa de doutorado sobre a Recep\u00e7\u00e3o Filos\u00f3fica com Estudante Surdo e visa proporcionar acessibilidade lingu\u00edstica de textos de Filosofia e seus textos aportes para estudantes surdos do Ensino M\u00e9dio, assegurando assim a&#8230; <a class=\"more-link\" href=\"https:\/\/educacao.ufpr.br\/nesef\/textos-filosoficos-em-libras\/\">Continue Reading &rarr;<\/a><\/p>\n","protected":false},"author":398,"featured_media":0,"parent":0,"menu_order":0,"comment_status":"closed","ping_status":"closed","template":"","meta":{"_acf_changed":false,"footnotes":""},"class_list":["post-1096","page","type-page","status-publish","hentry"],"acf":[],"_links":{"self":[{"href":"https:\/\/educacao.ufpr.br\/nesef\/wp-json\/wp\/v2\/pages\/1096","targetHints":{"allow":["GET"]}}],"collection":[{"href":"https:\/\/educacao.ufpr.br\/nesef\/wp-json\/wp\/v2\/pages"}],"about":[{"href":"https:\/\/educacao.ufpr.br\/nesef\/wp-json\/wp\/v2\/types\/page"}],"author":[{"embeddable":true,"href":"https:\/\/educacao.ufpr.br\/nesef\/wp-json\/wp\/v2\/users\/398"}],"replies":[{"embeddable":true,"href":"https:\/\/educacao.ufpr.br\/nesef\/wp-json\/wp\/v2\/comments?post=1096"}],"version-history":[{"count":15,"href":"https:\/\/educacao.ufpr.br\/nesef\/wp-json\/wp\/v2\/pages\/1096\/revisions"}],"predecessor-version":[{"id":1392,"href":"https:\/\/educacao.ufpr.br\/nesef\/wp-json\/wp\/v2\/pages\/1096\/revisions\/1392"}],"wp:attachment":[{"href":"https:\/\/educacao.ufpr.br\/nesef\/wp-json\/wp\/v2\/media?parent=1096"}],"curies":[{"name":"wp","href":"https:\/\/api.w.org\/{rel}","templated":true}]}}