{"id":11,"date":"2017-06-05T17:38:56","date_gmt":"2017-06-05T17:38:56","guid":{"rendered":"https:\/\/educacao.ufpr.br\/nesef\/?page_id=11"},"modified":"2017-06-05T17:39:13","modified_gmt":"2017-06-05T17:39:13","slug":"historico","status":"publish","type":"page","link":"https:\/\/educacao.ufpr.br\/nesef\/historico\/","title":{"rendered":"Hist\u00f3rico"},"content":{"rendered":"<h2>Breve Hist\u00f3rico do NESEF<\/h2>\n<p style=\"text-align: justify;\"><strong>Coordenador:<\/strong> Doutor Professor Geraldo Balduino Horn<\/p>\n<p style=\"text-align: justify;\">O NESEF &#8211;\u00a0N\u00facleo de Estudos e Pesquisas Sobre o Ensino de Filosofia &#8211; nasceu em 1998, a partir das atividades desenvolvidas na 1\u00aa etapa do Projeto Prolicen de Filosofia\/ED Levantamento, Divulga\u00e7\u00e3o e Promo\u00e7\u00e3o da Licenciatura em Filosofia. \u00c9 constitu\u00eddo, principalmente, por professores do ensino m\u00e9dio e universit\u00e1rio de Filosofia e alunos da gradua\u00e7\u00e3o e tem por finalidade debater quest\u00f5es relacionadas ao ensino de filosofia, particularmente na educa\u00e7\u00e3o b\u00e1sica, bem como desenvolver iniciativas no sentido de consolidar a presen\u00e7a desse componente nos curr\u00edculos.<\/p>\n<p style=\"text-align: justify;\">As primeiras reuni\u00f5es do N\u00facleo foram marcadas pela presen\u00e7a de professores de filosofia da rede estadual de ensino, alunos da gradua\u00e7\u00e3o e integrantes do programa Prolicen. Contou tamb\u00e9m com o incentivo do ent\u00e3o chefe do Departamento de Filosofia, Professor Emmanuel Appel, com a participa\u00e7\u00e3o do Departamento de Estudos Sociais do CEFET, do Centro Paranaense de Filosofia para Crian\u00e7as, do Instituto de Filosofia da Liberta\u00e7\u00e3o (IFIL), al\u00e9m do Departamento de Educa\u00e7\u00e3o da Prefeitura Municipal de Curitiba e do Departamento do Ensino M\u00e9dio da SEED. Esses segmentos tiveram e ainda tem importante papel na amplia\u00e7\u00e3o e implementa\u00e7\u00e3o das atividades do NESEF.<\/p>\n<p style=\"text-align: justify;\">O N\u00facleo surgiu da necessidade de se criar um espa\u00e7o para problematizar quest\u00f5es relacionadas ao Ensino de Filosofia (conte\u00fados, m\u00e9todo, recursos, pol\u00edticas educacionais, etc.), para troca de experi\u00eancias, promo\u00e7\u00e3o de cursos de atualiza\u00e7\u00e3o, debates, produ\u00e7\u00e3o de materiais, publica\u00e7\u00f5es de artigos e para apoiar a luta pela inclus\u00e3o da disciplina de Filosofia nos Curr\u00edculos da Educa\u00e7\u00e3o B\u00e1sica.<\/p>\n<p style=\"text-align: justify;\">\u00c9 importante ressaltar, portanto, que trata-se de um N\u00facleo de car\u00e1ter p\u00fablico, interdepartamental e interinstitucional com uma atua\u00e7\u00e3o voltada tanto para pesquisa como para extens\u00e3o, com \u00eanfase em atividades e estudos sobre temas filos\u00f3ficos e educacionais.<\/p>\n","protected":false},"excerpt":{"rendered":"<p>Breve Hist\u00f3rico do NESEF Coordenador: Doutor Professor Geraldo Balduino Horn O NESEF &#8211;\u00a0N\u00facleo de Estudos e Pesquisas Sobre o Ensino de Filosofia &#8211; nasceu em 1998, a partir das atividades desenvolvidas na 1\u00aa etapa do Projeto Prolicen de Filosofia\/ED Levantamento,&#8230; <a class=\"more-link\" href=\"https:\/\/educacao.ufpr.br\/nesef\/historico\/\">Continue Reading &rarr;<\/a><\/p>\n","protected":false},"author":1,"featured_media":0,"parent":0,"menu_order":0,"comment_status":"closed","ping_status":"closed","template":"","meta":{"_acf_changed":false,"footnotes":""},"class_list":["post-11","page","type-page","status-publish","hentry"],"acf":[],"_links":{"self":[{"href":"https:\/\/educacao.ufpr.br\/nesef\/wp-json\/wp\/v2\/pages\/11","targetHints":{"allow":["GET"]}}],"collection":[{"href":"https:\/\/educacao.ufpr.br\/nesef\/wp-json\/wp\/v2\/pages"}],"about":[{"href":"https:\/\/educacao.ufpr.br\/nesef\/wp-json\/wp\/v2\/types\/page"}],"author":[{"embeddable":true,"href":"https:\/\/educacao.ufpr.br\/nesef\/wp-json\/wp\/v2\/users\/1"}],"replies":[{"embeddable":true,"href":"https:\/\/educacao.ufpr.br\/nesef\/wp-json\/wp\/v2\/comments?post=11"}],"version-history":[{"count":2,"href":"https:\/\/educacao.ufpr.br\/nesef\/wp-json\/wp\/v2\/pages\/11\/revisions"}],"predecessor-version":[{"id":13,"href":"https:\/\/educacao.ufpr.br\/nesef\/wp-json\/wp\/v2\/pages\/11\/revisions\/13"}],"wp:attachment":[{"href":"https:\/\/educacao.ufpr.br\/nesef\/wp-json\/wp\/v2\/media?parent=11"}],"curies":[{"name":"wp","href":"https:\/\/api.w.org\/{rel}","templated":true}]}}