{"id":1815,"date":"2019-11-08T15:26:39","date_gmt":"2019-11-08T18:26:39","guid":{"rendered":"https:\/\/educacao.ufpr.br\/nesef\/?page_id=1815"},"modified":"2020-06-25T11:41:31","modified_gmt":"2020-06-25T14:41:31","slug":"expediente","status":"publish","type":"page","link":"https:\/\/educacao.ufpr.br\/nesef\/expediente\/","title":{"rendered":"Expediente"},"content":{"rendered":"<p><strong>O S\u00cdSIFO<\/strong> possui dois editores indicados e eleitos pelo Coletivo do Nesef para a Gest\u00e3o 2018-2020, sendo eles:<\/p>\n<p>Professor Dr. Geraldo Balduino Horn e Professor Me. Alexsander Machado<\/p>\n<p>Possui tamb\u00e9m um Comit\u00ea Cient\u00edfico que \u00e9 formado pelos membros pesquisadores\/as do <strong>Grupo de Pesquisa Nesef\/CNPq<\/strong>, reconhecido pela <strong>UFPR<\/strong> e certificado pelo CNPq L\u00edder: Prof. Dr. Geraldo Balduino Horn &#8211; UFPR<\/p>\n<p>Prof\u00aa.\u00a0 Dra. Anita Helena\u00a0Schlesener &#8211; UTP<\/p>\n<p>Prof\u00aa. Dra. Carmen L\u00facia F. Diez &#8211; UNIPLAC<\/p>\n<p>Prof\u00aa. Dra. Val\u00e9ria Arias \u2013 CEP\/SEED PR<\/p>\n<p>Prof. Dr. Delcio Junkes \u2013 UFPR<\/p>\n<p>Prof. Dr. Ademir Aparecido Pinhelli Mendes \u2013 UNINTER<\/p>\n<p>Profa. Dra. Giselle Moura Schnorr \u2013 UNESPAR<\/p>\n<p>Prof. Dr. Rui Valese &#8211; SEED PR<\/p>\n<p>Profa. Dr. Luciana Vieira de Lima \u2013 FACET<\/p>\n<p>Prof. Dr. Wilson Jos\u00e9 Vieira CEP\/SEED PR<\/p>\n<p>Prof. Dr. M\u00e1rcio Jarek \u2013 UTFPR<\/p>\n<p>Prof. Dr. Edson Teixeira de Rezende \u2013 FESP e SEED PR<\/p>\n<p>Profa. Ms. Raquel Aline Zanini &#8211; SEED PR<\/p>\n<p>Prof. Ms. Alessandro Vorussi<\/p>\n<p>Prof. Ms. Altair Gabardo Percicotty<\/p>\n<p>Prof. Ms. Alessandro Reina \u2013 SEED PR e CLARETIANOS<\/p>\n<p>Profa. Ms. Elisane Fank &#8211; SEED PR<\/p>\n<p>Prof. Ms. Paulo Renato Dias &#8211; SEED PR<\/p>\n<p>Prof. Ms. Douglas Lopes \u2013 UNINTER<\/p>\n<p>Prof. Dr. Luis Fernando Lopes \u2013 UNINTER<\/p>\n<p>Prof. Ms. Avanir Mastey &#8211; SEED PR<\/p>\n","protected":false},"excerpt":{"rendered":"<p>O S\u00cdSIFO possui dois editores indicados e eleitos pelo Coletivo do Nesef para a Gest\u00e3o 2018-2020, sendo eles: Professor Dr. Geraldo Balduino Horn e Professor Me. Alexsander Machado Possui tamb\u00e9m um Comit\u00ea Cient\u00edfico que \u00e9 formado pelos membros pesquisadores\/as do&#8230; <a class=\"more-link\" href=\"https:\/\/educacao.ufpr.br\/nesef\/expediente\/\">Continue Reading &rarr;<\/a><\/p>\n","protected":false},"author":398,"featured_media":0,"parent":0,"menu_order":0,"comment_status":"closed","ping_status":"closed","template":"","meta":{"_acf_changed":false,"footnotes":""},"class_list":["post-1815","page","type-page","status-publish","hentry"],"acf":[],"_links":{"self":[{"href":"https:\/\/educacao.ufpr.br\/nesef\/wp-json\/wp\/v2\/pages\/1815","targetHints":{"allow":["GET"]}}],"collection":[{"href":"https:\/\/educacao.ufpr.br\/nesef\/wp-json\/wp\/v2\/pages"}],"about":[{"href":"https:\/\/educacao.ufpr.br\/nesef\/wp-json\/wp\/v2\/types\/page"}],"author":[{"embeddable":true,"href":"https:\/\/educacao.ufpr.br\/nesef\/wp-json\/wp\/v2\/users\/398"}],"replies":[{"embeddable":true,"href":"https:\/\/educacao.ufpr.br\/nesef\/wp-json\/wp\/v2\/comments?post=1815"}],"version-history":[{"count":5,"href":"https:\/\/educacao.ufpr.br\/nesef\/wp-json\/wp\/v2\/pages\/1815\/revisions"}],"predecessor-version":[{"id":2206,"href":"https:\/\/educacao.ufpr.br\/nesef\/wp-json\/wp\/v2\/pages\/1815\/revisions\/2206"}],"wp:attachment":[{"href":"https:\/\/educacao.ufpr.br\/nesef\/wp-json\/wp\/v2\/media?parent=1815"}],"curies":[{"name":"wp","href":"https:\/\/api.w.org\/{rel}","templated":true}]}}