{"id":2198,"date":"2020-06-25T09:38:19","date_gmt":"2020-06-25T12:38:19","guid":{"rendered":"https:\/\/educacao.ufpr.br\/nesef\/?page_id=2198"},"modified":"2020-06-25T19:49:52","modified_gmt":"2020-06-25T22:49:52","slug":"poesia","status":"publish","type":"page","link":"https:\/\/educacao.ufpr.br\/nesef\/poesia\/","title":{"rendered":"Poesia"},"content":{"rendered":"<p class=\"p1\">Dismetria da Pandemia<\/p>\n<pre class=\"p1\"><\/pre>\n<p class=\"p1\">Um amigo pediu uma poesia<\/p>\n<p class=\"p1\">Mas n\u00e3o sou poeta<\/p>\n<p class=\"p1\">Eu s\u00f3 gosto de rimar<\/p>\n<p>&nbsp;<\/p>\n<p class=\"p1\">N\u00e3o aprendi sobre m\u00e9tricas<\/p>\n<p class=\"p1\">N\u00e3o consigo achar bonito romantizar<\/p>\n<p class=\"p1\">Um mal estar<\/p>\n<p>&nbsp;<\/p>\n<p class=\"p1\">N\u00e3o encontro a f\u00e9 mundana<\/p>\n<p class=\"p1\">E todos os dias estou a procurar<\/p>\n<p class=\"p1\">Pois invejo quem tem f\u00e9 para justificar<\/p>\n<p class=\"p1\">A aberra\u00e7\u00e3o da ra\u00e7a humana<\/p>\n<p>&nbsp;<\/p>\n<p class=\"p1\">Posso definir de acordo com<\/p>\n<p class=\"p1\">As barreiras de minhas limita\u00e7\u00f5es<\/p>\n<p class=\"p1\">Posso falar de sem\u00e2ntica<\/p>\n<p class=\"p1\">De enfermidades pand\u00eamicas e<\/p>\n<p class=\"p1\">Dissemina\u00e7\u00f5es<\/p>\n<p class=\"p1\">De pol\u00edticos (pol\u00edtica)<\/p>\n<p class=\"p1\">Simbologia<\/p>\n<p class=\"p1\">Astrologia<\/p>\n<p class=\"p1\">Mitologia<\/p>\n<p class=\"p1\">Religi\u00f5es<\/p>\n<p>&nbsp;<\/p>\n<p class=\"p1\">Posso falar e estarei errada<\/p>\n<p class=\"p1\">E quero estar errada<\/p>\n<p class=\"p1\">Caminhar com a certeza \u00e9 longa estrada<\/p>\n<p class=\"p1\">E estou cansada<\/p>\n<p>&nbsp;<\/p>\n<p class=\"p1\">Mas quero deixar registrado meu<\/p>\n<p class=\"p1\">Manique\u00edsmo irremedi\u00e1vel<\/p>\n<p class=\"p1\">N\u00e3o andarei junto \u00e0 neutralidade<\/p>\n<p>&nbsp;<\/p>\n<p class=\"p1\">Acredito no antagonismo e que<\/p>\n<p class=\"p1\">Tendemos a escolher um lado<\/p>\n<p class=\"p1\">Bem ou mal<\/p>\n<p class=\"p1\">Original\/artificial<\/p>\n<p>&nbsp;<\/p>\n<p class=\"p1\">Meio termo n\u00e3o \u00e9 uma escolha<\/p>\n<p>&nbsp;<\/p>\n<p class=\"p1\">Quem voc\u00ea \u00e9 e de que lado est\u00e1?<\/p>\n<p class=\"p1\">\u00c9 quem v\u00ea n\u00fameros na televis\u00e3o<\/p>\n<p class=\"p1\">Ou quem v\u00ea corpos num caix\u00e3o<\/p>\n","protected":false},"excerpt":{"rendered":"<p>Dismetria da Pandemia Um amigo pediu uma poesia Mas n\u00e3o sou poeta Eu s\u00f3 gosto de rimar &nbsp; N\u00e3o aprendi sobre m\u00e9tricas N\u00e3o consigo achar bonito romantizar Um mal estar &nbsp; N\u00e3o encontro a f\u00e9 mundana E todos os dias&#8230; <a class=\"more-link\" href=\"https:\/\/educacao.ufpr.br\/nesef\/poesia\/\">Continue Reading &rarr;<\/a><\/p>\n","protected":false},"author":398,"featured_media":0,"parent":0,"menu_order":0,"comment_status":"closed","ping_status":"closed","template":"","meta":{"_acf_changed":false,"footnotes":""},"class_list":["post-2198","page","type-page","status-publish","hentry"],"acf":[],"_links":{"self":[{"href":"https:\/\/educacao.ufpr.br\/nesef\/wp-json\/wp\/v2\/pages\/2198","targetHints":{"allow":["GET"]}}],"collection":[{"href":"https:\/\/educacao.ufpr.br\/nesef\/wp-json\/wp\/v2\/pages"}],"about":[{"href":"https:\/\/educacao.ufpr.br\/nesef\/wp-json\/wp\/v2\/types\/page"}],"author":[{"embeddable":true,"href":"https:\/\/educacao.ufpr.br\/nesef\/wp-json\/wp\/v2\/users\/398"}],"replies":[{"embeddable":true,"href":"https:\/\/educacao.ufpr.br\/nesef\/wp-json\/wp\/v2\/comments?post=2198"}],"version-history":[{"count":2,"href":"https:\/\/educacao.ufpr.br\/nesef\/wp-json\/wp\/v2\/pages\/2198\/revisions"}],"predecessor-version":[{"id":2217,"href":"https:\/\/educacao.ufpr.br\/nesef\/wp-json\/wp\/v2\/pages\/2198\/revisions\/2217"}],"wp:attachment":[{"href":"https:\/\/educacao.ufpr.br\/nesef\/wp-json\/wp\/v2\/media?parent=2198"}],"curies":[{"name":"wp","href":"https:\/\/api.w.org\/{rel}","templated":true}]}}