{"id":479,"date":"2018-08-27T16:10:21","date_gmt":"2018-08-27T16:10:21","guid":{"rendered":"https:\/\/educacao.ufpr.br\/nesef\/?page_id=479"},"modified":"2021-03-19T20:23:30","modified_gmt":"2021-03-19T23:23:30","slug":"edicoes-o-sisifo","status":"publish","type":"page","link":"https:\/\/educacao.ufpr.br\/nesef\/edicoes-o-sisifo\/","title":{"rendered":"Edi\u00e7\u00f5es anteriores (2018\/2019)"},"content":{"rendered":"<h5><span style=\"color: #000000\"><strong>Edi\u00e7\u00f5es de 2020<\/strong><\/span><\/h5>\n<ul>\n<li><strong><span style=\"color: #0000ff\"><a style=\"color: #0000ff\" href=\"https:\/\/drive.google.com\/file\/d\/1VKJ2-bh7o6GlxgP4aQt9T-L7LLi2ysCO\/view?usp=sharing\">O S\u00cdSIFO V.3 &#8211; n.6 &#8211; JUNHO &#8211; 2020<\/a><\/span><\/strong><\/li>\n<li><strong><span style=\"color: #0000ff\"><a style=\"color: #0000ff\" href=\"https:\/\/educacao.ufpr.br\/nesef\/wp-content\/uploads\/sites\/10\/2020\/05\/JORNAL-O-S\u00cdSIFO-VOL-3-N\u00ba-5-MAIO-2020-2.pdf\">O S\u00cdSIFO V.3 &#8211; n.5 &#8211; MAIO &#8211; 2020<\/a><\/span><\/strong><\/li>\n<li><strong><span style=\"color: #0000ff\"><a style=\"color: #0000ff\" href=\"https:\/\/educacao.ufpr.br\/nesef\/wp-content\/uploads\/sites\/10\/2020\/05\/JORNAL-O-S\u00cdSIFO-VOL-3-N\u00ba-4-ABRIL-2020.pdf\">O S\u00cdSIFO V.3 &#8211; n.4 &#8211; ABRIL &#8211; 2020<\/a><\/span><\/strong><\/li>\n<li><strong><span style=\"color: #0000ff\"><a style=\"color: #0000ff\" href=\"https:\/\/educacao.ufpr.br\/nesef\/wp-content\/uploads\/sites\/10\/2020\/05\/JORNAL-O-S%C3%8DSIFO-VOL-3-N%C2%BA-3-MAR%C3%87O-2020ok.pdf\">O S\u00cdSIFO V.3 &#8211; n.3 &#8211; MAR\u00c7O &#8211; 2020<\/a><\/span><\/strong><\/li>\n<li><strong><span style=\"color: #0000ff\"><a style=\"color: #0000ff\" href=\"https:\/\/educacao.ufpr.br\/nesef\/wp-content\/uploads\/sites\/10\/2020\/02\/JORNAL-O-S\u00cdSIFO-VOL-3-N\u00ba-2-FEVEREIRO-2020.pdf.pdf\">O S\u00cdSIFO V.3 &#8211; n.2 &#8211; FEVEREIRO 2020<\/a><\/span><\/strong><\/li>\n<li style=\"text-align: left\"><strong><span style=\"color: #0000ff\"><a style=\"color: #0000ff\" href=\"https:\/\/educacao.ufpr.br\/nesef\/wp-content\/uploads\/sites\/10\/2020\/01\/JORNAL-O-S\u00cdSIFO-VOL-3-N\u00ba-1-JANIERO-2020.pdf\">O S\u00cdSIFO V.3 n.1 &#8211; JANEIRO 2020<\/a><\/span><\/strong><\/li>\n<\/ul>\n<h5><span style=\"color: #000000\"><strong>Edi\u00e7\u00f5es de 2019<\/strong><\/span><\/h5>\n<ul>\n<li><strong><span style=\"color: #0000ff\"><a style=\"color: #0000ff\" href=\"https:\/\/educacao.ufpr.br\/nesef\/wp-content\/uploads\/sites\/10\/2019\/12\/O-S\u00edsifo_DEZEMBRO.pdf\">O S\u00cdSIFO V.2 n.12 &#8211; DEZEMBRO\u00a02019<\/a><\/span><\/strong><\/li>\n<li><strong><span style=\"color: #0000ff\"><a style=\"color: #0000ff\" href=\"https:\/\/educacao.ufpr.br\/nesef\/wp-content\/uploads\/sites\/10\/2019\/11\/O-S\u00edsifo_novembro-4-1.pdf\">O S\u00cdSIFO V.2 n.11 &#8211; NOVEMBRO 2019<\/a><\/span><\/strong><\/li>\n<li><strong><span style=\"color: #0000ff\"><a style=\"color: #0000ff\" href=\"https:\/\/educacao.ufpr.br\/nesef\/wp-content\/uploads\/sites\/10\/2019\/10\/O-S\u00edsifo_outubro.pdf\">O S\u00cdSIFO V.2 n.10 &#8211; OUTUBRO 2019<\/a><\/span><\/strong><\/li>\n<li><strong><span style=\"color: #0000ff\"><a style=\"color: #0000ff\" href=\"https:\/\/educacao.ufpr.br\/nesef\/wp-content\/uploads\/sites\/10\/2020\/01\/O-S\u00edsifo_setembro-2019.pdf\">O S\u00cdSIFO V.2 n.9 &#8211; SETEMBRO <\/a><a style=\"color: #0000ff\" href=\"https:\/\/educacao.ufpr.br\/nesef\/wp-content\/uploads\/sites\/10\/2020\/01\/O-S\u00edsifo_setembro-2019.pdf\">2019<\/a><\/span><\/strong><\/li>\n<li><strong><span style=\"color: #0000ff\"><a style=\"color: #0000ff\" href=\"https:\/\/educacao.ufpr.br\/nesef\/wp-content\/uploads\/sites\/10\/2019\/10\/O-Si\u0301sifo_agosto.pdf\">O S\u00cdSIFO V.2 n.8 &#8211; AGOSTO 2019<\/a><\/span><\/strong><\/li>\n<li><strong><span style=\"color: #0000ff\"><a style=\"color: #0000ff\" href=\"https:\/\/educacao.ufpr.br\/nesef\/wp-content\/uploads\/sites\/10\/2019\/10\/O-S%C3%ADsifo_julho.pdf\">O S\u00cdSIFO V.2 n.7 &#8211; JULHO 2019<\/a><\/span><\/strong><\/li>\n<li><strong><span style=\"color: #0000ff\"><a style=\"color: #0000ff\" href=\"https:\/\/educacao.ufpr.br\/nesef\/wp-content\/uploads\/sites\/10\/2019\/06\/O-S%C3%ADsifo_junho.pdf\">O S\u00cdSIFO V.2 n.6\u2013JUNHO 2019<\/a><\/span><\/strong><\/li>\n<li><strong><span style=\"color: #0000ff\"><a style=\"color: #0000ff\" href=\"https:\/\/educacao.ufpr.br\/nesef\/wp-content\/uploads\/sites\/10\/2019\/06\/JORNAL-O-S%C3%8DSIFO-VOL-2-N%C2%BA-5-MAIO-2019.pdf\">O S\u00cdSIFO V.2.n.5 &#8211; MAIO 2019<\/a><\/span><\/strong><\/li>\n<li><strong><span style=\"color: #0000ff\"><a style=\"color: #0000ff\" href=\"https:\/\/educacao.ufpr.br\/nesef\/wp-content\/uploads\/sites\/10\/2019\/04\/JORNAL-O-S\u00cdSIFO-VOL-2-N\u00ba-4-ABRIL-2019.pdf\">O S\u00cdSIFO V.2 n.4 &#8211; ABRIL 2019<\/a><\/span><\/strong><\/li>\n<li><strong><span style=\"color: #0000ff\"><a style=\"color: #0000ff\" href=\"https:\/\/educacao.ufpr.br\/nesef\/wp-content\/uploads\/sites\/10\/2020\/06\/JORNAL-O-S\u00cdSIFO-VOL-2-N\u00ba-3-MAR\u00c7O-2019.pdf\">O S\u00cdSIFO V.2 n.3 &#8211; MAR\u00c7O 2019<\/a><\/span><\/strong><\/li>\n<li><strong><span style=\"color: #0000ff\"><a style=\"color: #0000ff\" href=\"https:\/\/educacao.ufpr.br\/nesef\/wp-content\/uploads\/sites\/10\/2019\/03\/JORNAL-O-S\u00cdSIFO-VOL-2-N\u00ba-2-FEVEREIRO-2019.pdf\">O S\u00cdSIFO V. 2 n.2 &#8211; FEVEREIRO 2019<\/a><\/span><\/strong><\/li>\n<li><strong><span style=\"color: #0000ff\"><a style=\"color: #0000ff\" href=\"https:\/\/educacao.ufpr.br\/nesef\/wp-content\/uploads\/sites\/10\/2019\/01\/JORNAL-O-S\u00cdSIFO-VOL-2-N\u00ba-1-JANEIRO-2019.pdf\">O S\u00cdSIFO V.2 n.1 &#8211; JANEIRO 2019<\/a><\/span><\/strong><\/li>\n<\/ul>\n<h5><span style=\"color: #000000\"><strong>Edi\u00e7\u00f5es de 2018<\/strong><\/span><\/h5>\n<ul>\n<li><strong><span style=\"color: #0000ff\"><a style=\"color: #0000ff\" href=\"https:\/\/educacao.ufpr.br\/nesef\/wp-content\/uploads\/sites\/10\/2018\/12\/JORNAL-O-S\u00cdSIFO-VOL-1-N\u00ba-7-DEZEMBRO-2018-2.pdf\">O S\u00cdSIFO V.1 n.7 &#8211; DEZEMBRO 2018<\/a><\/span><\/strong><\/li>\n<li><strong><span style=\"color: #0000ff\"><a style=\"color: #0000ff\" href=\"https:\/\/educacao.ufpr.br\/nesef\/wp-content\/uploads\/sites\/10\/2018\/11\/JORNAL-O-S\u00cdSIFO-VOL-1-N\u00ba-6-NOVEMBRO-2018-1.pdf\">O S\u00cdSIFO V.1 n.6 &#8211; NOVEMBRO 2018<\/a><\/span><\/strong><\/li>\n<li><strong><span style=\"color: #0000ff\"><a style=\"color: #0000ff\" href=\"https:\/\/educacao.ufpr.br\/nesef\/wp-content\/uploads\/sites\/10\/2018\/10\/JORNAL-O-S\u00cdSIFO-VOL-1-N\u00ba-5-OUTUBRO-2018.pdf\">O S\u00cdSIFO V.1 n.5 &#8211; OUTUBRO 2018<\/a><\/span><\/strong><\/li>\n<li><strong><span style=\"color: #0000ff\"><a style=\"color: #0000ff\" href=\"https:\/\/educacao.ufpr.br\/nesef\/wp-content\/uploads\/sites\/10\/2018\/09\/JORNAL-O-S\u00cdSIFO-V.1-n.4-SETEMBRO-2018.pdf\">O S\u00cdSIFO V.1 n.4 &#8211; SETEMBRO 2018<\/a><\/span><\/strong><\/li>\n<li><strong><span style=\"color: #0000ff\"><a style=\"color: #0000ff\" href=\"https:\/\/educacao.ufpr.br\/nesef\/wp-content\/uploads\/sites\/10\/2018\/09\/JORNAL-O-S\u00cdSIFO-V.1-n.3-AGOSTO-2018-1.pdf\">O S\u00cdSIFO V.1 n.3 &#8211; AGOSTO &#8211; 2018<\/a><\/span><\/strong><\/li>\n<li><strong><span style=\"color: #0000ff\"><a style=\"color: #0000ff\" href=\"https:\/\/educacao.ufpr.br\/nesef\/wp-content\/uploads\/sites\/10\/2018\/09\/JORNAL-O-S\u00cdSIFO-V.1-n.2-JULHO-2018-1.pdf\">O S\u00cdSIFO V.1 n.2 &#8211; JULHO &#8211; 2018<\/a><\/span><\/strong><\/li>\n<li><strong><span style=\"color: #0000ff\"><a style=\"color: #0000ff\" href=\"https:\/\/educacao.ufpr.br\/nesef\/wp-content\/uploads\/sites\/10\/2018\/09\/JORNAL-O-S\u00cdSIFO-V.1-n.1-JUNHO-2018.pdf\">O S\u00cdSIFO V.1 n.1 &#8211; JUNHO &#8211; 2018<\/a><\/span><\/strong><\/li>\n<\/ul>\n<p>&nbsp;<\/p>\n<p>&nbsp;<\/p>\n<p>&nbsp;<\/p>\n<p>&nbsp;<\/p>\n<p>&nbsp;<\/p>\n<p><strong><span style=\"color: #0000ff\"><a style=\"color: #0000ff\" href=\"https:\/\/educacao.ufpr.br\/nesef\/wp-content\/uploads\/sites\/10\/2019\/01\/JORNAL-O-S\u00cdSIFO-VOL-2-N\u00ba-1-JANEIRO-2019.pdf\"><br \/>\n<\/a><\/span><\/strong><\/p>\n<p>&nbsp;<\/p>\n<p>&nbsp;<\/p>\n","protected":false},"excerpt":{"rendered":"<p>Edi\u00e7\u00f5es de 2020 O S\u00cdSIFO V.3 &#8211; n.6 &#8211; JUNHO &#8211; 2020 O S\u00cdSIFO V.3 &#8211; n.5 &#8211; MAIO &#8211; 2020 O S\u00cdSIFO V.3 &#8211; n.4 &#8211; ABRIL &#8211; 2020 O S\u00cdSIFO V.3 &#8211; n.3 &#8211; MAR\u00c7O &#8211; 2020 O&#8230; <a class=\"more-link\" href=\"https:\/\/educacao.ufpr.br\/nesef\/edicoes-o-sisifo\/\">Continue Reading &rarr;<\/a><\/p>\n","protected":false},"author":398,"featured_media":0,"parent":0,"menu_order":0,"comment_status":"closed","ping_status":"closed","template":"","meta":{"_acf_changed":false,"footnotes":""},"class_list":["post-479","page","type-page","status-publish","hentry"],"acf":[],"_links":{"self":[{"href":"https:\/\/educacao.ufpr.br\/nesef\/wp-json\/wp\/v2\/pages\/479","targetHints":{"allow":["GET"]}}],"collection":[{"href":"https:\/\/educacao.ufpr.br\/nesef\/wp-json\/wp\/v2\/pages"}],"about":[{"href":"https:\/\/educacao.ufpr.br\/nesef\/wp-json\/wp\/v2\/types\/page"}],"author":[{"embeddable":true,"href":"https:\/\/educacao.ufpr.br\/nesef\/wp-json\/wp\/v2\/users\/398"}],"replies":[{"embeddable":true,"href":"https:\/\/educacao.ufpr.br\/nesef\/wp-json\/wp\/v2\/comments?post=479"}],"version-history":[{"count":73,"href":"https:\/\/educacao.ufpr.br\/nesef\/wp-json\/wp\/v2\/pages\/479\/revisions"}],"predecessor-version":[{"id":2723,"href":"https:\/\/educacao.ufpr.br\/nesef\/wp-json\/wp\/v2\/pages\/479\/revisions\/2723"}],"wp:attachment":[{"href":"https:\/\/educacao.ufpr.br\/nesef\/wp-json\/wp\/v2\/media?parent=479"}],"curies":[{"name":"wp","href":"https:\/\/api.w.org\/{rel}","templated":true}]}}