{"id":27,"date":"2023-08-30T17:11:28","date_gmt":"2023-08-30T17:11:28","guid":{"rendered":"https:\/\/educacao.ufpr.br\/otp\/?page_id=27"},"modified":"2023-08-30T17:11:29","modified_gmt":"2023-08-30T17:11:29","slug":"metodologia","status":"publish","type":"page","link":"https:\/\/educacao.ufpr.br\/otp\/metodologia\/","title":{"rendered":"Metodologia"},"content":{"rendered":"\n<p><strong>Metodologia: <\/strong>Considerando que na presente proposta o curso se compromete com o aprofundamento de estudos especificamente no que tange \u00e0 rela\u00e7\u00e3o entre o papel fundamental do conhecimento (cient\u00edfico\/art\u00edstico\/filos\u00f3fico) na educa\u00e7\u00e3o escolar dos adolescentes, segundo as orienta\u00e7\u00f5es tanto da Pedagogia Hist\u00f3rico &#8211; Cr\u00edtica, quanto da Psicologia Hist\u00f3rico &#8211; Cultural, ela foi estruturada em tr\u00eas blocos, que guardam rela\u00e7\u00e3o entre si pelo suporte te\u00f3rico\/pr\u00e1tico que devem oferecer \u00e0 produ\u00e7\u00e3o das monografias pelos alunos que o frequentarem.&nbsp;<\/p>\n\n\n\n<p>O primeiro desses blocos est\u00e1 destinado ao estudo dos fundamentos te\u00f3rico\/metodol\u00f3gicos sobre as rela\u00e7\u00f5es entre os conhecimentos escolares (cient\u00edficos, art\u00edsticos e filos\u00f3ficos) e a educa\u00e7\u00e3o de adolescentes segundo a Pedagogia Hist\u00f3rico -Cr\u00edtica e a Psicologia Hist\u00f3rico &#8211; Cultural. Dessa forma, o estudo e o debate dos textos ser\u00e3o sempre sucedidos de aulas expositivas sistematizadoras, de forma a auxiliar os alunos a organizarem a estrutura\u00e7\u00e3o te\u00f3rica de seus futuros projetos de pesquisa.&nbsp;<\/p>\n\n\n\n<p>O segundo bloco, agrega dois semin\u00e1rios de pesquisa, um a ser realizado logo ap\u00f3s a conclus\u00e3o do Bloco 1, e que ter\u00e1 como prop\u00f3sito orientar os alunos na elabora\u00e7\u00e3o de seus projetos de pesquisa. Projetos esses, que ser\u00e3o enriquecidos pelo contato dos alunos com o conte\u00fado a ser trabalhado no Bloco 3, destinado ao estudo, debate e sistematiza\u00e7\u00e3o dos conte\u00fados relacionados \u00e0s dimens\u00f5es da organiza\u00e7\u00e3o do trabalho pedag\u00f3gico de forma a auxiliar os alunos a aprimorarem suas propostas de projetos de pesquisa.&nbsp;&nbsp;<\/p>\n\n\n\n<p>A vers\u00e3o definitiva dos projetos de pesquisa deve ser objetivada, pelos alunos, na segunda parte do Semin\u00e1rio de pesquisa que se realizar\u00e1 ao final do Bloco 3, permitindo que eles utilizem o prazo de seis meses, ap\u00f3s a conclus\u00e3o das disciplinas, para realizarem seus trabalhos monogr\u00e1ficos, contando com a orienta\u00e7\u00e3o individual.&nbsp;<\/p>\n\n\n\n<p>O per\u00edodo destinado \u00e0s bancas, configura o momento de culmin\u00e2ncia do processo formativo desejado&nbsp;<\/p>\n\n\n\n<p><strong>Sistema de avalia\u00e7\u00e3o<\/strong>: Para ser aprovado ser\u00e1 necess\u00e1rio que o aluno atinja 75% de frequ\u00eancia nas disciplinas e semin\u00e1rios; m\u00e9dia 7,0 aferida por, pelo menos, duas atividades avaliativas nas disciplinas e semin\u00e1rios e ter a monografia conclu\u00edda e aprovada no prazo estabelecido. \u00c0queles que tendo sido aprovados em todas as disciplinas e semin\u00e1rios e que n\u00e3o produzirem suas monografias ou que n\u00e3o as tiverem aprovadas ser\u00e1 concedido Certificado de Aperfei\u00e7oamento.&nbsp;<\/p>\n","protected":false},"excerpt":{"rendered":"<p>Metodologia: Considerando que na presente proposta o curso se compromete com o aprofundamento de estudos especificamente no que tange \u00e0 rela\u00e7\u00e3o entre o papel fundamental [&hellip;]<\/p>\n","protected":false},"author":1081,"featured_media":0,"parent":0,"menu_order":0,"comment_status":"closed","ping_status":"closed","template":"","meta":{"_acf_changed":false,"footnotes":""},"class_list":["post-27","page","type-page","status-publish","hentry"],"acf":[],"_links":{"self":[{"href":"https:\/\/educacao.ufpr.br\/otp\/wp-json\/wp\/v2\/pages\/27","targetHints":{"allow":["GET"]}}],"collection":[{"href":"https:\/\/educacao.ufpr.br\/otp\/wp-json\/wp\/v2\/pages"}],"about":[{"href":"https:\/\/educacao.ufpr.br\/otp\/wp-json\/wp\/v2\/types\/page"}],"author":[{"embeddable":true,"href":"https:\/\/educacao.ufpr.br\/otp\/wp-json\/wp\/v2\/users\/1081"}],"replies":[{"embeddable":true,"href":"https:\/\/educacao.ufpr.br\/otp\/wp-json\/wp\/v2\/comments?post=27"}],"version-history":[{"count":1,"href":"https:\/\/educacao.ufpr.br\/otp\/wp-json\/wp\/v2\/pages\/27\/revisions"}],"predecessor-version":[{"id":28,"href":"https:\/\/educacao.ufpr.br\/otp\/wp-json\/wp\/v2\/pages\/27\/revisions\/28"}],"wp:attachment":[{"href":"https:\/\/educacao.ufpr.br\/otp\/wp-json\/wp\/v2\/media?parent=27"}],"curies":[{"name":"wp","href":"https:\/\/api.w.org\/{rel}","templated":true}]}}