{"id":163,"date":"2022-03-25T19:25:59","date_gmt":"2022-03-25T19:25:59","guid":{"rendered":"https:\/\/educacao.ufpr.br\/pedagogia\/?page_id=163"},"modified":"2025-08-22T16:49:44","modified_gmt":"2025-08-22T16:49:44","slug":"secretaria-e-coordenacao","status":"publish","type":"page","link":"https:\/\/educacao.ufpr.br\/pedagogia\/secretaria-e-coordenacao\/","title":{"rendered":"Secretaria e Coordena\u00e7\u00e3o"},"content":{"rendered":"<p><strong>Coordena\u00e7\u00e3o do Curso:<\/strong> Cassia Alessandra Domiciano e Renata Riva Finatti<\/p>\n<p><strong>Secretaria:<\/strong> Edimara Nascimento, M\u00e1rcio Palmares e Rodrigo Rafael Pereira<\/p>\n<p><strong>Hor\u00e1rio de atendimento da Secretaria: <\/strong>7h30 \u00e0s 21h00<\/p>\n<p><strong>Endere\u00e7o:<\/strong> Rua Gal. Carneiro, 460 &#8211; Ed. D. Pedro I &#8211; 2\u00ba andar &#8211; Campus Reitoria<br \/>\nCEP:80060-150 &#8211; Curitiba-PR<\/p>\n<p><strong>Contato:<\/strong> pedagogia@ufpr.br<\/p>\n<p><strong>Telefone:<\/strong> 3360-5207<\/p>\n","protected":false},"excerpt":{"rendered":"<p>Coordena\u00e7\u00e3o do Curso: Cassia Alessandra Domiciano e Renata Riva Finatti Secretaria: Edimara Nascimento, M\u00e1rcio Palmares e Rodrigo Rafael Pereira Hor\u00e1rio de atendimento da Secretaria: 7h30 [&hellip;]<\/p>\n","protected":false},"author":1075,"featured_media":0,"parent":0,"menu_order":0,"comment_status":"closed","ping_status":"closed","template":"","meta":{"_acf_changed":false,"footnotes":""},"class_list":["post-163","page","type-page","status-publish","hentry"],"acf":[],"_links":{"self":[{"href":"https:\/\/educacao.ufpr.br\/pedagogia\/wp-json\/wp\/v2\/pages\/163","targetHints":{"allow":["GET"]}}],"collection":[{"href":"https:\/\/educacao.ufpr.br\/pedagogia\/wp-json\/wp\/v2\/pages"}],"about":[{"href":"https:\/\/educacao.ufpr.br\/pedagogia\/wp-json\/wp\/v2\/types\/page"}],"author":[{"embeddable":true,"href":"https:\/\/educacao.ufpr.br\/pedagogia\/wp-json\/wp\/v2\/users\/1075"}],"replies":[{"embeddable":true,"href":"https:\/\/educacao.ufpr.br\/pedagogia\/wp-json\/wp\/v2\/comments?post=163"}],"version-history":[{"count":5,"href":"https:\/\/educacao.ufpr.br\/pedagogia\/wp-json\/wp\/v2\/pages\/163\/revisions"}],"predecessor-version":[{"id":1016,"href":"https:\/\/educacao.ufpr.br\/pedagogia\/wp-json\/wp\/v2\/pages\/163\/revisions\/1016"}],"wp:attachment":[{"href":"https:\/\/educacao.ufpr.br\/pedagogia\/wp-json\/wp\/v2\/media?parent=163"}],"curies":[{"name":"wp","href":"https:\/\/api.w.org\/{rel}","templated":true}]}}