{"id":165,"date":"2025-06-17T13:22:07","date_gmt":"2025-06-17T13:22:07","guid":{"rendered":"https:\/\/educacao.ufpr.br\/pedagogia\/?page_id=165"},"modified":"2025-06-17T13:22:07","modified_gmt":"2025-06-17T13:22:07","slug":"colegiado-do-curso","status":"publish","type":"page","link":"https:\/\/educacao.ufpr.br\/pedagogia\/secretaria-e-coordenacao\/colegiado-do-curso\/","title":{"rendered":"COLEGIADO DO CURSO DE PEDAGOGIA"},"content":{"rendered":"<h3><a href=\"https:\/\/educacao.ufpr.br\/pedagogia\/wp-content\/uploads\/sites\/14\/2025\/06\/portaria-colegiado-pedagogia.pdf\" target=\"_blank\" rel=\"noopener\">Portaria N\u00ba 35\/25, de 16 de junho de 2025<\/a>.<\/h3>\n<p>Coordena\u00e7\u00e3o &#8211; Cassia Alessandra Domiciano.<\/p>\n<p>Vice-coordena\u00e7\u00e3o &#8211; Renata Riva Finatti<\/p>\n<p>DEPLAE &#8211; Andrea Barbosa Gouveia; Jamil Cabral Sierra; S\u00f4nia F\u00e1tima Schwendler.<\/p>\n<p>DTFE &#8211; Lennita Oliveira Ruggi;<b> <\/b>Samara Mendes Ara\u00fajo Silva; Viviane Vidal Pereira dos Santos.<\/p>\n<p>DTPEN &#8211; Franciele da Silva dos Anjos Strohhecker; Marcos da Rocha Oliveira; Rebeca Szczawlinska Muceniecks.<\/p>\n<p>Representantes Discentes (CAAT) &#8211; Agnan Siqueira de Oliveira; Anna Carolina Renaud de Alencar e Aleixo; Maria Vitoria Coito de Souza; Vinicius Bonin Alves.<\/p>\n","protected":false},"excerpt":{"rendered":"<p>Portaria N\u00ba 35\/25, de 16 de junho de 2025. Coordena\u00e7\u00e3o &#8211; Cassia Alessandra Domiciano. Vice-coordena\u00e7\u00e3o &#8211; Renata Riva Finatti DEPLAE &#8211; Andrea Barbosa Gouveia; Jamil [&hellip;]<\/p>\n","protected":false},"author":1075,"featured_media":0,"parent":163,"menu_order":1,"comment_status":"closed","ping_status":"closed","template":"","meta":{"_acf_changed":false,"footnotes":""},"class_list":["post-165","page","type-page","status-publish","hentry"],"acf":[],"_links":{"self":[{"href":"https:\/\/educacao.ufpr.br\/pedagogia\/wp-json\/wp\/v2\/pages\/165","targetHints":{"allow":["GET"]}}],"collection":[{"href":"https:\/\/educacao.ufpr.br\/pedagogia\/wp-json\/wp\/v2\/pages"}],"about":[{"href":"https:\/\/educacao.ufpr.br\/pedagogia\/wp-json\/wp\/v2\/types\/page"}],"author":[{"embeddable":true,"href":"https:\/\/educacao.ufpr.br\/pedagogia\/wp-json\/wp\/v2\/users\/1075"}],"replies":[{"embeddable":true,"href":"https:\/\/educacao.ufpr.br\/pedagogia\/wp-json\/wp\/v2\/comments?post=165"}],"version-history":[{"count":18,"href":"https:\/\/educacao.ufpr.br\/pedagogia\/wp-json\/wp\/v2\/pages\/165\/revisions"}],"predecessor-version":[{"id":1000,"href":"https:\/\/educacao.ufpr.br\/pedagogia\/wp-json\/wp\/v2\/pages\/165\/revisions\/1000"}],"up":[{"embeddable":true,"href":"https:\/\/educacao.ufpr.br\/pedagogia\/wp-json\/wp\/v2\/pages\/163"}],"wp:attachment":[{"href":"https:\/\/educacao.ufpr.br\/pedagogia\/wp-json\/wp\/v2\/media?parent=165"}],"curies":[{"name":"wp","href":"https:\/\/api.w.org\/{rel}","templated":true}]}}