{"id":169,"date":"2025-11-11T12:19:10","date_gmt":"2025-11-11T12:19:10","guid":{"rendered":"https:\/\/educacao.ufpr.br\/pedagogia\/?page_id=169"},"modified":"2026-01-09T12:58:48","modified_gmt":"2026-01-09T12:58:48","slug":"comissoes","status":"publish","type":"page","link":"https:\/\/educacao.ufpr.br\/pedagogia\/secretaria-e-coordenacao\/comissoes\/","title":{"rendered":"COMISS\u00d5ES"},"content":{"rendered":"\n<p><a href=\"https:\/\/educacao.ufpr.br\/pedagogia\/wp-content\/uploads\/sites\/14\/2025\/04\/portarias-comissoes-cooped.pdf\" target=\"_blank\" rel=\"noreferrer noopener\">PORTARIA GERAL N\u00ba 21\/25, DE 14 DE ABRIL DE 2025 <\/a><\/p>\n\n\n<h2><strong>COMISS\u00c3O DE ORIENTA\u00c7\u00c3O DE EST\u00c1GIO<\/strong><\/h2>\n<h3><a href=\"https:\/\/educacao.ufpr.br\/pedagogia\/wp-content\/uploads\/sites\/14\/2025\/04\/portaria-coe.pdf\">Portaria N\u00ba 23\/25, de 14 de abril de 2025.<\/a><\/h3>\n<p>Coordena\u00e7\u00e3o \u2013 Cassia Alessandra Domiciano<\/p>\n<p>Vice-Coordena\u00e7\u00e3o &#8211; Renata Riva Finatti<\/p>\n<p>DEPLAE &#8211; Renata Peres Barbosa<\/p>\n<p>DTFE &#8211; Cristina Frutuoso Teixeira; Yanina Micaela Sammarco<\/p>\n<p>DTPEN &#8211; Adriane Knoblauch; \u00c2ngela Maria Scalabrin Coutinho<\/p>\n<h2><strong>COMISS\u00c3O DE ATIVIDADES FORMATIVAS<\/strong><\/h2>\n<h3><a href=\"https:\/\/educacao.ufpr.br\/pedagogia\/wp-content\/uploads\/sites\/14\/2025\/11\/portaria-62-25-comissao-de-atividades-formativas.pdf\" target=\"_blank\" rel=\"noopener\">Portaria N\u00ba 62\/25, de 10 de novembro de 2025<\/a>.<\/h3>\n<p>Coordena\u00e7\u00e3o \u2013 Cassia Alessandra Domiciano<\/p>\n<p>Vice-Coordena\u00e7\u00e3o &#8211; Renata Riva Finatti<\/p>\n<p>DEPLAE &#8211; Luani de Liz Souza; Maria Tereza Carneiro Soares<\/p>\n<p>DTFE &#8211; Bruna Moares Batistelli; Maria de F\u00e1tima Joaquim Minetto<\/p>\n<p>DTPEN &#8211; Jos\u00e9 Carlos Mendon\u00e7a; Nadia Gaiofatto Gon\u00e7alves<\/p>\n<h2><strong>COMISS\u00c3O DE ORIENTA\u00c7\u00c3O ACAD\u00caMICA<\/strong><\/h2>\n<h3><a href=\"https:\/\/educacao.ufpr.br\/pedagogia\/wp-content\/uploads\/sites\/14\/2025\/04\/portaria-coa.pdf\">Portaria N\u00ba 25\/25, de 14 de abril de 2025.<\/a><\/h3>\n<p>Coordena\u00e7\u00e3o \u2013 Cassia Alessandra Domiciano<\/p>\n<p>Vice-Coordena\u00e7\u00e3o &#8211; Renata Riva Finatti<\/p>\n<p>DTPEN -Cristian Carla Aparecida Volski Cassi; Luciane Paiva Alves de Oliveira<\/p>\n<p>DEPLAE &#8211; Lucimar Rosa Dias; Maria Aparecida Zanetti<\/p>\n<p>DTFE &#8211; Carina Catiana Foppa; Jefferson Souza Santos<\/p>\n<h2><strong>COMISS\u00c3O DE TCC<\/strong><\/h2>\n<h3><a href=\"https:\/\/educacao.ufpr.br\/pedagogia\/wp-content\/uploads\/sites\/14\/2026\/01\/sei_7694311_portaria_26_25.pdf\">Portaria N\u00ba 26\/25, de 14 de abril de 2025.<\/a><\/h3>\n<p>Coordena\u00e7\u00e3o \u2013 Cassia Alessandra Domiciano<\/p>\n<p>Vice-Coordena\u00e7\u00e3o &#8211; Renata Riva Finatti<\/p>\n<p>DTPEN &#8211; Dayana Brunetto Carlin dos Santos; Sergio Roberto Chaves Junior<\/p>\n<p>DEPLAE &#8211; Gabriela Schneider<\/p>\n<p>DTFE &#8211; Bruna Moraes Battistelli; Helga Loos-Santana<\/p>\n<p>\u00a0<\/p>","protected":false},"excerpt":{"rendered":"<p>PORTARIA GERAL N\u00ba 21\/25, DE 14 DE ABRIL DE 2025 COMISS\u00c3O DE ORIENTA\u00c7\u00c3O DE EST\u00c1GIO Portaria N\u00ba 23\/25, de 14 de abril de 2025. Coordena\u00e7\u00e3o [&hellip;]<\/p>\n","protected":false},"author":1075,"featured_media":0,"parent":163,"menu_order":3,"comment_status":"closed","ping_status":"closed","template":"","meta":{"_acf_changed":false,"footnotes":""},"class_list":["post-169","page","type-page","status-publish","hentry"],"acf":[],"_links":{"self":[{"href":"https:\/\/educacao.ufpr.br\/pedagogia\/wp-json\/wp\/v2\/pages\/169","targetHints":{"allow":["GET"]}}],"collection":[{"href":"https:\/\/educacao.ufpr.br\/pedagogia\/wp-json\/wp\/v2\/pages"}],"about":[{"href":"https:\/\/educacao.ufpr.br\/pedagogia\/wp-json\/wp\/v2\/types\/page"}],"author":[{"embeddable":true,"href":"https:\/\/educacao.ufpr.br\/pedagogia\/wp-json\/wp\/v2\/users\/1075"}],"replies":[{"embeddable":true,"href":"https:\/\/educacao.ufpr.br\/pedagogia\/wp-json\/wp\/v2\/comments?post=169"}],"version-history":[{"count":23,"href":"https:\/\/educacao.ufpr.br\/pedagogia\/wp-json\/wp\/v2\/pages\/169\/revisions"}],"predecessor-version":[{"id":1049,"href":"https:\/\/educacao.ufpr.br\/pedagogia\/wp-json\/wp\/v2\/pages\/169\/revisions\/1049"}],"up":[{"embeddable":true,"href":"https:\/\/educacao.ufpr.br\/pedagogia\/wp-json\/wp\/v2\/pages\/163"}],"wp:attachment":[{"href":"https:\/\/educacao.ufpr.br\/pedagogia\/wp-json\/wp\/v2\/media?parent=169"}],"curies":[{"name":"wp","href":"https:\/\/api.w.org\/{rel}","templated":true}]}}