{"id":1785,"date":"2025-05-13T14:21:48","date_gmt":"2025-05-13T14:21:48","guid":{"rendered":"https:\/\/educacao.ufpr.br\/sepe\/?page_id=1785"},"modified":"2025-05-22T13:22:02","modified_gmt":"2025-05-22T13:22:02","slug":"publicacoes-de-livros","status":"publish","type":"page","link":"https:\/\/educacao.ufpr.br\/sepe\/publicacoes-de-livros\/","title":{"rendered":"Publica\u00e7\u00f5es de Livros"},"content":{"rendered":"\n<p>SEPE 2025 &#8211; Lan\u00e7amento de publica\u00e7\u00f5es&nbsp;<\/p>\n\n\n<div class=\"wp-block-image\">\n<figure class=\"aligncenter size-full\"><a href=\"https:\/\/educacao.ufpr.br\/sepe\/wp-content\/uploads\/sites\/4\/2025\/05\/image-3.png\"><img fetchpriority=\"high\" decoding=\"async\" width=\"946\" height=\"523\" src=\"https:\/\/educacao.ufpr.br\/sepe\/wp-content\/uploads\/sites\/4\/2025\/05\/image-3.png\" alt=\"\" class=\"wp-image-1814\" srcset=\"https:\/\/educacao.ufpr.br\/sepe\/wp-content\/uploads\/sites\/4\/2025\/05\/image-3.png 946w, https:\/\/educacao.ufpr.br\/sepe\/wp-content\/uploads\/sites\/4\/2025\/05\/image-3-300x166.png 300w, https:\/\/educacao.ufpr.br\/sepe\/wp-content\/uploads\/sites\/4\/2025\/05\/image-3-768x425.png 768w, https:\/\/educacao.ufpr.br\/sepe\/wp-content\/uploads\/sites\/4\/2025\/05\/image-3-145x80.png 145w, https:\/\/educacao.ufpr.br\/sepe\/wp-content\/uploads\/sites\/4\/2025\/05\/image-3-75x41.png 75w\" sizes=\"(max-width: 946px) 100vw, 946px\" \/><\/a><\/figure><\/div>\n\n\n<p>Os dias, hor\u00e1rios e o local em que ocorrer\u00e1 as Publica\u00e7\u00f5es de Livros est\u00e3o inclu\u00eddos no &#8220;CADERNO DE PROGRAMA\u00c7\u00c3O E ENSALMENTO&#8221; e para acess\u00e1-lo clique no banner abaixo:<\/p>\n\n\n<div class=\"wp-block-image\">\n<figure class=\"alignleft size-large\"><a href=\"https:\/\/docs.google.com\/document\/d\/e\/2PACX-1vRwArbe_z6e2On-znQSHVVosf7fikZFNZZTFLJrStra2v4uXWDtriZhP3k-wrd6PoFqQOmIpxE5HSkM\/pub\" target=\"_blank\" rel=\" noreferrer noopener\"><img decoding=\"async\" width=\"1022\" height=\"213\" src=\"https:\/\/educacao.ufpr.br\/sepe\/wp-content\/uploads\/sites\/4\/2025\/05\/programacao_sepe_2025-1-1022x213.gif\" alt=\"\" class=\"wp-image-1863\" srcset=\"https:\/\/educacao.ufpr.br\/sepe\/wp-content\/uploads\/sites\/4\/2025\/05\/programacao_sepe_2025-1-1022x213.gif 1022w, https:\/\/educacao.ufpr.br\/sepe\/wp-content\/uploads\/sites\/4\/2025\/05\/programacao_sepe_2025-1-300x63.gif 300w, https:\/\/educacao.ufpr.br\/sepe\/wp-content\/uploads\/sites\/4\/2025\/05\/programacao_sepe_2025-1-768x160.gif 768w, https:\/\/educacao.ufpr.br\/sepe\/wp-content\/uploads\/sites\/4\/2025\/05\/programacao_sepe_2025-1-144x30.gif 144w, https:\/\/educacao.ufpr.br\/sepe\/wp-content\/uploads\/sites\/4\/2025\/05\/programacao_sepe_2025-1-75x16.gif 75w\" sizes=\"(max-width: 1022px) 100vw, 1022px\" \/><\/a><\/figure><\/div>","protected":false},"excerpt":{"rendered":"<p>SEPE 2025 &#8211; Lan\u00e7amento de publica\u00e7\u00f5es&nbsp; Os dias, hor\u00e1rios e o local em que ocorrer\u00e1 as Publica\u00e7\u00f5es de Livros est\u00e3o inclu\u00eddos no &#8220;CADERNO DE PROGRAMA\u00c7\u00c3O [&hellip;]<\/p>\n","protected":false},"author":1088,"featured_media":0,"parent":0,"menu_order":0,"comment_status":"closed","ping_status":"closed","template":"","meta":{"_acf_changed":false,"footnotes":""},"class_list":["post-1785","page","type-page","status-publish","hentry"],"acf":[],"_links":{"self":[{"href":"https:\/\/educacao.ufpr.br\/sepe\/wp-json\/wp\/v2\/pages\/1785","targetHints":{"allow":["GET"]}}],"collection":[{"href":"https:\/\/educacao.ufpr.br\/sepe\/wp-json\/wp\/v2\/pages"}],"about":[{"href":"https:\/\/educacao.ufpr.br\/sepe\/wp-json\/wp\/v2\/types\/page"}],"author":[{"embeddable":true,"href":"https:\/\/educacao.ufpr.br\/sepe\/wp-json\/wp\/v2\/users\/1088"}],"replies":[{"embeddable":true,"href":"https:\/\/educacao.ufpr.br\/sepe\/wp-json\/wp\/v2\/comments?post=1785"}],"version-history":[{"count":6,"href":"https:\/\/educacao.ufpr.br\/sepe\/wp-json\/wp\/v2\/pages\/1785\/revisions"}],"predecessor-version":[{"id":1877,"href":"https:\/\/educacao.ufpr.br\/sepe\/wp-json\/wp\/v2\/pages\/1785\/revisions\/1877"}],"wp:attachment":[{"href":"https:\/\/educacao.ufpr.br\/sepe\/wp-json\/wp\/v2\/media?parent=1785"}],"curies":[{"name":"wp","href":"https:\/\/api.w.org\/{rel}","templated":true}]}}