{"id":112,"date":"2021-09-09T23:41:40","date_gmt":"2021-09-09T23:41:40","guid":{"rendered":"https:\/\/educacao.ufpr.br\/tessitura\/?page_id=112"},"modified":"2021-09-09T23:42:23","modified_gmt":"2021-09-09T23:42:23","slug":"defesa","status":"publish","type":"page","link":"https:\/\/educacao.ufpr.br\/tessitura\/defesa\/","title":{"rendered":"Defesas"},"content":{"rendered":"<p>Defesa de tese de doutorado<br \/>\nSandra\u00a0Sausen Ferreira dos Santos<br \/>\nDia 24 de setembro \u00e0s 14h (hor\u00e1rio de Bras\u00edlia)<br \/>\nsala virtual:\u00a0<a href=\"https:\/\/meet.google.com\/cam-ezdz-wep\" target=\"_blank\" rel=\"noopener\">https:\/\/meet.google.com\/cam-ezdz-wep<\/a><\/p>\n","protected":false},"excerpt":{"rendered":"<p>Defesa de tese de doutorado Sandra\u00a0Sausen Ferreira dos Santos Dia 24 de setembro \u00e0s 14h (hor\u00e1rio de Bras\u00edlia) sala virtual:\u00a0https:\/\/meet.google.com\/cam-ezdz-wep<\/p>\n","protected":false},"author":1076,"featured_media":0,"parent":0,"menu_order":0,"comment_status":"closed","ping_status":"closed","template":"","meta":{"_acf_changed":false,"footnotes":""},"class_list":["post-112","page","type-page","status-publish","hentry"],"acf":[],"_links":{"self":[{"href":"https:\/\/educacao.ufpr.br\/tessitura\/wp-json\/wp\/v2\/pages\/112","targetHints":{"allow":["GET"]}}],"collection":[{"href":"https:\/\/educacao.ufpr.br\/tessitura\/wp-json\/wp\/v2\/pages"}],"about":[{"href":"https:\/\/educacao.ufpr.br\/tessitura\/wp-json\/wp\/v2\/types\/page"}],"author":[{"embeddable":true,"href":"https:\/\/educacao.ufpr.br\/tessitura\/wp-json\/wp\/v2\/users\/1076"}],"replies":[{"embeddable":true,"href":"https:\/\/educacao.ufpr.br\/tessitura\/wp-json\/wp\/v2\/comments?post=112"}],"version-history":[{"count":2,"href":"https:\/\/educacao.ufpr.br\/tessitura\/wp-json\/wp\/v2\/pages\/112\/revisions"}],"predecessor-version":[{"id":114,"href":"https:\/\/educacao.ufpr.br\/tessitura\/wp-json\/wp\/v2\/pages\/112\/revisions\/114"}],"wp:attachment":[{"href":"https:\/\/educacao.ufpr.br\/tessitura\/wp-json\/wp\/v2\/media?parent=112"}],"curies":[{"name":"wp","href":"https:\/\/api.w.org\/{rel}","templated":true}]}}