{"id":24,"date":"2021-06-07T19:30:52","date_gmt":"2021-06-07T19:30:52","guid":{"rendered":"https:\/\/educacao.ufpr.br\/tessitura\/?page_id=24"},"modified":"2021-06-07T19:30:52","modified_gmt":"2021-06-07T19:30:52","slug":"pesquisa-geral","status":"publish","type":"page","link":"https:\/\/educacao.ufpr.br\/tessitura\/projetos\/pesquisa-geral\/","title":{"rendered":"Pesquisa Geral"},"content":{"rendered":"<p>P\u00e1gina em Constru\u00e7\u00e3o<\/p>\n","protected":false},"excerpt":{"rendered":"<p>P\u00e1gina em Constru\u00e7\u00e3o<\/p>\n","protected":false},"author":1075,"featured_media":0,"parent":22,"menu_order":1,"comment_status":"closed","ping_status":"closed","template":"","meta":{"_acf_changed":false,"footnotes":""},"class_list":["post-24","page","type-page","status-publish","hentry"],"acf":[],"_links":{"self":[{"href":"https:\/\/educacao.ufpr.br\/tessitura\/wp-json\/wp\/v2\/pages\/24","targetHints":{"allow":["GET"]}}],"collection":[{"href":"https:\/\/educacao.ufpr.br\/tessitura\/wp-json\/wp\/v2\/pages"}],"about":[{"href":"https:\/\/educacao.ufpr.br\/tessitura\/wp-json\/wp\/v2\/types\/page"}],"author":[{"embeddable":true,"href":"https:\/\/educacao.ufpr.br\/tessitura\/wp-json\/wp\/v2\/users\/1075"}],"replies":[{"embeddable":true,"href":"https:\/\/educacao.ufpr.br\/tessitura\/wp-json\/wp\/v2\/comments?post=24"}],"version-history":[{"count":1,"href":"https:\/\/educacao.ufpr.br\/tessitura\/wp-json\/wp\/v2\/pages\/24\/revisions"}],"predecessor-version":[{"id":25,"href":"https:\/\/educacao.ufpr.br\/tessitura\/wp-json\/wp\/v2\/pages\/24\/revisions\/25"}],"up":[{"embeddable":true,"href":"https:\/\/educacao.ufpr.br\/tessitura\/wp-json\/wp\/v2\/pages\/22"}],"wp:attachment":[{"href":"https:\/\/educacao.ufpr.br\/tessitura\/wp-json\/wp\/v2\/media?parent=24"}],"curies":[{"name":"wp","href":"https:\/\/api.w.org\/{rel}","templated":true}]}}